{"id":334,"date":"2020-04-12T16:25:16","date_gmt":"2020-04-12T14:25:16","guid":{"rendered":"https:\/\/mn-flex.com\/noviSajt\/about-us-1-copy-2\/"},"modified":"2024-02-05T18:02:32","modified_gmt":"2024-02-05T17:02:32","slug":"ponuda","status":"publish","type":"page","link":"https:\/\/mn-flex.com\/bih\/ponuda\/","title":{"rendered":"Ponuda"},"content":{"rendered":"<div data-elementor-type=\"wp-page\" data-elementor-id=\"334\" class=\"elementor elementor-334\">\n\t\t\t\t\t\t<div class=\"elementor-inner\">\n\t\t\t\t<div class=\"elementor-section-wrap\">\n\t\t\t\t\t\t\t\t\t<section class=\"elementor-section elementor-top-section elementor-element elementor-element-b14cfb3 elementor-section-boxed elementor-section-height-default elementor-section-height-default\" data-id=\"b14cfb3\" data-element_type=\"section\" data-settings=\"{&quot;_ha_eqh_enable&quot;:false}\">\n\t\t\t\t\t\t<div class=\"elementor-container elementor-column-gap-default\">\n\t\t\t\t\t\t\t<div class=\"elementor-row\">\n\t\t\t\t\t<div class=\"elementor-column elementor-col-100 elementor-top-column elementor-element elementor-element-ae83950\" data-id=\"ae83950\" data-element_type=\"column\">\n\t\t\t<div class=\"elementor-column-wrap elementor-element-populated\">\n\t\t\t\t\t\t\t<div class=\"elementor-widget-wrap\">\n\t\t\t\t\t\t<div class=\"elementor-element elementor-element-e9e6efe elementor-widget elementor-widget-services-section\" data-id=\"e9e6efe\" data-element_type=\"widget\" data-widget_type=\"services-section.default\">\n\t\t\t\t<div class=\"elementor-widget-container\">\n\t\t\t\t\t\t<div class=\"section-full  p-t80 p-b50 services-style3\">\n\t\t\t\t<!-- IMAGE CAROUSEL START -->\n\t\t\t\t<div class=\"section-content clearfix\">\n\t\t\t\t\t\t\t\t\t\t\t<div class=\"section-head center wt-small-separator-outer text-center\">\n\t\t\t\t\t\t\t<div class=\"wt-small-separator site-text-primary\">\n\t\t\t\t\t\t\t\t<div class=\"sep-leaf-left\"><\/div>\n\t\t\t\t\t\t\t\t<div>Preko 30 godina uz na\u0161e klijente<\/div>\n\t\t\t\t\t\t\t\t<div class=\"sep-leaf-right\"><\/div>\n\t\t\t\t\t\t\t<\/div>\n\t\t\t\t\t\t\t<h2>Na\u0161e Usluge<\/h2>\n\t\t\t\t\t\t<\/div>\t\n\t\t\t\t\t\t\t\t\t\t\t<div class=\"top-half2-section\">\n\t\t\t\t\t\t<div class=\"row d-flex justify-content-center\">\n\t\t\t\t\t\t\t\t\t\t\t\t\t\t\t<div class=\"col-lg-4 col-md-6 animate_line\">\n\t\t\t\t\t\t\t\t\t<div class=\"service-border-box3 shadow text-center\">\n\t\t\t\t\t\t\t\t\t\t<div class=\"wt-icon-box-wraper bg-white p-tb50 p-lr20\">\n\t\t\t\t\t\t\t\t\t\t\t<div class=\"icon-lg inline-icon\t m-b50\">\n\t\t\t\t\t\t\t\t\t\t\t\t\t\t\t\t\t\t\t\t\t\t\t\t\t<img decoding=\"async\" src=\"https:\/\/mn-flex.com\/wp-content\/uploads\/2022\/09\/excavator.png\" alt=\"img\">\n\t\t\t\t\t\t\t\t\t\t\t\t\t\t\t\t\t\t\t\t\t\t\t\t<\/div>\n\t\t\t\t\t\t\t\t\t\t\t<div class=\"icon-content\">\n\t\t\t\t\t\t\t\t\t\t\t\t<h3 class=\"wt-tilte m-b20\">Hidraulika<\/h3>\n\t\t\t\t\t\t\t\t\t\t\t\t<p><\/p>\n\t\t\t\t\t\t\t\t\t\t\t\t<a href=\"https:\/\/mn-flex.com\/bih\/ponuda\/hidraulika\/\" class=\"site-button-link\">More Detail<\/a>\n\t\t\t\t\t\t\t\t\t\t\t<\/div>\n\t\t\t\t\t\t\t\t\t\t<\/div>\n\t\t\t\t\t\t\t\t\t<\/div>\n\t\t\t\t\t\t\t\t<\/div>\n\t\t\t\t\t\t\t\t\t\t\t\t\t\t\t\t<div class=\"col-lg-4 col-md-6 animate_line\">\n\t\t\t\t\t\t\t\t\t<div class=\"service-border-box3 shadow text-center\">\n\t\t\t\t\t\t\t\t\t\t<div class=\"wt-icon-box-wraper bg-white p-tb50 p-lr20\">\n\t\t\t\t\t\t\t\t\t\t\t<div class=\"icon-lg inline-icon\t m-b50\">\n\t\t\t\t\t\t\t\t\t\t\t\t\t\t\t\t\t\t\t\t\t\t\t\t\t<img decoding=\"async\" src=\"https:\/\/mn-flex.com\/wp-content\/uploads\/2022\/09\/mn-flex-ikonica233.png\" alt=\"img\">\n\t\t\t\t\t\t\t\t\t\t\t\t\t\t\t\t\t\t\t\t\t\t\t\t<\/div>\n\t\t\t\t\t\t\t\t\t\t\t<div class=\"icon-content\">\n\t\t\t\t\t\t\t\t\t\t\t\t<h3 class=\"wt-tilte m-b20\">Pneumatika<\/h3>\n\t\t\t\t\t\t\t\t\t\t\t\t<p><\/p>\n\t\t\t\t\t\t\t\t\t\t\t\t<a href=\"https:\/\/mn-flex.com\/bih\/ponuda\/pneumatika\/\" class=\"site-button-link\">More Detail<\/a>\n\t\t\t\t\t\t\t\t\t\t\t<\/div>\n\t\t\t\t\t\t\t\t\t\t<\/div>\n\t\t\t\t\t\t\t\t\t<\/div>\n\t\t\t\t\t\t\t\t<\/div>\n\t\t\t\t\t\t\t\t\t\t\t\t\t\t\t\t<div class=\"col-lg-4 col-md-6 animate_line\">\n\t\t\t\t\t\t\t\t\t<div class=\"service-border-box3 shadow text-center\">\n\t\t\t\t\t\t\t\t\t\t<div class=\"wt-icon-box-wraper bg-white p-tb50 p-lr20\">\n\t\t\t\t\t\t\t\t\t\t\t<div class=\"icon-lg inline-icon\t m-b50\">\n\t\t\t\t\t\t\t\t\t\t\t\t\t\t\t\t\t\t\t\t\t\t\t\t\t<img decoding=\"async\" src=\"https:\/\/mn-flex.com\/wp-content\/uploads\/2022\/09\/pneumatic.png\" alt=\"img\">\n\t\t\t\t\t\t\t\t\t\t\t\t\t\t\t\t\t\t\t\t\t\t\t\t<\/div>\n\t\t\t\t\t\t\t\t\t\t\t<div class=\"icon-content\">\n\t\t\t\t\t\t\t\t\t\t\t\t<h3 class=\"wt-tilte m-b20\">Hidrauli\u010dni cilindri<\/h3>\n\t\t\t\t\t\t\t\t\t\t\t\t<p><\/p>\n\t\t\t\t\t\t\t\t\t\t\t\t<a href=\"https:\/\/mn-flex.com\/bih\/ponuda\/cilindri\/\" class=\"site-button-link\">More Detail<\/a>\n\t\t\t\t\t\t\t\t\t\t\t<\/div>\n\t\t\t\t\t\t\t\t\t\t<\/div>\n\t\t\t\t\t\t\t\t\t<\/div>\n\t\t\t\t\t\t\t\t<\/div>\n\t\t\t\t\t\t\t\t\t\t\t\t\t\t\t\t<div class=\"col-lg-4 col-md-6 animate_line\">\n\t\t\t\t\t\t\t\t\t<div class=\"service-border-box3 shadow text-center\">\n\t\t\t\t\t\t\t\t\t\t<div class=\"wt-icon-box-wraper bg-white p-tb50 p-lr20\">\n\t\t\t\t\t\t\t\t\t\t\t<div class=\"icon-lg inline-icon\t m-b50\">\n\t\t\t\t\t\t\t\t\t\t\t\t\t\t\t\t\t\t\t\t\t\t\t\t\t<img decoding=\"async\" src=\"https:\/\/mn-flex.com\/wp-content\/uploads\/2022\/09\/water-hose.svg\" alt=\"img\">\n\t\t\t\t\t\t\t\t\t\t\t\t\t\t\t\t\t\t\t\t\t\t\t\t<\/div>\n\t\t\t\t\t\t\t\t\t\t\t<div class=\"icon-content\">\n\t\t\t\t\t\t\t\t\t\t\t\t<h3 class=\"wt-tilte m-b20\">Industrijska crijeva<\/h3>\n\t\t\t\t\t\t\t\t\t\t\t\t<p><\/p>\n\t\t\t\t\t\t\t\t\t\t\t\t<a href=\"https:\/\/mn-flex.com\/bih\/ponuda\/industrijska-crijeva\/\" class=\"site-button-link\">More Detail<\/a>\n\t\t\t\t\t\t\t\t\t\t\t<\/div>\n\t\t\t\t\t\t\t\t\t\t<\/div>\n\t\t\t\t\t\t\t\t\t<\/div>\n\t\t\t\t\t\t\t\t<\/div>\n\t\t\t\t\t\t\t\t\t\t\t\t\t\t\t\t<div class=\"col-lg-4 col-md-6 animate_line\">\n\t\t\t\t\t\t\t\t\t<div class=\"service-border-box3 shadow text-center\">\n\t\t\t\t\t\t\t\t\t\t<div class=\"wt-icon-box-wraper bg-white p-tb50 p-lr20\">\n\t\t\t\t\t\t\t\t\t\t\t<div class=\"icon-lg inline-icon\t m-b50\">\n\t\t\t\t\t\t\t\t\t\t\t\t\t\t\t\t\t\t\t\t\t\t\t\t\t<img decoding=\"async\" src=\"https:\/\/mn-flex.com\/wp-content\/uploads\/2022\/09\/mnflexicon1.png\" alt=\"img\">\n\t\t\t\t\t\t\t\t\t\t\t\t\t\t\t\t\t\t\t\t\t\t\t\t<\/div>\n\t\t\t\t\t\t\t\t\t\t\t<div class=\"icon-content\">\n\t\t\t\t\t\t\t\t\t\t\t\t<h3 class=\"wt-tilte m-b20\">Ma\u0161inska obrada<\/h3>\n\t\t\t\t\t\t\t\t\t\t\t\t<p><\/p>\n\t\t\t\t\t\t\t\t\t\t\t\t<a href=\"https:\/\/mn-flex.com\/bih\/ponuda\/masinska-obrada\/\" class=\"site-button-link\">More Detail<\/a>\n\t\t\t\t\t\t\t\t\t\t\t<\/div>\n\t\t\t\t\t\t\t\t\t\t<\/div>\n\t\t\t\t\t\t\t\t\t<\/div>\n\t\t\t\t\t\t\t\t<\/div>\n\t\t\t\t\t\t\t\t\t\t\t\t\t\t\t\t<div class=\"col-lg-4 col-md-6 animate_line\">\n\t\t\t\t\t\t\t\t\t<div class=\"service-border-box3 shadow text-center\">\n\t\t\t\t\t\t\t\t\t\t<div class=\"wt-icon-box-wraper bg-white p-tb50 p-lr20\">\n\t\t\t\t\t\t\t\t\t\t\t<div class=\"icon-lg inline-icon\t m-b50\">\n\t\t\t\t\t\t\t\t\t\t\t\t\t\t\t\t\t\t\t\t\t\t\t\t\t<img decoding=\"async\" src=\"https:\/\/mn-flex.com\/wp-content\/uploads\/2022\/09\/advanced.svg\" alt=\"img\">\n\t\t\t\t\t\t\t\t\t\t\t\t\t\t\t\t\t\t\t\t\t\t\t\t<\/div>\n\t\t\t\t\t\t\t\t\t\t\t<div class=\"icon-content\">\n\t\t\t\t\t\t\t\t\t\t\t\t<h3 class=\"wt-tilte m-b20\">Termoplasti\u010dni materijali<\/h3>\n\t\t\t\t\t\t\t\t\t\t\t\t<p><\/p>\n\t\t\t\t\t\t\t\t\t\t\t\t<a href=\"https:\/\/mn-flex.com\/bih\/ponuda\/termoplastika-zaptivanje\/\" class=\"site-button-link\">More Detail<\/a>\n\t\t\t\t\t\t\t\t\t\t\t<\/div>\n\t\t\t\t\t\t\t\t\t\t<\/div>\n\t\t\t\t\t\t\t\t\t<\/div>\n\t\t\t\t\t\t\t\t<\/div>\n\t\t\t\t\t\t\t\t\t\t\t\t\t\t<\/div>\n\t\t\t\t\t<\/div>\n\t\t\t\t<\/div>\n\t\t\t<\/div>\n\t\t\t\t\t<\/div>\n\t\t\t\t<\/div>\n\t\t\t\t\t\t<\/div>\n\t\t\t\t\t<\/div>\n\t\t<\/div>\n\t\t\t\t\t\t\t\t<\/div>\n\t\t\t\t\t<\/div>\n\t\t<\/section>\n\t\t\t\t\t\t\t\t\t<\/div>\n\t\t\t<\/div>\n\t\t\t\t\t<\/div>","protected":false},"excerpt":{"rendered":"<p>Preko 30 godina uz na\u0161e klijente Na\u0161e Usluge Hidraulika More Detail Pneumatika More Detail Hidrauli\u010dni cilindri More Detail Industrijska crijeva More Detail Ma\u0161inska obrada More Detail Termoplasti\u010dni materijali More Detail<\/p>","protected":false},"author":1,"featured_media":0,"parent":0,"menu_order":0,"comment_status":"closed","ping_status":"closed","template":"","meta":{"inline_featured_image":false,"_links_to":"","_links_to_target":""},"acf":[],"_links":{"self":[{"href":"https:\/\/mn-flex.com\/bih\/wp-json\/wp\/v2\/pages\/334"}],"collection":[{"href":"https:\/\/mn-flex.com\/bih\/wp-json\/wp\/v2\/pages"}],"about":[{"href":"https:\/\/mn-flex.com\/bih\/wp-json\/wp\/v2\/types\/page"}],"author":[{"embeddable":true,"href":"https:\/\/mn-flex.com\/bih\/wp-json\/wp\/v2\/users\/1"}],"replies":[{"embeddable":true,"href":"https:\/\/mn-flex.com\/bih\/wp-json\/wp\/v2\/comments?post=334"}],"version-history":[{"count":1,"href":"https:\/\/mn-flex.com\/bih\/wp-json\/wp\/v2\/pages\/334\/revisions"}],"predecessor-version":[{"id":6335,"href":"https:\/\/mn-flex.com\/bih\/wp-json\/wp\/v2\/pages\/334\/revisions\/6335"}],"wp:attachment":[{"href":"https:\/\/mn-flex.com\/bih\/wp-json\/wp\/v2\/media?parent=334"}],"curies":[{"name":"wp","href":"https:\/\/api.w.org\/{rel}","templated":true}]}}