{"id":3854,"date":"2023-09-28T19:43:35","date_gmt":"2023-09-28T17:43:35","guid":{"rendered":"https:\/\/mn-flex.com\/noviSajt\/?page_id=3854"},"modified":"2024-01-04T16:21:06","modified_gmt":"2024-01-04T15:21:06","slug":"izrada-novih-cilindara","status":"publish","type":"page","link":"https:\/\/mn-flex.com\/bih\/ponuda\/cilindri\/izrada-novih-cilindara\/","title":{"rendered":"Izrada novih cilindara"},"content":{"rendered":"<div data-elementor-type=\"wp-page\" data-elementor-id=\"3854\" class=\"elementor elementor-3854\">\n\t\t\t\t\t\t<div class=\"elementor-inner\">\n\t\t\t\t<div class=\"elementor-section-wrap\">\n\t\t\t\t\t\t\t\t\t<section class=\"elementor-section elementor-top-section elementor-element elementor-element-b14cfb3 elementor-section-boxed elementor-section-height-default elementor-section-height-default\" data-id=\"b14cfb3\" data-element_type=\"section\" data-settings=\"{&quot;_ha_eqh_enable&quot;:false}\">\n\t\t\t\t\t\t<div class=\"elementor-container elementor-column-gap-default\">\n\t\t\t\t\t\t\t<div class=\"elementor-row\">\n\t\t\t\t\t<div class=\"elementor-column elementor-col-100 elementor-top-column elementor-element elementor-element-ae83950\" data-id=\"ae83950\" data-element_type=\"column\">\n\t\t\t<div class=\"elementor-column-wrap elementor-element-populated\">\n\t\t\t\t\t\t\t<div class=\"elementor-widget-wrap\">\n\t\t\t\t\t\t<div class=\"elementor-element elementor-element-17b937c elementor-widget elementor-widget-fancy-heading\" data-id=\"17b937c\" data-element_type=\"widget\" data-widget_type=\"fancy-heading.default\">\n\t\t\t\t<div class=\"elementor-widget-container\">\n\t\t\t\t\t\n\t\t\t<div class=\"section-head left wt-small-separator-outer\">\n\t\t\t\t\t\t\t\t\t<div class=\"wt-small-separator site-text-primary\">\n\t\t\t\t\t\t<div class=\"sep-leaf-left\"><\/div>\n\t\t\t\t\t\t<div>Hidrauli\u010dni cilindri<\/div>\n\t\t\t\t\t\t<div class=\"sep-leaf-right\"><\/div>\n\t\t\t\t\t<\/div>\t\n\t\t\t\t\t\t\t\t\t\n\t\t\t\t<h2>Izrada novih cilindara<\/h2>\n\t\t\t<\/div>\n\t\t\t\t\t<\/div>\n\t\t\t\t<\/div>\n\t\t\t\t\t\t<\/div>\n\t\t\t\t\t<\/div>\n\t\t<\/div>\n\t\t\t\t\t\t\t\t<\/div>\n\t\t\t\t\t<\/div>\n\t\t<\/section>\n\t\t\t\t<section class=\"elementor-section elementor-top-section elementor-element elementor-element-8f793d1 elementor-section-boxed elementor-section-height-default elementor-section-height-default\" data-id=\"8f793d1\" data-element_type=\"section\" data-settings=\"{&quot;_ha_eqh_enable&quot;:false}\">\n\t\t\t\t\t\t<div class=\"elementor-container elementor-column-gap-default\">\n\t\t\t\t\t\t\t<div class=\"elementor-row\">\n\t\t\t\t\t<div class=\"elementor-column elementor-col-50 elementor-top-column elementor-element elementor-element-a755596\" data-id=\"a755596\" data-element_type=\"column\">\n\t\t\t<div class=\"elementor-column-wrap elementor-element-populated\">\n\t\t\t\t\t\t\t<div class=\"elementor-widget-wrap\">\n\t\t\t\t\t\t<div class=\"elementor-element elementor-element-c0044e1 elementor-widget elementor-widget-image\" data-id=\"c0044e1\" data-element_type=\"widget\" data-widget_type=\"image.default\">\n\t\t\t\t<div class=\"elementor-widget-container\">\n\t\t\t\t\t\t\t\t<div class=\"elementor-image\">\n\t\t\t\t\t\t\t\t\t\t\t\t<img decoding=\"async\" width=\"580\" height=\"357\" src=\"https:\/\/mn-flex.com\/wp-content\/uploads\/2023\/09\/izrada_cilindri_doboj.jpg\" class=\"attachment-large size-large wp-image-3907\" alt=\"\" loading=\"lazy\" srcset=\"https:\/\/mn-flex.com\/wp-content\/uploads\/2023\/09\/izrada_cilindri_doboj.jpg 767w, https:\/\/mn-flex.com\/wp-content\/uploads\/2023\/09\/izrada_cilindri_doboj-300x185.jpg 300w, https:\/\/mn-flex.com\/wp-content\/uploads\/2023\/09\/izrada_cilindri_doboj-18x12.jpg 18w\" sizes=\"(max-width: 580px) 100vw, 580px\" \/>\t\t\t\t\t\t\t\t\t\t\t\t\t\t<\/div>\n\t\t\t\t\t\t<\/div>\n\t\t\t\t<\/div>\n\t\t\t\t<div class=\"elementor-element elementor-element-fae77f0 elementor-widget elementor-widget-image\" data-id=\"fae77f0\" data-element_type=\"widget\" data-widget_type=\"image.default\">\n\t\t\t\t<div class=\"elementor-widget-container\">\n\t\t\t\t\t\t\t\t<div class=\"elementor-image\">\n\t\t\t\t\t\t\t\t\t\t\t\t<img decoding=\"async\" width=\"600\" height=\"375\" src=\"https:\/\/mn-flex.com\/wp-content\/uploads\/2023\/04\/mnflex-doboj2129.jpg\" class=\"attachment-full size-full wp-image-3284\" alt=\"\" loading=\"lazy\" srcset=\"https:\/\/mn-flex.com\/wp-content\/uploads\/2023\/04\/mnflex-doboj2129.jpg 600w, https:\/\/mn-flex.com\/wp-content\/uploads\/2023\/04\/mnflex-doboj2129-300x188.jpg 300w, https:\/\/mn-flex.com\/wp-content\/uploads\/2023\/04\/mnflex-doboj2129-18x12.jpg 18w\" sizes=\"(max-width: 600px) 100vw, 600px\" \/>\t\t\t\t\t\t\t\t\t\t\t\t\t\t<\/div>\n\t\t\t\t\t\t<\/div>\n\t\t\t\t<\/div>\n\t\t\t\t\t\t<\/div>\n\t\t\t\t\t<\/div>\n\t\t<\/div>\n\t\t\t\t<div class=\"elementor-column elementor-col-50 elementor-top-column elementor-element elementor-element-7ac4866\" data-id=\"7ac4866\" data-element_type=\"column\">\n\t\t\t<div class=\"elementor-column-wrap elementor-element-populated\">\n\t\t\t\t\t\t\t<div class=\"elementor-widget-wrap\">\n\t\t\t\t\t\t<div class=\"elementor-element elementor-element-aca2cf1 elementor-widget elementor-widget-text-editor\" data-id=\"aca2cf1\" data-element_type=\"widget\" data-widget_type=\"text-editor.default\">\n\t\t\t\t<div class=\"elementor-widget-container\">\n\t\t\t\t\t\t\t\t<div class=\"elementor-text-editor elementor-clearfix\">\n\t\t\t\t<p><span style=\"font-weight: 400;\">Osim remonta cilindara u na\u0161oj ponudi se nalazi i izrada potpuno novih hidrauli\u010dnih cilindara.<\/span><\/p><p><span style=\"font-weight: 400;\">Bilo po postoje\u0107im crte\u017eima klijenta, po zajedni\u010dkom dizajnu sa klijentom ili po uzorku, ma\u0161inskom obradom kao i izradom zaptivnih elemenata proizvodimo nove hidrauli\u010dne cilindre.<\/span><\/p><p><span style=\"font-weight: 400;\">Prva faza proizvodnje uklju\u010duje izradu cijevi, klipova, zaptivki, priklju\u010daka i drugih komponenata koje \u0107e \u010diniti hidrauli\u010dni cilindar. Materijali koji se koriste u ovom procesu \u010desto su visokokvalitetni \u010delik ili drugi materijali koji su otporni na visoke pritiske i ekstremne uslove rada.<\/span><\/p><p><span style=\"font-weight: 400;\">Nakon izrade dijelova, dolazi faza monta\u017ee. Dijelovi se pa\u017eljivo sastavljaju u kompletan hidrauli\u010dni cilindar. Tokom ovog procesa, posebna pa\u017enja se posve\u0107uje pravilnom zaptivanju i pode\u0161avanju komponenata kako bi se osigurala sigurnost i pouzdanost cilindra.<\/span><\/p><p><span style=\"font-weight: 400;\">Nakon monta\u017ee, slijedi testiranje. Cilindar se podvrgava razli\u010ditim ispitivanjima kako bi se provjerila njegova funkcionalnost, sigurnost i izdr\u017eljivost. Ovo uklju\u010duje ispitivanje pritiska, brzine i zaptivanja odnosno sposobnosti cilindra da obavlja svoju namijenjenu funkciju i ispunjava specifikacije i standarde kvaliteta.<\/span><\/p><p><span style=\"font-weight: 400;\">Osim preciznosti, stru\u010dnosti i pa\u017enji prema detaljima kod nas \u0107ete na\u0107i \u0161irok izbor materijala za klipnja\u010de, klipove i cjevnice kao i uvijek adekvatan izbor zaptivnih elemenata.<\/span><\/p>\t\t\t\t\t<\/div>\n\t\t\t\t\t\t<\/div>\n\t\t\t\t<\/div>\n\t\t\t\t\t\t<\/div>\n\t\t\t\t\t<\/div>\n\t\t<\/div>\n\t\t\t\t\t\t\t\t<\/div>\n\t\t\t\t\t<\/div>\n\t\t<\/section>\n\t\t\t\t<section class=\"elementor-section elementor-top-section elementor-element elementor-element-341146f elementor-section-boxed elementor-section-height-default elementor-section-height-default\" data-id=\"341146f\" data-element_type=\"section\" data-settings=\"{&quot;_ha_eqh_enable&quot;:false}\">\n\t\t\t\t\t\t<div class=\"elementor-container elementor-column-gap-default\">\n\t\t\t\t\t\t\t<div class=\"elementor-row\">\n\t\t\t\t\t<div class=\"elementor-column elementor-col-100 elementor-top-column elementor-element elementor-element-c45c41c\" data-id=\"c45c41c\" data-element_type=\"column\">\n\t\t\t<div class=\"elementor-column-wrap elementor-element-populated\">\n\t\t\t\t\t\t\t<div class=\"elementor-widget-wrap\">\n\t\t\t\t\t\t<div class=\"elementor-element elementor-element-a5f3870 elementor-widget elementor-widget-spacer\" data-id=\"a5f3870\" data-element_type=\"widget\" data-widget_type=\"spacer.default\">\n\t\t\t\t<div class=\"elementor-widget-container\">\n\t\t\t\t\t<div class=\"elementor-spacer\">\n\t\t\t<div class=\"elementor-spacer-inner\"><\/div>\n\t\t<\/div>\n\t\t\t\t<\/div>\n\t\t\t\t<\/div>\n\t\t\t\t<div class=\"elementor-element elementor-element-a76cd33 elementor-widget elementor-widget-fancy-heading\" data-id=\"a76cd33\" data-element_type=\"widget\" data-widget_type=\"fancy-heading.default\">\n\t\t\t\t<div class=\"elementor-widget-container\">\n\t\t\t\t\t\n\t\t\t<div class=\"section-head left wt-small-separator-outer\">\n\t\t\t\t\t\t\t\t\t<div class=\"wt-small-separator site-text-primary\">\n\t\t\t\t\t\t<div class=\"sep-leaf-left\"><\/div>\n\t\t\t\t\t\t<div>Pogledajte tako\u0111e<\/div>\n\t\t\t\t\t\t<div class=\"sep-leaf-right\"><\/div>\n\t\t\t\t\t<\/div>\t\n\t\t\t\t\t\t\t\t\t\n\t\t\t\t<h2><\/h2>\n\t\t\t<\/div>\n\t\t\t\t\t<\/div>\n\t\t\t\t<\/div>\n\t\t\t\t\t\t<\/div>\n\t\t\t\t\t<\/div>\n\t\t<\/div>\n\t\t\t\t\t\t\t\t<\/div>\n\t\t\t\t\t<\/div>\n\t\t<\/section>\n\t\t\t\t<section class=\"elementor-section elementor-top-section elementor-element elementor-element-5fbf4c0 elementor-section-boxed elementor-section-height-default elementor-section-height-default\" data-id=\"5fbf4c0\" data-element_type=\"section\" data-settings=\"{&quot;_ha_eqh_enable&quot;:false}\">\n\t\t\t\t\t\t<div class=\"elementor-container elementor-column-gap-default\">\n\t\t\t\t\t\t\t<div class=\"elementor-row\">\n\t\t\t\t\t<div class=\"elementor-column elementor-col-33 elementor-top-column elementor-element elementor-element-c28796c\" data-id=\"c28796c\" data-element_type=\"column\">\n\t\t\t<div class=\"elementor-column-wrap elementor-element-populated\">\n\t\t\t\t\t\t\t<div class=\"elementor-widget-wrap\">\n\t\t\t\t\t\t<div class=\"elementor-element elementor-element-4fd97cb elementor-widget elementor-widget-ha-creative-button happy-addon ha-creative-button\" data-id=\"4fd97cb\" data-element_type=\"widget\" data-widget_type=\"ha-creative-button.default\">\n\t\t\t\t<div class=\"elementor-widget-container\">\n\t\t\t\t\t<div data-magnetic=\"no\" class=\"ha-creative-btn-wrap\">\n\t\t\t<a class=\"ha-creative-btn ha-stl--hermosa ha-eft--exploit\" href=\"https:\/\/mn-flex.com\/bih\/cilindri\/remont-cilindara\/\" rel=\"nofollow\"><span>Remont cilindara<\/span><\/a>\n\t\t<\/div>\t\t<\/div>\n\t\t\t\t<\/div>\n\t\t\t\t\t\t<\/div>\n\t\t\t\t\t<\/div>\n\t\t<\/div>\n\t\t\t\t<div class=\"elementor-column elementor-col-33 elementor-top-column elementor-element elementor-element-6e71c7e\" data-id=\"6e71c7e\" data-element_type=\"column\">\n\t\t\t<div class=\"elementor-column-wrap elementor-element-populated\">\n\t\t\t\t\t\t\t<div class=\"elementor-widget-wrap\">\n\t\t\t\t\t\t<div class=\"elementor-element elementor-element-e4d7623 elementor-widget elementor-widget-ha-creative-button happy-addon ha-creative-button\" data-id=\"e4d7623\" data-element_type=\"widget\" data-widget_type=\"ha-creative-button.default\">\n\t\t\t\t<div class=\"elementor-widget-container\">\n\t\t\t\t\t<div data-magnetic=\"no\" class=\"ha-creative-btn-wrap\">\n\t\t\t<a class=\"ha-creative-btn ha-stl--hermosa ha-eft--exploit\" href=\"https:\/\/mn-flex.com\/bih\/cilindri\/izrada-novih-cilindara\/\" rel=\"nofollow\"><span>Izrada novih cilindara<\/span><\/a>\n\t\t<\/div>\t\t<\/div>\n\t\t\t\t<\/div>\n\t\t\t\t\t\t<\/div>\n\t\t\t\t\t<\/div>\n\t\t<\/div>\n\t\t\t\t<div class=\"elementor-column elementor-col-33 elementor-top-column elementor-element elementor-element-555a836\" data-id=\"555a836\" data-element_type=\"column\">\n\t\t\t<div class=\"elementor-column-wrap elementor-element-populated\">\n\t\t\t\t\t\t\t<div class=\"elementor-widget-wrap\">\n\t\t\t\t\t\t<div class=\"elementor-element elementor-element-03dd0fb elementor-widget elementor-widget-ha-creative-button happy-addon ha-creative-button\" data-id=\"03dd0fb\" data-element_type=\"widget\" data-widget_type=\"ha-creative-button.default\">\n\t\t\t\t<div class=\"elementor-widget-container\">\n\t\t\t\t\t<div data-magnetic=\"no\" class=\"ha-creative-btn-wrap\">\n\t\t\t<a class=\"ha-creative-btn ha-stl--hermosa ha-eft--exploit\" href=\"https:\/\/mn-flex.com\/bih\/cilindri\/zaptivke-za-cilindre\/\" rel=\"nofollow\"><span>Zaptivke za cilindre<\/span><\/a>\n\t\t<\/div>\t\t<\/div>\n\t\t\t\t<\/div>\n\t\t\t\t\t\t<\/div>\n\t\t\t\t\t<\/div>\n\t\t<\/div>\n\t\t\t\t\t\t\t\t<\/div>\n\t\t\t\t\t<\/div>\n\t\t<\/section>\n\t\t\t\t\t\t\t\t\t<\/div>\n\t\t\t<\/div>\n\t\t\t\t\t<\/div>","protected":false},"excerpt":{"rendered":"<p>Hidrauli\u010dni cilindri Izrada novih cilindara Osim remonta cilindara u na\u0161oj ponudi se nalazi i izrada potpuno novih hidrauli\u010dnih cilindara. Bilo po postoje\u0107im crte\u017eima klijenta, po zajedni\u010dkom dizajnu sa klijentom ili po uzorku, ma\u0161inskom obradom kao i izradom zaptivnih elemenata proizvodimo nove hidrauli\u010dne cilindre. Prva faza proizvodnje uklju\u010duje izradu cijevi, klipova, zaptivki, priklju\u010daka i drugih komponenata [&hellip;]<\/p>","protected":false},"author":4,"featured_media":0,"parent":3271,"menu_order":0,"comment_status":"closed","ping_status":"closed","template":"","meta":{"inline_featured_image":false,"_links_to":"","_links_to_target":""},"acf":[],"_links":{"self":[{"href":"https:\/\/mn-flex.com\/bih\/wp-json\/wp\/v2\/pages\/3854"}],"collection":[{"href":"https:\/\/mn-flex.com\/bih\/wp-json\/wp\/v2\/pages"}],"about":[{"href":"https:\/\/mn-flex.com\/bih\/wp-json\/wp\/v2\/types\/page"}],"author":[{"embeddable":true,"href":"https:\/\/mn-flex.com\/bih\/wp-json\/wp\/v2\/users\/4"}],"replies":[{"embeddable":true,"href":"https:\/\/mn-flex.com\/bih\/wp-json\/wp\/v2\/comments?post=3854"}],"version-history":[{"count":0,"href":"https:\/\/mn-flex.com\/bih\/wp-json\/wp\/v2\/pages\/3854\/revisions"}],"up":[{"embeddable":true,"href":"https:\/\/mn-flex.com\/bih\/wp-json\/wp\/v2\/pages\/3271"}],"wp:attachment":[{"href":"https:\/\/mn-flex.com\/bih\/wp-json\/wp\/v2\/media?parent=3854"}],"curies":[{"name":"wp","href":"https:\/\/api.w.org\/{rel}","templated":true}]}}