{"id":4506,"date":"2023-10-10T10:01:36","date_gmt":"2023-10-10T08:01:36","guid":{"rendered":"https:\/\/mn-flex.com\/noviSajt\/?page_id=4506"},"modified":"2024-02-15T15:09:53","modified_gmt":"2024-02-15T14:09:53","slug":"pneumatske-komponente","status":"publish","type":"page","link":"https:\/\/mn-flex.com\/bih\/ponuda\/pneumatika\/pneumatske-komponente\/","title":{"rendered":"Priprema vazduha i upravljanje"},"content":{"rendered":"<div data-elementor-type=\"wp-page\" data-elementor-id=\"4506\" class=\"elementor elementor-4506\">\n\t\t\t\t\t\t<div class=\"elementor-inner\">\n\t\t\t\t<div class=\"elementor-section-wrap\">\n\t\t\t\t\t\t\t\t\t<section class=\"elementor-section elementor-top-section elementor-element elementor-element-6d57b3e elementor-section-boxed elementor-section-height-default elementor-section-height-default\" data-id=\"6d57b3e\" data-element_type=\"section\" data-settings=\"{&quot;_ha_eqh_enable&quot;:false}\">\n\t\t\t\t\t\t<div class=\"elementor-container elementor-column-gap-default\">\n\t\t\t\t\t\t\t<div class=\"elementor-row\">\n\t\t\t\t\t<div class=\"elementor-column elementor-col-100 elementor-top-column elementor-element elementor-element-4f838b3\" data-id=\"4f838b3\" data-element_type=\"column\" id=\"hidraulika2\">\n\t\t\t<div class=\"elementor-column-wrap elementor-element-populated\">\n\t\t\t\t\t\t\t<div class=\"elementor-widget-wrap\">\n\t\t\t\t\t\t<div class=\"elementor-element elementor-element-bb97cbc elementor-widget elementor-widget-spacer\" data-id=\"bb97cbc\" data-element_type=\"widget\" data-widget_type=\"spacer.default\">\n\t\t\t\t<div class=\"elementor-widget-container\">\n\t\t\t\t\t<div class=\"elementor-spacer\">\n\t\t\t<div class=\"elementor-spacer-inner\"><\/div>\n\t\t<\/div>\n\t\t\t\t<\/div>\n\t\t\t\t<\/div>\n\t\t\t\t<div class=\"elementor-element elementor-element-0e3f777 elementor-widget elementor-widget-text-editor\" data-id=\"0e3f777\" data-element_type=\"widget\" data-widget_type=\"text-editor.default\">\n\t\t\t\t<div class=\"elementor-widget-container\">\n\t\t\t\t\t\t\t\t<div class=\"elementor-text-editor elementor-clearfix\">\n\t\t\t\t<p>Elimini\u0161ite ne\u010disto\u0107e, vlagu i ne\u017eeljene \u010destice iz va\u0161eg pneumatskog sistema uz pomo\u0107 pripremnih grupa. Ova tehnologija osigurava suv u \u010dist vazduh, dugotrajnost va\u0161ih pneumatskih komponenti i smanjuje rizik od kvarova. Tako\u0111e, na\u0161a \u0161iroka ponuda ventila omogu\u0107uje precizno upravljanje protokom zraka, brze promjene stanja i besprijekornu kontrolu nad svakim dijelom va\u0161eg pneumatskog sistema.<\/p>\t\t\t\t\t<\/div>\n\t\t\t\t\t\t<\/div>\n\t\t\t\t<\/div>\n\t\t\t\t\t\t<\/div>\n\t\t\t\t\t<\/div>\n\t\t<\/div>\n\t\t\t\t\t\t\t\t<\/div>\n\t\t\t\t\t<\/div>\n\t\t<\/section>\n\t\t\t\t<section class=\"elementor-section elementor-top-section elementor-element elementor-element-398d599 elementor-section-boxed elementor-section-height-default elementor-section-height-default\" data-id=\"398d599\" data-element_type=\"section\" data-settings=\"{&quot;_ha_eqh_enable&quot;:false}\">\n\t\t\t\t\t\t<div class=\"elementor-container elementor-column-gap-default\">\n\t\t\t\t\t\t\t<div class=\"elementor-row\">\n\t\t\t\t\t<div class=\"elementor-column elementor-col-33 elementor-top-column elementor-element elementor-element-0ac0595\" data-id=\"0ac0595\" data-element_type=\"column\">\n\t\t\t<div class=\"elementor-column-wrap elementor-element-populated\">\n\t\t\t\t\t\t\t<div class=\"elementor-widget-wrap\">\n\t\t\t\t\t\t<div class=\"elementor-element elementor-element-c6198fe elementor-widget elementor-widget-image\" data-id=\"c6198fe\" data-element_type=\"widget\" data-widget_type=\"image.default\">\n\t\t\t\t<div class=\"elementor-widget-container\">\n\t\t\t\t\t\t\t\t<div class=\"elementor-image\">\n\t\t\t\t\t\t\t\t\t\t\t\t<img decoding=\"async\" width=\"1200\" height=\"1000\" src=\"https:\/\/mn-flex.com\/wp-content\/uploads\/2023\/10\/Priprema-vazduha-mnflex.jpg\" class=\"attachment-full size-full wp-image-4862\" alt=\"\" loading=\"lazy\" srcset=\"https:\/\/mn-flex.com\/wp-content\/uploads\/2023\/10\/Priprema-vazduha-mnflex.jpg 1200w, https:\/\/mn-flex.com\/wp-content\/uploads\/2023\/10\/Priprema-vazduha-mnflex-300x250.jpg 300w, https:\/\/mn-flex.com\/wp-content\/uploads\/2023\/10\/Priprema-vazduha-mnflex-1024x853.jpg 1024w, https:\/\/mn-flex.com\/wp-content\/uploads\/2023\/10\/Priprema-vazduha-mnflex-768x640.jpg 768w, https:\/\/mn-flex.com\/wp-content\/uploads\/2023\/10\/Priprema-vazduha-mnflex-14x12.jpg 14w\" sizes=\"(max-width: 1200px) 100vw, 1200px\" \/>\t\t\t\t\t\t\t\t\t\t\t\t\t\t<\/div>\n\t\t\t\t\t\t<\/div>\n\t\t\t\t<\/div>\n\t\t\t\t\t\t<\/div>\n\t\t\t\t\t<\/div>\n\t\t<\/div>\n\t\t\t\t<div class=\"elementor-column elementor-col-66 elementor-top-column elementor-element elementor-element-88576e8\" data-id=\"88576e8\" data-element_type=\"column\">\n\t\t\t<div class=\"elementor-column-wrap elementor-element-populated\">\n\t\t\t\t\t\t\t<div class=\"elementor-widget-wrap\">\n\t\t\t\t\t\t<div class=\"elementor-element elementor-element-3d237ae elementor-widget elementor-widget-fancy-heading\" data-id=\"3d237ae\" data-element_type=\"widget\" data-widget_type=\"fancy-heading.default\">\n\t\t\t\t<div class=\"elementor-widget-container\">\n\t\t\t\t\t\n\t\t\t<div class=\"section-head left wt-small-separator-outer\">\n\t\t\t\t\t\t\t\t\n\t\t\t\t<h2>Priprema vazduha<\/h2>\n\t\t\t<\/div>\n\t\t\t\t\t<\/div>\n\t\t\t\t<\/div>\n\t\t\t\t<div class=\"elementor-element elementor-element-53d675c elementor-widget elementor-widget-text-editor\" data-id=\"53d675c\" data-element_type=\"widget\" data-widget_type=\"text-editor.default\">\n\t\t\t\t<div class=\"elementor-widget-container\">\n\t\t\t\t\t\t\t\t<div class=\"elementor-text-editor elementor-clearfix\">\n\t\t\t\t<p class=\" translation-block\"><span style=\"font-weight: 400;\">Komponente za pripremu vazduha, poput filtera, regulatora i uljnih separatora, koriste se za pripremu zraka prije nego \u0161to u\u0111e u pneumatski sistem. Filteri uklanjaju \u010destice, pra\u0161inu i druge ne\u010disto\u0107e iz vazduha, dok regulatori kontroli\u0161u pritisak zraka. Uljni separatori se koriste za uklanjanje ulja iz vazduha kako bi se sprije\u010dilo o\u0161te\u0107enje pneumatskih komponenti. <\/span><span style=\"font-weight: 400;\">U na\u0161oj ponudi mo\u017eete prona\u010bi kompletne pripremne grupe, koje obuhvataju filtere, regulatore pritiska i zauljiva\u010de, kako pojedina\u010dno tako i njhove me\u0111usobne kombinacije, za razli\u010ditim stepenima filtracije i regulacije prema potrebama kupaca.<\/span><\/p>\t\t\t\t\t<\/div>\n\t\t\t\t\t\t<\/div>\n\t\t\t\t<\/div>\n\t\t\t\t<div class=\"elementor-element elementor-element-247bba3 elementor-widget elementor-widget-ha-creative-button happy-addon ha-creative-button\" data-id=\"247bba3\" data-element_type=\"widget\" data-widget_type=\"ha-creative-button.default\">\n\t\t\t\t<div class=\"elementor-widget-container\">\n\t\t\t\t\t<div data-magnetic=\"no\" class=\"ha-creative-btn-wrap\">\n\t\t\t<a class=\"ha-creative-btn ha-stl--hermosa ha-eft--exploit\" href=\"https:\/\/mn-flex.com\/wp-content\/uploads\/2024\/02\/Priprema-vazduha-MN-Flex.pdf\" target=\"_blank\" rel=\"nofollow\"><span>Pogledaj katalog<\/span><\/a>\n\t\t<\/div>\t\t<\/div>\n\t\t\t\t<\/div>\n\t\t\t\t\t\t<\/div>\n\t\t\t\t\t<\/div>\n\t\t<\/div>\n\t\t\t\t\t\t\t\t<\/div>\n\t\t\t\t\t<\/div>\n\t\t<\/section>\n\t\t\t\t<section class=\"elementor-section elementor-top-section elementor-element elementor-element-f48f230 elementor-section-boxed elementor-section-height-default elementor-section-height-default\" data-id=\"f48f230\" data-element_type=\"section\" data-settings=\"{&quot;_ha_eqh_enable&quot;:false}\">\n\t\t\t\t\t\t<div class=\"elementor-container elementor-column-gap-default\">\n\t\t\t\t\t\t\t<div class=\"elementor-row\">\n\t\t\t\t\t<div class=\"elementor-column elementor-col-33 elementor-top-column elementor-element elementor-element-a7bbb18\" data-id=\"a7bbb18\" data-element_type=\"column\">\n\t\t\t<div class=\"elementor-column-wrap elementor-element-populated\">\n\t\t\t\t\t\t\t<div class=\"elementor-widget-wrap\">\n\t\t\t\t\t\t<div class=\"elementor-element elementor-element-9205994 elementor-widget elementor-widget-image\" data-id=\"9205994\" data-element_type=\"widget\" data-widget_type=\"image.default\">\n\t\t\t\t<div class=\"elementor-widget-container\">\n\t\t\t\t\t\t\t\t<div class=\"elementor-image\">\n\t\t\t\t\t\t\t\t\t\t\t\t<img decoding=\"async\" width=\"580\" height=\"483\" src=\"https:\/\/mn-flex.com\/wp-content\/uploads\/2023\/10\/pneumatskiventili-1024x853.jpg\" class=\"attachment-large size-large wp-image-5034\" alt=\"\" loading=\"lazy\" srcset=\"https:\/\/mn-flex.com\/wp-content\/uploads\/2023\/10\/pneumatskiventili-1024x853.jpg 1024w, https:\/\/mn-flex.com\/wp-content\/uploads\/2023\/10\/pneumatskiventili-300x250.jpg 300w, https:\/\/mn-flex.com\/wp-content\/uploads\/2023\/10\/pneumatskiventili-768x640.jpg 768w, https:\/\/mn-flex.com\/wp-content\/uploads\/2023\/10\/pneumatskiventili-14x12.jpg 14w, https:\/\/mn-flex.com\/wp-content\/uploads\/2023\/10\/pneumatskiventili.jpg 1200w\" sizes=\"(max-width: 580px) 100vw, 580px\" \/>\t\t\t\t\t\t\t\t\t\t\t\t\t\t<\/div>\n\t\t\t\t\t\t<\/div>\n\t\t\t\t<\/div>\n\t\t\t\t\t\t<\/div>\n\t\t\t\t\t<\/div>\n\t\t<\/div>\n\t\t\t\t<div class=\"elementor-column elementor-col-66 elementor-top-column elementor-element elementor-element-934cfbe\" data-id=\"934cfbe\" data-element_type=\"column\">\n\t\t\t<div class=\"elementor-column-wrap elementor-element-populated\">\n\t\t\t\t\t\t\t<div class=\"elementor-widget-wrap\">\n\t\t\t\t\t\t<div class=\"elementor-element elementor-element-b6a58fc elementor-widget elementor-widget-fancy-heading\" data-id=\"b6a58fc\" data-element_type=\"widget\" data-widget_type=\"fancy-heading.default\">\n\t\t\t\t<div class=\"elementor-widget-container\">\n\t\t\t\t\t\n\t\t\t<div class=\"section-head left wt-small-separator-outer\">\n\t\t\t\t\t\t\t\t\n\t\t\t\t<h2>Ventili<\/h2>\n\t\t\t<\/div>\n\t\t\t\t\t<\/div>\n\t\t\t\t<\/div>\n\t\t\t\t<div class=\"elementor-element elementor-element-d7d5cde elementor-widget elementor-widget-text-editor\" data-id=\"d7d5cde\" data-element_type=\"widget\" data-widget_type=\"text-editor.default\">\n\t\t\t\t<div class=\"elementor-widget-container\">\n\t\t\t\t\t\t\t\t<div class=\"elementor-text-editor elementor-clearfix\">\n\t\t\t\t<p><span style=\"font-weight: 400;\">U ponudi su razli\u010dite vrste mehani\u010dkih, pneumatskih i elektromagnetnih ventila, kao i njihove razli\u010dite kombinacije, proizvo\u0111a\u010da Aignep i Camozzi. Ventili su dostupni u razli\u010ditim veli\u010dinama i konfiguracijama, kako bi se zadovoljile razli\u010dite potrebe i primjene.<\/span><\/p><p><span style=\"font-weight: 400;\">Ventili drugih proizvo\u0111a\u010da na zahtjev kupca.<\/span><\/p>\t\t\t\t\t<\/div>\n\t\t\t\t\t\t<\/div>\n\t\t\t\t<\/div>\n\t\t\t\t<div class=\"elementor-element elementor-element-39c2bf0 elementor-widget elementor-widget-ha-creative-button happy-addon ha-creative-button\" data-id=\"39c2bf0\" data-element_type=\"widget\" data-widget_type=\"ha-creative-button.default\">\n\t\t\t\t<div class=\"elementor-widget-container\">\n\t\t\t\t\t<div data-magnetic=\"no\" class=\"ha-creative-btn-wrap\">\n\t\t\t<a class=\"ha-creative-btn ha-stl--hermosa ha-eft--exploit\" href=\"https:\/\/mn-flex.com\/wp-content\/uploads\/2024\/02\/Pneumatski-ventili-MN-Flex.pdf\" target=\"_blank\" rel=\"nofollow\"><span>Pogledaj katalog<\/span><\/a>\n\t\t<\/div>\t\t<\/div>\n\t\t\t\t<\/div>\n\t\t\t\t\t\t<\/div>\n\t\t\t\t\t<\/div>\n\t\t<\/div>\n\t\t\t\t\t\t\t\t<\/div>\n\t\t\t\t\t<\/div>\n\t\t<\/section>\n\t\t\t\t<section class=\"elementor-section elementor-top-section elementor-element elementor-element-e123d3f elementor-section-boxed elementor-section-height-default elementor-section-height-default\" data-id=\"e123d3f\" data-element_type=\"section\" data-settings=\"{&quot;_ha_eqh_enable&quot;:false}\">\n\t\t\t\t\t\t<div class=\"elementor-container elementor-column-gap-default\">\n\t\t\t\t\t\t\t<div class=\"elementor-row\">\n\t\t\t\t\t<div class=\"elementor-column elementor-col-100 elementor-top-column elementor-element elementor-element-744fddf\" data-id=\"744fddf\" data-element_type=\"column\">\n\t\t\t<div class=\"elementor-column-wrap elementor-element-populated\">\n\t\t\t\t\t\t\t<div class=\"elementor-widget-wrap\">\n\t\t\t\t\t\t<div class=\"elementor-element elementor-element-81db802 elementor-widget elementor-widget-spacer\" data-id=\"81db802\" data-element_type=\"widget\" data-widget_type=\"spacer.default\">\n\t\t\t\t<div class=\"elementor-widget-container\">\n\t\t\t\t\t<div class=\"elementor-spacer\">\n\t\t\t<div class=\"elementor-spacer-inner\"><\/div>\n\t\t<\/div>\n\t\t\t\t<\/div>\n\t\t\t\t<\/div>\n\t\t\t\t<div class=\"elementor-element elementor-element-76ecab0 elementor-widget elementor-widget-fancy-heading\" data-id=\"76ecab0\" data-element_type=\"widget\" data-widget_type=\"fancy-heading.default\">\n\t\t\t\t<div class=\"elementor-widget-container\">\n\t\t\t\t\t\n\t\t\t<div class=\"section-head left wt-small-separator-outer\">\n\t\t\t\t\t\t\t\t\t<div class=\"wt-small-separator site-text-primary\">\n\t\t\t\t\t\t<div class=\"sep-leaf-left\"><\/div>\n\t\t\t\t\t\t<div>Pogledajte tako\u0111e<\/div>\n\t\t\t\t\t\t<div class=\"sep-leaf-right\"><\/div>\n\t\t\t\t\t<\/div>\t\n\t\t\t\t\t\t\t\t\t\n\t\t\t\t<h2><\/h2>\n\t\t\t<\/div>\n\t\t\t\t\t<\/div>\n\t\t\t\t<\/div>\n\t\t\t\t\t\t<\/div>\n\t\t\t\t\t<\/div>\n\t\t<\/div>\n\t\t\t\t\t\t\t\t<\/div>\n\t\t\t\t\t<\/div>\n\t\t<\/section>\n\t\t\t\t<section class=\"elementor-section elementor-top-section elementor-element elementor-element-9a35f7c elementor-section-boxed elementor-section-height-default elementor-section-height-default\" data-id=\"9a35f7c\" data-element_type=\"section\" data-settings=\"{&quot;_ha_eqh_enable&quot;:false}\">\n\t\t\t\t\t\t<div class=\"elementor-container elementor-column-gap-default\">\n\t\t\t\t\t\t\t<div class=\"elementor-row\">\n\t\t\t\t\t<div class=\"elementor-column elementor-col-33 elementor-top-column elementor-element elementor-element-bc610f7\" data-id=\"bc610f7\" data-element_type=\"column\">\n\t\t\t<div class=\"elementor-column-wrap elementor-element-populated\">\n\t\t\t\t\t\t\t<div class=\"elementor-widget-wrap\">\n\t\t\t\t\t\t<div class=\"elementor-element elementor-element-6486048 elementor-widget elementor-widget-ha-creative-button happy-addon ha-creative-button\" data-id=\"6486048\" data-element_type=\"widget\" data-widget_type=\"ha-creative-button.default\">\n\t\t\t\t<div class=\"elementor-widget-container\">\n\t\t\t\t\t<div data-magnetic=\"no\" class=\"ha-creative-btn-wrap\">\n\t\t\t<a class=\"ha-creative-btn ha-stl--hermosa ha-eft--exploit\" href=\"https:\/\/mn-flex.com\/bih\/pneumatika\/pneumatska-crijeva\/\" rel=\"nofollow\"><span>Pneumatska crijeva &amp; Priklju\u010dci<\/span><\/a>\n\t\t<\/div>\t\t<\/div>\n\t\t\t\t<\/div>\n\t\t\t\t\t\t<\/div>\n\t\t\t\t\t<\/div>\n\t\t<\/div>\n\t\t\t\t<div class=\"elementor-column elementor-col-33 elementor-top-column elementor-element elementor-element-0f0e03a\" data-id=\"0f0e03a\" data-element_type=\"column\">\n\t\t\t<div class=\"elementor-column-wrap elementor-element-populated\">\n\t\t\t\t\t\t\t<div class=\"elementor-widget-wrap\">\n\t\t\t\t\t\t<div class=\"elementor-element elementor-element-114142f elementor-widget elementor-widget-ha-creative-button happy-addon ha-creative-button\" data-id=\"114142f\" data-element_type=\"widget\" data-widget_type=\"ha-creative-button.default\">\n\t\t\t\t<div class=\"elementor-widget-container\">\n\t\t\t\t\t<div data-magnetic=\"no\" class=\"ha-creative-btn-wrap\">\n\t\t\t<a class=\"ha-creative-btn ha-stl--hermosa ha-eft--exploit\" href=\"https:\/\/mn-flex.com\/bih\/pneumatika\/prikljucci\/\" rel=\"nofollow\"><span>Pneumatski cilindri i pribor za pneumatiku<\/span><\/a>\n\t\t<\/div>\t\t<\/div>\n\t\t\t\t<\/div>\n\t\t\t\t\t\t<\/div>\n\t\t\t\t\t<\/div>\n\t\t<\/div>\n\t\t\t\t<div class=\"elementor-column elementor-col-33 elementor-top-column elementor-element elementor-element-2e1d6c6\" data-id=\"2e1d6c6\" data-element_type=\"column\">\n\t\t\t<div class=\"elementor-column-wrap elementor-element-populated\">\n\t\t\t\t\t\t\t<div class=\"elementor-widget-wrap\">\n\t\t\t\t\t\t<div class=\"elementor-element elementor-element-5690c0d elementor-widget elementor-widget-ha-creative-button happy-addon ha-creative-button\" data-id=\"5690c0d\" data-element_type=\"widget\" data-widget_type=\"ha-creative-button.default\">\n\t\t\t\t<div class=\"elementor-widget-container\">\n\t\t\t\t\t<div data-magnetic=\"no\" class=\"ha-creative-btn-wrap\">\n\t\t\t<a class=\"ha-creative-btn ha-stl--hermosa ha-eft--exploit\" href=\"https:\/\/mn-flex.com\/bih\/pneumatika\/pneumatske-komponente\/\" rel=\"nofollow\"><span>Priprema vazduha i upravljanje<\/span><\/a>\n\t\t<\/div>\t\t<\/div>\n\t\t\t\t<\/div>\n\t\t\t\t\t\t<\/div>\n\t\t\t\t\t<\/div>\n\t\t<\/div>\n\t\t\t\t\t\t\t\t<\/div>\n\t\t\t\t\t<\/div>\n\t\t<\/section>\n\t\t\t\t\t\t\t\t\t<\/div>\n\t\t\t<\/div>\n\t\t\t\t\t<\/div>","protected":false},"excerpt":{"rendered":"<p>Elimini\u0161ite ne\u010disto\u0107e, vlagu i ne\u017eeljene \u010destice iz va\u0161eg pneumatskog sistema uz pomo\u0107 pripremnih grupa. Ova tehnologija osigurava suv u \u010dist vazduh, dugotrajnost va\u0161ih pneumatskih komponenti i smanjuje rizik od kvarova. Tako\u0111e, na\u0161a \u0161iroka ponuda ventila omogu\u0107uje precizno upravljanje protokom zraka, brze promjene stanja i besprijekornu kontrolu nad svakim dijelom va\u0161eg pneumatskog sistema. Priprema vazduha Komponente [&hellip;]<\/p>","protected":false},"author":4,"featured_media":0,"parent":3252,"menu_order":0,"comment_status":"closed","ping_status":"closed","template":"","meta":{"inline_featured_image":false,"_links_to":"","_links_to_target":""},"acf":[],"_links":{"self":[{"href":"https:\/\/mn-flex.com\/bih\/wp-json\/wp\/v2\/pages\/4506"}],"collection":[{"href":"https:\/\/mn-flex.com\/bih\/wp-json\/wp\/v2\/pages"}],"about":[{"href":"https:\/\/mn-flex.com\/bih\/wp-json\/wp\/v2\/types\/page"}],"author":[{"embeddable":true,"href":"https:\/\/mn-flex.com\/bih\/wp-json\/wp\/v2\/users\/4"}],"replies":[{"embeddable":true,"href":"https:\/\/mn-flex.com\/bih\/wp-json\/wp\/v2\/comments?post=4506"}],"version-history":[{"count":10,"href":"https:\/\/mn-flex.com\/bih\/wp-json\/wp\/v2\/pages\/4506\/revisions"}],"predecessor-version":[{"id":6470,"href":"https:\/\/mn-flex.com\/bih\/wp-json\/wp\/v2\/pages\/4506\/revisions\/6470"}],"up":[{"embeddable":true,"href":"https:\/\/mn-flex.com\/bih\/wp-json\/wp\/v2\/pages\/3252"}],"wp:attachment":[{"href":"https:\/\/mn-flex.com\/bih\/wp-json\/wp\/v2\/media?parent=4506"}],"curies":[{"name":"wp","href":"https:\/\/api.w.org\/{rel}","templated":true}]}}