{"id":4520,"date":"2023-10-10T10:08:31","date_gmt":"2023-10-10T08:08:31","guid":{"rendered":"https:\/\/mn-flex.com\/noviSajt\/?page_id=4520"},"modified":"2024-02-15T15:20:51","modified_gmt":"2024-02-15T14:20:51","slug":"prikljucci","status":"publish","type":"page","link":"https:\/\/mn-flex.com\/de\/ponuda\/pneumatika\/prikljucci\/","title":{"rendered":"Pneumatikzylinder und Zubeh\u00f6r"},"content":{"rendered":"<div data-elementor-type=\"wp-page\" data-elementor-id=\"4520\" class=\"elementor elementor-4520\">\n\t\t\t\t\t\t<div class=\"elementor-inner\">\n\t\t\t\t<div class=\"elementor-section-wrap\">\n\t\t\t\t\t\t\t\t\t<section class=\"elementor-section elementor-top-section elementor-element elementor-element-6d57b3e elementor-section-boxed elementor-section-height-default elementor-section-height-default\" data-id=\"6d57b3e\" data-element_type=\"section\" data-settings=\"{&quot;_ha_eqh_enable&quot;:false}\">\n\t\t\t\t\t\t<div class=\"elementor-container elementor-column-gap-default\">\n\t\t\t\t\t\t\t<div class=\"elementor-row\">\n\t\t\t\t\t<div class=\"elementor-column elementor-col-100 elementor-top-column elementor-element elementor-element-4f838b3\" data-id=\"4f838b3\" data-element_type=\"column\" id=\"hidraulika2\">\n\t\t\t<div class=\"elementor-column-wrap elementor-element-populated\">\n\t\t\t\t\t\t\t<div class=\"elementor-widget-wrap\">\n\t\t\t\t\t\t<div class=\"elementor-element elementor-element-bb97cbc elementor-widget elementor-widget-spacer\" data-id=\"bb97cbc\" data-element_type=\"widget\" data-widget_type=\"spacer.default\">\n\t\t\t\t<div class=\"elementor-widget-container\">\n\t\t\t\t\t<div class=\"elementor-spacer\">\n\t\t\t<div class=\"elementor-spacer-inner\"><\/div>\n\t\t<\/div>\n\t\t\t\t<\/div>\n\t\t\t\t<\/div>\n\t\t\t\t<div class=\"elementor-element elementor-element-0e3f777 elementor-widget elementor-widget-text-editor\" data-id=\"0e3f777\" data-element_type=\"widget\" data-widget_type=\"text-editor.default\">\n\t\t\t\t<div class=\"elementor-widget-container\">\n\t\t\t\t\t\t\t\t<div class=\"elementor-text-editor elementor-clearfix\">\n\t\t\t\t<p>Sie suchen Leistung, die industrielle Prozesse pr\u00e4zise und zuverl\u00e4ssig antreibt? Mit unserem breiten Sortiment an Pneumatikzylindern \u00f6ffnen wir die T\u00fcr zu endlosen Automatisierungsm\u00f6glichkeiten. Ob Geschwindigkeit, Pr\u00e4zision oder Kraft: Pneumatikzylinder von Aignep und Camozzi stehen f\u00fcr herausragende Leistung und lange Lebensdauer.<\/p>\t\t\t\t\t<\/div>\n\t\t\t\t\t\t<\/div>\n\t\t\t\t<\/div>\n\t\t\t\t\t\t<\/div>\n\t\t\t\t\t<\/div>\n\t\t<\/div>\n\t\t\t\t\t\t\t\t<\/div>\n\t\t\t\t\t<\/div>\n\t\t<\/section>\n\t\t\t\t<section class=\"elementor-section elementor-top-section elementor-element elementor-element-a23f0cc elementor-section-boxed elementor-section-height-default elementor-section-height-default\" data-id=\"a23f0cc\" data-element_type=\"section\" data-settings=\"{&quot;_ha_eqh_enable&quot;:false}\">\n\t\t\t\t\t\t<div class=\"elementor-container elementor-column-gap-default\">\n\t\t\t\t\t\t\t<div class=\"elementor-row\">\n\t\t\t\t\t<div class=\"elementor-column elementor-col-33 elementor-top-column elementor-element elementor-element-9a30fcd\" data-id=\"9a30fcd\" data-element_type=\"column\">\n\t\t\t<div class=\"elementor-column-wrap elementor-element-populated\">\n\t\t\t\t\t\t\t<div class=\"elementor-widget-wrap\">\n\t\t\t\t\t\t<div class=\"elementor-element elementor-element-7c60588 elementor-widget elementor-widget-image\" data-id=\"7c60588\" data-element_type=\"widget\" data-widget_type=\"image.default\">\n\t\t\t\t<div class=\"elementor-widget-container\">\n\t\t\t\t\t\t\t\t<div class=\"elementor-image\">\n\t\t\t\t\t\t\t\t\t\t\t\t<img decoding=\"async\" width=\"1200\" height=\"1000\" src=\"https:\/\/mn-flex.com\/wp-content\/uploads\/2023\/10\/pncs.jpg\" class=\"attachment-full size-full wp-image-5041\" alt=\"\" loading=\"lazy\" srcset=\"https:\/\/mn-flex.com\/wp-content\/uploads\/2023\/10\/pncs.jpg 1200w, https:\/\/mn-flex.com\/wp-content\/uploads\/2023\/10\/pncs-300x250.jpg 300w, https:\/\/mn-flex.com\/wp-content\/uploads\/2023\/10\/pncs-1024x853.jpg 1024w, https:\/\/mn-flex.com\/wp-content\/uploads\/2023\/10\/pncs-768x640.jpg 768w, https:\/\/mn-flex.com\/wp-content\/uploads\/2023\/10\/pncs-14x12.jpg 14w\" sizes=\"(max-width: 1200px) 100vw, 1200px\" \/>\t\t\t\t\t\t\t\t\t\t\t\t\t\t<\/div>\n\t\t\t\t\t\t<\/div>\n\t\t\t\t<\/div>\n\t\t\t\t\t\t<\/div>\n\t\t\t\t\t<\/div>\n\t\t<\/div>\n\t\t\t\t<div class=\"elementor-column elementor-col-66 elementor-top-column elementor-element elementor-element-b80ed8b\" data-id=\"b80ed8b\" data-element_type=\"column\">\n\t\t\t<div class=\"elementor-column-wrap elementor-element-populated\">\n\t\t\t\t\t\t\t<div class=\"elementor-widget-wrap\">\n\t\t\t\t\t\t<div class=\"elementor-element elementor-element-4f2ec91 elementor-widget elementor-widget-fancy-heading\" data-id=\"4f2ec91\" data-element_type=\"widget\" data-widget_type=\"fancy-heading.default\">\n\t\t\t\t<div class=\"elementor-widget-container\">\n\t\t\t\t\t\n\t\t\t<div class=\"section-head left wt-small-separator-outer\">\n\t\t\t\t\t\t\t\t\n\t\t\t\t<h2>Pneumatikzylinder<\/h2>\n\t\t\t<\/div>\n\t\t\t\t\t<\/div>\n\t\t\t\t<\/div>\n\t\t\t\t<div class=\"elementor-element elementor-element-3cc85d9 elementor-widget elementor-widget-text-editor\" data-id=\"3cc85d9\" data-element_type=\"widget\" data-widget_type=\"text-editor.default\">\n\t\t\t\t<div class=\"elementor-widget-container\">\n\t\t\t\t\t\t\t\t<div class=\"elementor-text-editor elementor-clearfix\">\n\t\t\t\t<p><span style=\"font-weight: 400;\">Das Angebot umfasst verschiedene Versionen von Pneumatikzylindern der Hersteller Aignep und Camozzi, mit oder ohne Magnetkolben, mit oder ohne D\u00e4mpfung an den Hubenden sowie verschiedene Kombinationen von Zylinderbefestigungen (vordere und hintere Befestigungselemente).<\/span><\/p><p><span style=\"font-weight: 400;\">Durchmesser und H\u00fcbe der Zylinder nach Kundenwunsch.<\/span><\/p>\t\t\t\t\t<\/div>\n\t\t\t\t\t\t<\/div>\n\t\t\t\t<\/div>\n\t\t\t\t<div class=\"elementor-element elementor-element-f052650 elementor-widget elementor-widget-ha-creative-button happy-addon ha-creative-button\" data-id=\"f052650\" data-element_type=\"widget\" data-widget_type=\"ha-creative-button.default\">\n\t\t\t\t<div class=\"elementor-widget-container\">\n\t\t\t\t\t<div data-magnetic=\"no\" class=\"ha-creative-btn-wrap\">\n\t\t\t<a class=\"ha-creative-btn ha-stl--hermosa ha-eft--exploit\" href=\"https:\/\/mn-flex.com\/wp-content\/uploads\/2024\/02\/Pneumatski-cilindri-MN-Flex.pdf\" target=\"_blank\" rel=\"nofollow\"><span>Katalog<\/span><\/a>\n\t\t<\/div>\t\t<\/div>\n\t\t\t\t<\/div>\n\t\t\t\t\t\t<\/div>\n\t\t\t\t\t<\/div>\n\t\t<\/div>\n\t\t\t\t\t\t\t\t<\/div>\n\t\t\t\t\t<\/div>\n\t\t<\/section>\n\t\t\t\t<section class=\"elementor-section elementor-top-section elementor-element elementor-element-f48f230 elementor-section-boxed elementor-section-height-default elementor-section-height-default\" data-id=\"f48f230\" data-element_type=\"section\" data-settings=\"{&quot;_ha_eqh_enable&quot;:false}\">\n\t\t\t\t\t\t<div class=\"elementor-container elementor-column-gap-default\">\n\t\t\t\t\t\t\t<div class=\"elementor-row\">\n\t\t\t\t\t<div class=\"elementor-column elementor-col-33 elementor-top-column elementor-element elementor-element-a7bbb18\" data-id=\"a7bbb18\" data-element_type=\"column\">\n\t\t\t<div class=\"elementor-column-wrap elementor-element-populated\">\n\t\t\t\t\t\t\t<div class=\"elementor-widget-wrap\">\n\t\t\t\t\t\t<div class=\"elementor-element elementor-element-9205994 elementor-widget elementor-widget-image\" data-id=\"9205994\" data-element_type=\"widget\" data-widget_type=\"image.default\">\n\t\t\t\t<div class=\"elementor-widget-container\">\n\t\t\t\t\t\t\t\t<div class=\"elementor-image\">\n\t\t\t\t\t\t\t\t\t\t\t\t<img decoding=\"async\" width=\"580\" height=\"483\" src=\"https:\/\/mn-flex.com\/wp-content\/uploads\/2023\/10\/pneumatski-zaptivaci-bosna-doboj-mnflex-1024x853.jpg\" class=\"attachment-large size-large wp-image-4840\" alt=\"\" loading=\"lazy\" srcset=\"https:\/\/mn-flex.com\/wp-content\/uploads\/2023\/10\/pneumatski-zaptivaci-bosna-doboj-mnflex-1024x853.jpg 1024w, https:\/\/mn-flex.com\/wp-content\/uploads\/2023\/10\/pneumatski-zaptivaci-bosna-doboj-mnflex-300x250.jpg 300w, https:\/\/mn-flex.com\/wp-content\/uploads\/2023\/10\/pneumatski-zaptivaci-bosna-doboj-mnflex-768x640.jpg 768w, https:\/\/mn-flex.com\/wp-content\/uploads\/2023\/10\/pneumatski-zaptivaci-bosna-doboj-mnflex-14x12.jpg 14w, https:\/\/mn-flex.com\/wp-content\/uploads\/2023\/10\/pneumatski-zaptivaci-bosna-doboj-mnflex.jpg 1200w\" sizes=\"(max-width: 580px) 100vw, 580px\" \/>\t\t\t\t\t\t\t\t\t\t\t\t\t\t<\/div>\n\t\t\t\t\t\t<\/div>\n\t\t\t\t<\/div>\n\t\t\t\t\t\t<\/div>\n\t\t\t\t\t<\/div>\n\t\t<\/div>\n\t\t\t\t<div class=\"elementor-column elementor-col-66 elementor-top-column elementor-element elementor-element-934cfbe\" data-id=\"934cfbe\" data-element_type=\"column\">\n\t\t\t<div class=\"elementor-column-wrap elementor-element-populated\">\n\t\t\t\t\t\t\t<div class=\"elementor-widget-wrap\">\n\t\t\t\t\t\t<div class=\"elementor-element elementor-element-b6a58fc elementor-widget elementor-widget-fancy-heading\" data-id=\"b6a58fc\" data-element_type=\"widget\" data-widget_type=\"fancy-heading.default\">\n\t\t\t\t<div class=\"elementor-widget-container\">\n\t\t\t\t\t\n\t\t\t<div class=\"section-head left wt-small-separator-outer\">\n\t\t\t\t\t\t\t\t\n\t\t\t\t<h2>Dichtungen<\/h2>\n\t\t\t<\/div>\n\t\t\t\t\t<\/div>\n\t\t\t\t<\/div>\n\t\t\t\t<div class=\"elementor-element elementor-element-d7d5cde elementor-widget elementor-widget-text-editor\" data-id=\"d7d5cde\" data-element_type=\"widget\" data-widget_type=\"text-editor.default\">\n\t\t\t\t<div class=\"elementor-widget-container\">\n\t\t\t\t\t\t\t\t<div class=\"elementor-text-editor elementor-clearfix\">\n\t\t\t\t<p><span style=\"font-weight: 400;\">Bei der Auswahl von Pneumatikdichtungen ist es wichtig, Faktoren wie Druck, Temperatur und Material der Pneumatikkomponenten zu ber\u00fccksichtigen. Au\u00dferdem ist es wichtig, Dichtungen zu w\u00e4hlen, die mit dem Arbeitsmedium, beispielsweise Chemikalien oder Fl\u00fcssigkeiten, kompatibel sind, um eine dauerhafte und zuverl\u00e4ssige Abdichtung zu gew\u00e4hrleisten. Wir produzieren Dichtungen aller Art aus verschiedenen hochwertigen Materialien (NBR, EPDM, H-PU, VITON, SILIKON, TEFLON, TEFLON MIT ZUSATZ VON GRAPHIT, GLAS ODER BRONZE) f\u00fcr die Herstellung und \u00dcberholung von Pneumatikzylindern.\u00a0<\/span><\/p>\t\t\t\t\t<\/div>\n\t\t\t\t\t\t<\/div>\n\t\t\t\t<\/div>\n\t\t\t\t\t\t<\/div>\n\t\t\t\t\t<\/div>\n\t\t<\/div>\n\t\t\t\t\t\t\t\t<\/div>\n\t\t\t\t\t<\/div>\n\t\t<\/section>\n\t\t\t\t<section class=\"elementor-section elementor-top-section elementor-element elementor-element-398d599 elementor-section-boxed elementor-section-height-default elementor-section-height-default\" data-id=\"398d599\" data-element_type=\"section\" data-settings=\"{&quot;_ha_eqh_enable&quot;:false}\">\n\t\t\t\t\t\t<div class=\"elementor-container elementor-column-gap-default\">\n\t\t\t\t\t\t\t<div class=\"elementor-row\">\n\t\t\t\t\t<div class=\"elementor-column elementor-col-33 elementor-top-column elementor-element elementor-element-0ac0595\" data-id=\"0ac0595\" data-element_type=\"column\">\n\t\t\t<div class=\"elementor-column-wrap elementor-element-populated\">\n\t\t\t\t\t\t\t<div class=\"elementor-widget-wrap\">\n\t\t\t\t\t\t<div class=\"elementor-element elementor-element-c6198fe elementor-widget elementor-widget-image\" data-id=\"c6198fe\" data-element_type=\"widget\" data-widget_type=\"image.default\">\n\t\t\t\t<div class=\"elementor-widget-container\">\n\t\t\t\t\t\t\t\t<div class=\"elementor-image\">\n\t\t\t\t\t\t\t\t\t\t\t\t<img decoding=\"async\" width=\"1200\" height=\"1000\" src=\"https:\/\/mn-flex.com\/wp-content\/uploads\/2023\/10\/komponentepneumatika-bosna.jpg\" class=\"attachment-full size-full wp-image-4980\" alt=\"\" loading=\"lazy\" srcset=\"https:\/\/mn-flex.com\/wp-content\/uploads\/2023\/10\/komponentepneumatika-bosna.jpg 1200w, https:\/\/mn-flex.com\/wp-content\/uploads\/2023\/10\/komponentepneumatika-bosna-300x250.jpg 300w, https:\/\/mn-flex.com\/wp-content\/uploads\/2023\/10\/komponentepneumatika-bosna-1024x853.jpg 1024w, https:\/\/mn-flex.com\/wp-content\/uploads\/2023\/10\/komponentepneumatika-bosna-768x640.jpg 768w, https:\/\/mn-flex.com\/wp-content\/uploads\/2023\/10\/komponentepneumatika-bosna-14x12.jpg 14w\" sizes=\"(max-width: 1200px) 100vw, 1200px\" \/>\t\t\t\t\t\t\t\t\t\t\t\t\t\t<\/div>\n\t\t\t\t\t\t<\/div>\n\t\t\t\t<\/div>\n\t\t\t\t\t\t<\/div>\n\t\t\t\t\t<\/div>\n\t\t<\/div>\n\t\t\t\t<div class=\"elementor-column elementor-col-66 elementor-top-column elementor-element elementor-element-88576e8\" data-id=\"88576e8\" data-element_type=\"column\">\n\t\t\t<div class=\"elementor-column-wrap elementor-element-populated\">\n\t\t\t\t\t\t\t<div class=\"elementor-widget-wrap\">\n\t\t\t\t\t\t<div class=\"elementor-element elementor-element-3d237ae elementor-widget elementor-widget-fancy-heading\" data-id=\"3d237ae\" data-element_type=\"widget\" data-widget_type=\"fancy-heading.default\">\n\t\t\t\t<div class=\"elementor-widget-container\">\n\t\t\t\t\t\n\t\t\t<div class=\"section-head left wt-small-separator-outer\">\n\t\t\t\t\t\t\t\t\n\t\t\t\t<h2>Zubeh\u00f6r<\/h2>\n\t\t\t<\/div>\n\t\t\t\t\t<\/div>\n\t\t\t\t<\/div>\n\t\t\t\t<div class=\"elementor-element elementor-element-53d675c elementor-widget elementor-widget-text-editor\" data-id=\"53d675c\" data-element_type=\"widget\" data-widget_type=\"text-editor.default\">\n\t\t\t\t<div class=\"elementor-widget-container\">\n\t\t\t\t\t\t\t\t<div class=\"elementor-text-editor elementor-clearfix\">\n\t\t\t\t<p><span style=\"font-weight: 400;\">Wir bieten auch eine gro\u00dfe Auswahl an Elementen f\u00fcr die Herstellung von Pneumatikzylindern an: Kolben, Verschlusskappen, Befestigungselemente, Lager... <\/span><\/p>\t\t\t\t\t<\/div>\n\t\t\t\t\t\t<\/div>\n\t\t\t\t<\/div>\n\t\t\t\t\t\t<\/div>\n\t\t\t\t\t<\/div>\n\t\t<\/div>\n\t\t\t\t\t\t\t\t<\/div>\n\t\t\t\t\t<\/div>\n\t\t<\/section>\n\t\t\t\t<section class=\"elementor-section elementor-top-section elementor-element elementor-element-e123d3f elementor-section-boxed elementor-section-height-default elementor-section-height-default\" data-id=\"e123d3f\" data-element_type=\"section\" data-settings=\"{&quot;_ha_eqh_enable&quot;:false}\">\n\t\t\t\t\t\t<div class=\"elementor-container elementor-column-gap-default\">\n\t\t\t\t\t\t\t<div class=\"elementor-row\">\n\t\t\t\t\t<div class=\"elementor-column elementor-col-100 elementor-top-column elementor-element elementor-element-744fddf\" data-id=\"744fddf\" data-element_type=\"column\">\n\t\t\t<div class=\"elementor-column-wrap elementor-element-populated\">\n\t\t\t\t\t\t\t<div class=\"elementor-widget-wrap\">\n\t\t\t\t\t\t<div class=\"elementor-element elementor-element-81db802 elementor-widget elementor-widget-spacer\" data-id=\"81db802\" data-element_type=\"widget\" data-widget_type=\"spacer.default\">\n\t\t\t\t<div class=\"elementor-widget-container\">\n\t\t\t\t\t<div class=\"elementor-spacer\">\n\t\t\t<div class=\"elementor-spacer-inner\"><\/div>\n\t\t<\/div>\n\t\t\t\t<\/div>\n\t\t\t\t<\/div>\n\t\t\t\t<div class=\"elementor-element elementor-element-76ecab0 elementor-widget elementor-widget-fancy-heading\" data-id=\"76ecab0\" data-element_type=\"widget\" data-widget_type=\"fancy-heading.default\">\n\t\t\t\t<div class=\"elementor-widget-container\">\n\t\t\t\t\t\n\t\t\t<div class=\"section-head left wt-small-separator-outer\">\n\t\t\t\t\t\t\t\t\t<div class=\"wt-small-separator site-text-primary\">\n\t\t\t\t\t\t<div class=\"sep-leaf-left\"><\/div>\n\t\t\t\t\t\t<div>Siehe auch<\/div>\n\t\t\t\t\t\t<div class=\"sep-leaf-right\"><\/div>\n\t\t\t\t\t<\/div>\t\n\t\t\t\t\t\t\t\t\t\n\t\t\t\t<h2><\/h2>\n\t\t\t<\/div>\n\t\t\t\t\t<\/div>\n\t\t\t\t<\/div>\n\t\t\t\t\t\t<\/div>\n\t\t\t\t\t<\/div>\n\t\t<\/div>\n\t\t\t\t\t\t\t\t<\/div>\n\t\t\t\t\t<\/div>\n\t\t<\/section>\n\t\t\t\t<section class=\"elementor-section elementor-top-section elementor-element elementor-element-9a35f7c elementor-section-boxed elementor-section-height-default elementor-section-height-default\" data-id=\"9a35f7c\" data-element_type=\"section\" data-settings=\"{&quot;_ha_eqh_enable&quot;:false}\">\n\t\t\t\t\t\t<div class=\"elementor-container elementor-column-gap-default\">\n\t\t\t\t\t\t\t<div class=\"elementor-row\">\n\t\t\t\t\t<div class=\"elementor-column elementor-col-33 elementor-top-column elementor-element elementor-element-bc610f7\" data-id=\"bc610f7\" data-element_type=\"column\">\n\t\t\t<div class=\"elementor-column-wrap elementor-element-populated\">\n\t\t\t\t\t\t\t<div class=\"elementor-widget-wrap\">\n\t\t\t\t\t\t<div class=\"elementor-element elementor-element-6486048 elementor-widget elementor-widget-ha-creative-button happy-addon ha-creative-button\" data-id=\"6486048\" data-element_type=\"widget\" data-widget_type=\"ha-creative-button.default\">\n\t\t\t\t<div class=\"elementor-widget-container\">\n\t\t\t\t\t<div data-magnetic=\"no\" class=\"ha-creative-btn-wrap\">\n\t\t\t<a class=\"ha-creative-btn ha-stl--hermosa ha-eft--exploit\" href=\"https:\/\/mn-flex.com\/de\/pneumatika\/pneumatska-crijeva\/\" rel=\"nofollow\"><span>Pneumatikschl\u00e4uche und -armaturen<\/span><\/a>\n\t\t<\/div>\t\t<\/div>\n\t\t\t\t<\/div>\n\t\t\t\t\t\t<\/div>\n\t\t\t\t\t<\/div>\n\t\t<\/div>\n\t\t\t\t<div class=\"elementor-column elementor-col-33 elementor-top-column elementor-element elementor-element-0f0e03a\" data-id=\"0f0e03a\" data-element_type=\"column\">\n\t\t\t<div class=\"elementor-column-wrap elementor-element-populated\">\n\t\t\t\t\t\t\t<div class=\"elementor-widget-wrap\">\n\t\t\t\t\t\t<div class=\"elementor-element elementor-element-114142f elementor-widget elementor-widget-ha-creative-button happy-addon ha-creative-button\" data-id=\"114142f\" data-element_type=\"widget\" data-widget_type=\"ha-creative-button.default\">\n\t\t\t\t<div class=\"elementor-widget-container\">\n\t\t\t\t\t<div data-magnetic=\"no\" class=\"ha-creative-btn-wrap\">\n\t\t\t<a class=\"ha-creative-btn ha-stl--hermosa ha-eft--exploit\" href=\"https:\/\/mn-flex.com\/de\/pneumatika\/prikljucci\/\" rel=\"nofollow\"><span>Pneumatikzylinder und Zubeh\u00f6r<\/span><\/a>\n\t\t<\/div>\t\t<\/div>\n\t\t\t\t<\/div>\n\t\t\t\t\t\t<\/div>\n\t\t\t\t\t<\/div>\n\t\t<\/div>\n\t\t\t\t<div class=\"elementor-column elementor-col-33 elementor-top-column elementor-element elementor-element-2e1d6c6\" data-id=\"2e1d6c6\" data-element_type=\"column\">\n\t\t\t<div class=\"elementor-column-wrap elementor-element-populated\">\n\t\t\t\t\t\t\t<div class=\"elementor-widget-wrap\">\n\t\t\t\t\t\t<div class=\"elementor-element elementor-element-5690c0d elementor-widget elementor-widget-ha-creative-button happy-addon ha-creative-button\" data-id=\"5690c0d\" data-element_type=\"widget\" data-widget_type=\"ha-creative-button.default\">\n\t\t\t\t<div class=\"elementor-widget-container\">\n\t\t\t\t\t<div data-magnetic=\"no\" class=\"ha-creative-btn-wrap\">\n\t\t\t<a class=\"ha-creative-btn ha-stl--hermosa ha-eft--exploit\" href=\"https:\/\/mn-flex.com\/de\/pneumatika\/pneumatske-komponente\/\" rel=\"nofollow\"><span>Luftaufbereitung und -kontrolle<\/span><\/a>\n\t\t<\/div>\t\t<\/div>\n\t\t\t\t<\/div>\n\t\t\t\t\t\t<\/div>\n\t\t\t\t\t<\/div>\n\t\t<\/div>\n\t\t\t\t\t\t\t\t<\/div>\n\t\t\t\t\t<\/div>\n\t\t<\/section>\n\t\t\t\t\t\t\t\t\t<\/div>\n\t\t\t<\/div>\n\t\t\t\t\t<\/div>","protected":false},"excerpt":{"rendered":"<p>U potrazi ste za snagom koja precizno i pouzdano pokre\u0107e industrijske procese? Sa na\u0161om \u0161irokom paletom pneumatskih cilindara, otvaramo vrata beskrajnim mogu\u0107nostima automatizacije. Bilo da je rije\u010d o brzini, preciznosti ili snazi, pneumatski cilindri proizvo\u0111a\u010da Aignep i Camozzi su sinonim za izvanredne performanse i dugotrajnost u radu. Cilindri Ponuda obuhvata razli\u010dite izvedbe pneumatskih cilindara proizvo\u0111a\u010da [&hellip;]<\/p>","protected":false},"author":4,"featured_media":0,"parent":3252,"menu_order":0,"comment_status":"closed","ping_status":"closed","template":"","meta":{"inline_featured_image":false,"_links_to":"","_links_to_target":""},"acf":[],"_links":{"self":[{"href":"https:\/\/mn-flex.com\/de\/wp-json\/wp\/v2\/pages\/4520"}],"collection":[{"href":"https:\/\/mn-flex.com\/de\/wp-json\/wp\/v2\/pages"}],"about":[{"href":"https:\/\/mn-flex.com\/de\/wp-json\/wp\/v2\/types\/page"}],"author":[{"embeddable":true,"href":"https:\/\/mn-flex.com\/de\/wp-json\/wp\/v2\/users\/4"}],"replies":[{"embeddable":true,"href":"https:\/\/mn-flex.com\/de\/wp-json\/wp\/v2\/comments?post=4520"}],"version-history":[{"count":7,"href":"https:\/\/mn-flex.com\/de\/wp-json\/wp\/v2\/pages\/4520\/revisions"}],"predecessor-version":[{"id":6478,"href":"https:\/\/mn-flex.com\/de\/wp-json\/wp\/v2\/pages\/4520\/revisions\/6478"}],"up":[{"embeddable":true,"href":"https:\/\/mn-flex.com\/de\/wp-json\/wp\/v2\/pages\/3252"}],"wp:attachment":[{"href":"https:\/\/mn-flex.com\/de\/wp-json\/wp\/v2\/media?parent=4520"}],"curies":[{"name":"wp","href":"https:\/\/api.w.org\/{rel}","templated":true}]}}