{"id":2044,"date":"2023-03-14T17:18:01","date_gmt":"2023-03-14T16:18:01","guid":{"rendered":"https:\/\/mn-flex.com\/noviSajt\/?page_id=2044"},"modified":"2024-01-29T13:21:13","modified_gmt":"2024-01-29T12:21:13","slug":"nasi-dobavljaci","status":"publish","type":"page","link":"https:\/\/mn-flex.com\/en\/nasi-dobavljaci\/","title":{"rendered":"Our suppliers"},"content":{"rendered":"<div data-elementor-type=\"wp-page\" data-elementor-id=\"2044\" class=\"elementor elementor-2044\">\n\t\t\t\t\t\t<div class=\"elementor-inner\">\n\t\t\t\t<div class=\"elementor-section-wrap\">\n\t\t\t\t\t\t\t\t\t<section class=\"elementor-section elementor-top-section elementor-element elementor-element-913fccf elementor-section-boxed elementor-section-height-default elementor-section-height-default\" data-id=\"913fccf\" data-element_type=\"section\" data-settings=\"{&quot;_ha_eqh_enable&quot;:false}\">\n\t\t\t\t\t\t<div class=\"elementor-container elementor-column-gap-default\">\n\t\t\t\t\t\t\t<div class=\"elementor-row\">\n\t\t\t\t\t<div class=\"elementor-column elementor-col-100 elementor-top-column elementor-element elementor-element-df2bb8d\" data-id=\"df2bb8d\" data-element_type=\"column\">\n\t\t\t<div class=\"elementor-column-wrap elementor-element-populated\">\n\t\t\t\t\t\t\t<div class=\"elementor-widget-wrap\">\n\t\t\t\t\t\t<div class=\"elementor-element elementor-element-c1fe5a0 elementor-widget elementor-widget-spacer\" data-id=\"c1fe5a0\" data-element_type=\"widget\" data-widget_type=\"spacer.default\">\n\t\t\t\t<div class=\"elementor-widget-container\">\n\t\t\t\t\t<div class=\"elementor-spacer\">\n\t\t\t<div class=\"elementor-spacer-inner\"><\/div>\n\t\t<\/div>\n\t\t\t\t<\/div>\n\t\t\t\t<\/div>\n\t\t\t\t<div class=\"elementor-element elementor-element-0c5aaab elementor-widget elementor-widget-text-editor\" data-id=\"0c5aaab\" data-element_type=\"widget\" data-widget_type=\"text-editor.default\">\n\t\t\t\t<div class=\"elementor-widget-container\">\n\t\t\t\t\t\t\t\t<div class=\"elementor-text-editor elementor-clearfix\">\n\t\t\t\t<p><span style=\"font-weight: 400;\">In today's competitive business environment, quality is often considered the standard. But in a real market environment, quality is often subject to large fluctuations.<\/span><\/p>\n<p><span style=\"font-weight: 400;\">The concept of our business is based on the imperative that only the highest quality solution is good enough for our clients, and therefore the careful selection of suppliers is subordinated to that goal.<\/span><\/p>\n<p><span style=\"font-weight: 400;\">Through years of partnering with suppliers, we have gained confidence in their ability to deliver products and services that meet our expectations and enable us to offer services to our customers that meet their demands and needs.<\/span><\/p>\n<p><span style=\"font-weight: 400;\">Our suppliers are not just our business partners, they are global leaders in their fields and guardians of high quality standards that also inspire us to go further and be better.<\/span><\/p>\t\t\t\t\t<\/div>\n\t\t\t\t\t\t<\/div>\n\t\t\t\t<\/div>\n\t\t\t\t<div class=\"elementor-element elementor-element-f2a6444 ha-logo-grid--col-6 ha-logo-grid--box ha-logo-grid--col--tablet2 ha-logo-grid--col--mobile2 elementor-widget elementor-widget-ha-logo-grid happy-addon ha-logo-grid\" data-id=\"f2a6444\" data-element_type=\"widget\" data-settings=\"{&quot;ha_floating_fx&quot;:&quot;yes&quot;}\" data-widget_type=\"ha-logo-grid.default\">\n\t\t\t\t<div class=\"elementor-widget-container\">\n\t\t\t\n        <div class=\"ha-logo-grid-wrapper\">\n                            <div class=\"ha-logo-grid-item\">\n                    <figure class=\"ha-logo-grid-figure\">\n                    <img width=\"386\" height=\"87\" src=\"https:\/\/mn-flex.com\/wp-content\/uploads\/2023\/03\/manuali.fw_.png\" class=\"ha-logo-grid-img elementor-animation-grow\" alt=\"\" decoding=\"async\" loading=\"lazy\" srcset=\"https:\/\/mn-flex.com\/wp-content\/uploads\/2023\/03\/manuali.fw_.png 386w, https:\/\/mn-flex.com\/wp-content\/uploads\/2023\/03\/manuali.fw_-300x68.png 300w, https:\/\/mn-flex.com\/wp-content\/uploads\/2023\/03\/manuali.fw_-18x4.png 18w\" sizes=\"(max-width: 386px) 100vw, 386px\" \/>                    <\/figure>\n                <\/div>\n                            <div class=\"ha-logo-grid-item\">\n                    <figure class=\"ha-logo-grid-figure\">\n                    <img width=\"146\" height=\"76\" src=\"https:\/\/mn-flex.com\/wp-content\/uploads\/2023\/02\/44424.png\" class=\"ha-logo-grid-img elementor-animation-grow\" alt=\"\" decoding=\"async\" loading=\"lazy\" srcset=\"https:\/\/mn-flex.com\/wp-content\/uploads\/2023\/02\/44424.png 146w, https:\/\/mn-flex.com\/wp-content\/uploads\/2023\/02\/44424-18x9.png 18w\" sizes=\"(max-width: 146px) 100vw, 146px\" \/>                    <\/figure>\n                <\/div>\n                            <div class=\"ha-logo-grid-item\">\n                    <figure class=\"ha-logo-grid-figure\">\n                    <img width=\"146\" height=\"67\" src=\"https:\/\/mn-flex.com\/wp-content\/uploads\/2023\/02\/sealmaker.png\" class=\"ha-logo-grid-img elementor-animation-grow\" alt=\"\" decoding=\"async\" loading=\"lazy\" srcset=\"https:\/\/mn-flex.com\/wp-content\/uploads\/2023\/02\/sealmaker.png 146w, https:\/\/mn-flex.com\/wp-content\/uploads\/2023\/02\/sealmaker-18x8.png 18w\" sizes=\"(max-width: 146px) 100vw, 146px\" \/>                    <\/figure>\n                <\/div>\n                            <div class=\"ha-logo-grid-item\">\n                    <figure class=\"ha-logo-grid-figure\">\n                    <img width=\"146\" height=\"132\" src=\"https:\/\/mn-flex.com\/wp-content\/uploads\/2023\/10\/uniflexlogo.png\" class=\"ha-logo-grid-img elementor-animation-grow\" alt=\"\" decoding=\"async\" loading=\"lazy\" srcset=\"https:\/\/mn-flex.com\/wp-content\/uploads\/2023\/10\/uniflexlogo.png 146w, https:\/\/mn-flex.com\/wp-content\/uploads\/2023\/10\/uniflexlogo-13x12.png 13w\" sizes=\"(max-width: 146px) 100vw, 146px\" \/>                    <\/figure>\n                <\/div>\n                            <div class=\"ha-logo-grid-item\">\n                    <figure class=\"ha-logo-grid-figure\">\n                    <img width=\"146\" height=\"132\" src=\"https:\/\/mn-flex.com\/wp-content\/uploads\/2023\/02\/camozzilogo.png\" class=\"ha-logo-grid-img elementor-animation-grow\" alt=\"\" decoding=\"async\" loading=\"lazy\" srcset=\"https:\/\/mn-flex.com\/wp-content\/uploads\/2023\/02\/camozzilogo.png 146w, https:\/\/mn-flex.com\/wp-content\/uploads\/2023\/02\/camozzilogo-13x12.png 13w\" sizes=\"(max-width: 146px) 100vw, 146px\" \/>                    <\/figure>\n                <\/div>\n                            <div class=\"ha-logo-grid-item\">\n                    <figure class=\"ha-logo-grid-figure\">\n                    <img width=\"146\" height=\"132\" src=\"https:\/\/mn-flex.com\/wp-content\/uploads\/2023\/10\/aigneplogo.png\" class=\"ha-logo-grid-img elementor-animation-grow\" alt=\"\" decoding=\"async\" loading=\"lazy\" srcset=\"https:\/\/mn-flex.com\/wp-content\/uploads\/2023\/10\/aigneplogo.png 146w, https:\/\/mn-flex.com\/wp-content\/uploads\/2023\/10\/aigneplogo-13x12.png 13w\" sizes=\"(max-width: 146px) 100vw, 146px\" \/>                    <\/figure>\n                <\/div>\n                            <div class=\"ha-logo-grid-item\">\n                    <figure class=\"ha-logo-grid-figure\">\n                    <img width=\"146\" height=\"132\" src=\"https:\/\/mn-flex.com\/wp-content\/uploads\/2023\/10\/continental.png\" class=\"ha-logo-grid-img elementor-animation-grow\" alt=\"\" decoding=\"async\" loading=\"lazy\" srcset=\"https:\/\/mn-flex.com\/wp-content\/uploads\/2023\/10\/continental.png 146w, https:\/\/mn-flex.com\/wp-content\/uploads\/2023\/10\/continental-13x12.png 13w\" sizes=\"(max-width: 146px) 100vw, 146px\" \/>                    <\/figure>\n                <\/div>\n                            <div class=\"ha-logo-grid-item\">\n                    <figure class=\"ha-logo-grid-figure\">\n                    <img width=\"146\" height=\"132\" src=\"https:\/\/mn-flex.com\/wp-content\/uploads\/2023\/02\/zeclogo2.png\" class=\"ha-logo-grid-img elementor-animation-grow\" alt=\"\" decoding=\"async\" loading=\"lazy\" srcset=\"https:\/\/mn-flex.com\/wp-content\/uploads\/2023\/02\/zeclogo2.png 146w, https:\/\/mn-flex.com\/wp-content\/uploads\/2023\/02\/zeclogo2-13x12.png 13w\" sizes=\"(max-width: 146px) 100vw, 146px\" \/>                    <\/figure>\n                <\/div>\n                            <div class=\"ha-logo-grid-item\">\n                    <figure class=\"ha-logo-grid-figure\">\n                    <img width=\"146\" height=\"132\" src=\"https:\/\/mn-flex.com\/wp-content\/uploads\/2023\/02\/selhoses.png\" class=\"ha-logo-grid-img elementor-animation-grow\" alt=\"\" decoding=\"async\" loading=\"lazy\" srcset=\"https:\/\/mn-flex.com\/wp-content\/uploads\/2023\/02\/selhoses.png 146w, https:\/\/mn-flex.com\/wp-content\/uploads\/2023\/02\/selhoses-13x12.png 13w\" sizes=\"(max-width: 146px) 100vw, 146px\" \/>                    <\/figure>\n                <\/div>\n                            <div class=\"ha-logo-grid-item\">\n                    <figure class=\"ha-logo-grid-figure\">\n                    <img width=\"146\" height=\"132\" src=\"https:\/\/mn-flex.com\/wp-content\/uploads\/2023\/10\/danfoss.png\" class=\"ha-logo-grid-img elementor-animation-grow\" alt=\"\" decoding=\"async\" loading=\"lazy\" srcset=\"https:\/\/mn-flex.com\/wp-content\/uploads\/2023\/10\/danfoss.png 146w, https:\/\/mn-flex.com\/wp-content\/uploads\/2023\/10\/danfoss-13x12.png 13w\" sizes=\"(max-width: 146px) 100vw, 146px\" \/>                    <\/figure>\n                <\/div>\n                            <div class=\"ha-logo-grid-item\">\n                    <figure class=\"ha-logo-grid-figure\">\n                    <img width=\"146\" height=\"67\" src=\"https:\/\/mn-flex.com\/wp-content\/uploads\/2023\/02\/merletlogo.png\" class=\"ha-logo-grid-img elementor-animation-grow\" alt=\"\" decoding=\"async\" loading=\"lazy\" srcset=\"https:\/\/mn-flex.com\/wp-content\/uploads\/2023\/02\/merletlogo.png 146w, https:\/\/mn-flex.com\/wp-content\/uploads\/2023\/02\/merletlogo-18x8.png 18w\" sizes=\"(max-width: 146px) 100vw, 146px\" \/>                    <\/figure>\n                <\/div>\n                            <div class=\"ha-logo-grid-item\">\n                    <figure class=\"ha-logo-grid-figure\">\n                    <img width=\"146\" height=\"67\" src=\"https:\/\/mn-flex.com\/wp-content\/uploads\/2023\/02\/ludeckelogo.png\" class=\"ha-logo-grid-img elementor-animation-grow\" alt=\"\" decoding=\"async\" loading=\"lazy\" srcset=\"https:\/\/mn-flex.com\/wp-content\/uploads\/2023\/02\/ludeckelogo.png 146w, https:\/\/mn-flex.com\/wp-content\/uploads\/2023\/02\/ludeckelogo-18x8.png 18w\" sizes=\"(max-width: 146px) 100vw, 146px\" \/>                    <\/figure>\n                <\/div>\n                            <div class=\"ha-logo-grid-item\">\n                    <figure class=\"ha-logo-grid-figure\">\n                    <img width=\"146\" height=\"132\" src=\"https:\/\/mn-flex.com\/wp-content\/uploads\/2023\/02\/vosslarga.png\" class=\"ha-logo-grid-img elementor-animation-grow\" alt=\"\" decoding=\"async\" loading=\"lazy\" srcset=\"https:\/\/mn-flex.com\/wp-content\/uploads\/2023\/02\/vosslarga.png 146w, https:\/\/mn-flex.com\/wp-content\/uploads\/2023\/02\/vosslarga-13x12.png 13w\" sizes=\"(max-width: 146px) 100vw, 146px\" \/>                    <\/figure>\n                <\/div>\n                            <div class=\"ha-logo-grid-item\">\n                    <figure class=\"ha-logo-grid-figure\">\n                    <img width=\"200\" height=\"74\" src=\"https:\/\/mn-flex.com\/wp-content\/uploads\/2023\/02\/2s.png\" class=\"ha-logo-grid-img elementor-animation-grow\" alt=\"\" decoding=\"async\" loading=\"lazy\" srcset=\"https:\/\/mn-flex.com\/wp-content\/uploads\/2023\/02\/2s.png 200w, https:\/\/mn-flex.com\/wp-content\/uploads\/2023\/02\/2s-18x7.png 18w\" sizes=\"(max-width: 200px) 100vw, 200px\" \/>                    <\/figure>\n                <\/div>\n                            <div class=\"ha-logo-grid-item\">\n                    <figure class=\"ha-logo-grid-figure\">\n                    <img width=\"146\" height=\"132\" src=\"https:\/\/mn-flex.com\/wp-content\/uploads\/2023\/02\/5995.png\" class=\"ha-logo-grid-img elementor-animation-grow\" alt=\"\" decoding=\"async\" loading=\"lazy\" srcset=\"https:\/\/mn-flex.com\/wp-content\/uploads\/2023\/02\/5995.png 146w, https:\/\/mn-flex.com\/wp-content\/uploads\/2023\/02\/5995-13x12.png 13w\" sizes=\"(max-width: 146px) 100vw, 146px\" \/>                    <\/figure>\n                <\/div>\n                            <div class=\"ha-logo-grid-item\">\n                    <figure class=\"ha-logo-grid-figure\">\n                    <img width=\"146\" height=\"132\" src=\"https:\/\/mn-flex.com\/wp-content\/uploads\/2023\/02\/emcogroup.png\" class=\"ha-logo-grid-img elementor-animation-grow\" alt=\"\" decoding=\"async\" loading=\"lazy\" srcset=\"https:\/\/mn-flex.com\/wp-content\/uploads\/2023\/02\/emcogroup.png 146w, https:\/\/mn-flex.com\/wp-content\/uploads\/2023\/02\/emcogroup-13x12.png 13w\" sizes=\"(max-width: 146px) 100vw, 146px\" \/>                    <\/figure>\n                <\/div>\n                            <div class=\"ha-logo-grid-item\">\n                    <figure class=\"ha-logo-grid-figure\">\n                    <img width=\"146\" height=\"132\" src=\"https:\/\/mn-flex.com\/wp-content\/uploads\/2023\/10\/style.png\" class=\"ha-logo-grid-img elementor-animation-grow\" alt=\"\" decoding=\"async\" loading=\"lazy\" srcset=\"https:\/\/mn-flex.com\/wp-content\/uploads\/2023\/10\/style.png 146w, https:\/\/mn-flex.com\/wp-content\/uploads\/2023\/10\/style-13x12.png 13w\" sizes=\"(max-width: 146px) 100vw, 146px\" \/>                    <\/figure>\n                <\/div>\n                            <div class=\"ha-logo-grid-item\">\n                    <figure class=\"ha-logo-grid-figure\">\n                    <img width=\"146\" height=\"132\" src=\"https:\/\/mn-flex.com\/wp-content\/uploads\/2023\/10\/madejski2.png\" class=\"ha-logo-grid-img elementor-animation-grow\" alt=\"\" decoding=\"async\" loading=\"lazy\" srcset=\"https:\/\/mn-flex.com\/wp-content\/uploads\/2023\/10\/madejski2.png 146w, https:\/\/mn-flex.com\/wp-content\/uploads\/2023\/10\/madejski2-13x12.png 13w\" sizes=\"(max-width: 146px) 100vw, 146px\" \/>                    <\/figure>\n                <\/div>\n                            <div class=\"ha-logo-grid-item\">\n                    <figure class=\"ha-logo-grid-figure\">\n                    <img width=\"146\" height=\"132\" src=\"https:\/\/mn-flex.com\/wp-content\/uploads\/2023\/10\/cateno.png\" class=\"ha-logo-grid-img elementor-animation-grow\" alt=\"\" decoding=\"async\" loading=\"lazy\" srcset=\"https:\/\/mn-flex.com\/wp-content\/uploads\/2023\/10\/cateno.png 146w, https:\/\/mn-flex.com\/wp-content\/uploads\/2023\/10\/cateno-13x12.png 13w\" sizes=\"(max-width: 146px) 100vw, 146px\" \/>                    <\/figure>\n                <\/div>\n                            <div class=\"ha-logo-grid-item\">\n                    <figure class=\"ha-logo-grid-figure\">\n                    <img width=\"146\" height=\"132\" src=\"https:\/\/mn-flex.com\/wp-content\/uploads\/2023\/10\/primahose.png\" class=\"ha-logo-grid-img elementor-animation-grow\" alt=\"\" decoding=\"async\" loading=\"lazy\" srcset=\"https:\/\/mn-flex.com\/wp-content\/uploads\/2023\/10\/primahose.png 146w, https:\/\/mn-flex.com\/wp-content\/uploads\/2023\/10\/primahose-13x12.png 13w\" sizes=\"(max-width: 146px) 100vw, 146px\" \/>                    <\/figure>\n                <\/div>\n                    <\/div>\n\n        \t\t<\/div>\n\t\t\t\t<\/div>\n\t\t\t\t<div class=\"elementor-element elementor-element-d9a567c elementor-widget elementor-widget-spacer\" data-id=\"d9a567c\" data-element_type=\"widget\" data-widget_type=\"spacer.default\">\n\t\t\t\t<div class=\"elementor-widget-container\">\n\t\t\t\t\t<div class=\"elementor-spacer\">\n\t\t\t<div class=\"elementor-spacer-inner\"><\/div>\n\t\t<\/div>\n\t\t\t\t<\/div>\n\t\t\t\t<\/div>\n\t\t\t\t\t\t<\/div>\n\t\t\t\t\t<\/div>\n\t\t<\/div>\n\t\t\t\t\t\t\t\t<\/div>\n\t\t\t\t\t<\/div>\n\t\t<\/section>\n\t\t\t\t\t\t\t\t\t<\/div>\n\t\t\t<\/div>\n\t\t\t\t\t<\/div>","protected":false},"excerpt":{"rendered":"<p>U dana\u0161njem konkurentnom poslovnom okru\u017eenju, kvalitet se \u010desto smatra standardom. Ali u realnom tr\u017ei\u0161nom okru\u017eenju kvalitet je nerjetko podlo\u017ean velikim oscilacijama. Koncept na\u0161eg poslovanja se bazira na imperativu da je samo najkvalitetnije rje\u0161enje za na\u0161e klijente dovoljno dobro i samim tim pa\u017eljiv izbor dobavlja\u010da je podre\u0111en tom cilju. Kroz godine partnerstva sa dobavlja\u010dima, stekli smo [&hellip;]<\/p>","protected":false},"author":4,"featured_media":0,"parent":0,"menu_order":0,"comment_status":"closed","ping_status":"closed","template":"","meta":{"inline_featured_image":false,"_links_to":"","_links_to_target":""},"acf":[],"_links":{"self":[{"href":"https:\/\/mn-flex.com\/en\/wp-json\/wp\/v2\/pages\/2044"}],"collection":[{"href":"https:\/\/mn-flex.com\/en\/wp-json\/wp\/v2\/pages"}],"about":[{"href":"https:\/\/mn-flex.com\/en\/wp-json\/wp\/v2\/types\/page"}],"author":[{"embeddable":true,"href":"https:\/\/mn-flex.com\/en\/wp-json\/wp\/v2\/users\/4"}],"replies":[{"embeddable":true,"href":"https:\/\/mn-flex.com\/en\/wp-json\/wp\/v2\/comments?post=2044"}],"version-history":[{"count":0,"href":"https:\/\/mn-flex.com\/en\/wp-json\/wp\/v2\/pages\/2044\/revisions"}],"wp:attachment":[{"href":"https:\/\/mn-flex.com\/en\/wp-json\/wp\/v2\/media?parent=2044"}],"curies":[{"name":"wp","href":"https:\/\/api.w.org\/{rel}","templated":true}]}}