{"id":3950,"date":"2023-09-28T20:10:47","date_gmt":"2023-09-28T18:10:47","guid":{"rendered":"https:\/\/mn-flex.com\/noviSajt\/?page_id=3950"},"modified":"2024-12-11T09:41:27","modified_gmt":"2024-12-11T08:41:27","slug":"zaptivke-za-cilindre","status":"publish","type":"page","link":"https:\/\/mn-flex.com\/hr\/ponuda\/cilindri\/zaptivke-za-cilindre\/","title":{"rendered":"Zaptivke za cilindre"},"content":{"rendered":"<div data-elementor-type=\"wp-page\" data-elementor-id=\"3950\" class=\"elementor elementor-3950\">\n\t\t\t\t\t\t<div class=\"elementor-inner\">\n\t\t\t\t<div class=\"elementor-section-wrap\">\n\t\t\t\t\t\t\t\t\t<section class=\"elementor-section elementor-top-section elementor-element elementor-element-b14cfb3 elementor-section-boxed elementor-section-height-default elementor-section-height-default\" data-id=\"b14cfb3\" data-element_type=\"section\" data-settings=\"{&quot;_ha_eqh_enable&quot;:false}\">\n\t\t\t\t\t\t<div class=\"elementor-container elementor-column-gap-default\">\n\t\t\t\t\t\t\t<div class=\"elementor-row\">\n\t\t\t\t\t<div class=\"elementor-column elementor-col-100 elementor-top-column elementor-element elementor-element-ae83950\" data-id=\"ae83950\" data-element_type=\"column\">\n\t\t\t<div class=\"elementor-column-wrap elementor-element-populated\">\n\t\t\t\t\t\t\t<div class=\"elementor-widget-wrap\">\n\t\t\t\t\t\t<div class=\"elementor-element elementor-element-17b937c elementor-widget elementor-widget-fancy-heading\" data-id=\"17b937c\" data-element_type=\"widget\" data-widget_type=\"fancy-heading.default\">\n\t\t\t\t<div class=\"elementor-widget-container\">\n\t\t\t\t\t\n\t\t\t<div class=\"section-head left wt-small-separator-outer\">\n\t\t\t\t\t\t\t\t\t<div class=\"wt-small-separator site-text-primary\">\n\t\t\t\t\t\t<div class=\"sep-leaf-left\"><\/div>\n\t\t\t\t\t\t<div>Hidrauli\u010dni cilindri<\/div>\n\t\t\t\t\t\t<div class=\"sep-leaf-right\"><\/div>\n\t\t\t\t\t<\/div>\t\n\t\t\t\t\t\t\t\t\t\n\t\t\t\t<h2>Zaptivke za cilindre<\/h2>\n\t\t\t<\/div>\n\t\t\t\t\t<\/div>\n\t\t\t\t<\/div>\n\t\t\t\t\t\t<\/div>\n\t\t\t\t\t<\/div>\n\t\t<\/div>\n\t\t\t\t\t\t\t\t<\/div>\n\t\t\t\t\t<\/div>\n\t\t<\/section>\n\t\t\t\t<section class=\"elementor-section elementor-top-section elementor-element elementor-element-8f793d1 elementor-section-boxed elementor-section-height-default elementor-section-height-default\" data-id=\"8f793d1\" data-element_type=\"section\" data-settings=\"{&quot;_ha_eqh_enable&quot;:false}\">\n\t\t\t\t\t\t<div class=\"elementor-container elementor-column-gap-default\">\n\t\t\t\t\t\t\t<div class=\"elementor-row\">\n\t\t\t\t\t<div class=\"elementor-column elementor-col-50 elementor-top-column elementor-element elementor-element-a755596\" data-id=\"a755596\" data-element_type=\"column\">\n\t\t\t<div class=\"elementor-column-wrap elementor-element-populated\">\n\t\t\t\t\t\t\t<div class=\"elementor-widget-wrap\">\n\t\t\t\t\t\t<div class=\"elementor-element elementor-element-e44f150 elementor-widget elementor-widget-image\" data-id=\"e44f150\" data-element_type=\"widget\" data-widget_type=\"image.default\">\n\t\t\t\t<div class=\"elementor-widget-container\">\n\t\t\t\t\t\t\t\t<div class=\"elementor-image\">\n\t\t\t\t\t\t\t\t\t\t\t\t<img decoding=\"async\" width=\"1000\" height=\"667\" src=\"https:\/\/mn-flex.com\/wp-content\/uploads\/2023\/09\/zaptivke_cilindri_bosna.jpg\" class=\"attachment-full size-full wp-image-3996\" alt=\"\" loading=\"lazy\" srcset=\"https:\/\/mn-flex.com\/wp-content\/uploads\/2023\/09\/zaptivke_cilindri_bosna.jpg 1000w, https:\/\/mn-flex.com\/wp-content\/uploads\/2023\/09\/zaptivke_cilindri_bosna-300x200.jpg 300w, https:\/\/mn-flex.com\/wp-content\/uploads\/2023\/09\/zaptivke_cilindri_bosna-768x512.jpg 768w, https:\/\/mn-flex.com\/wp-content\/uploads\/2023\/09\/zaptivke_cilindri_bosna-18x12.jpg 18w\" sizes=\"(max-width: 1000px) 100vw, 1000px\" \/>\t\t\t\t\t\t\t\t\t\t\t\t\t\t<\/div>\n\t\t\t\t\t\t<\/div>\n\t\t\t\t<\/div>\n\t\t\t\t<div class=\"elementor-element elementor-element-fae77f0 elementor-widget elementor-widget-image\" data-id=\"fae77f0\" data-element_type=\"widget\" data-widget_type=\"image.default\">\n\t\t\t\t<div class=\"elementor-widget-container\">\n\t\t\t\t\t\t\t\t<div class=\"elementor-image\">\n\t\t\t\t\t\t\t\t\t\t\t\t<img decoding=\"async\" width=\"1000\" height=\"850\" src=\"https:\/\/mn-flex.com\/wp-content\/uploads\/2024\/02\/izrada-zaptivki-mnflex-doboj-bosna-bih.jpg\" class=\"attachment-full size-full wp-image-6327\" alt=\"\" loading=\"lazy\" srcset=\"https:\/\/mn-flex.com\/wp-content\/uploads\/2024\/02\/izrada-zaptivki-mnflex-doboj-bosna-bih.jpg 1000w, https:\/\/mn-flex.com\/wp-content\/uploads\/2024\/02\/izrada-zaptivki-mnflex-doboj-bosna-bih-300x255.jpg 300w, https:\/\/mn-flex.com\/wp-content\/uploads\/2024\/02\/izrada-zaptivki-mnflex-doboj-bosna-bih-768x653.jpg 768w, https:\/\/mn-flex.com\/wp-content\/uploads\/2024\/02\/izrada-zaptivki-mnflex-doboj-bosna-bih-14x12.jpg 14w\" sizes=\"(max-width: 1000px) 100vw, 1000px\" \/>\t\t\t\t\t\t\t\t\t\t\t\t\t\t<\/div>\n\t\t\t\t\t\t<\/div>\n\t\t\t\t<\/div>\n\t\t\t\t\t\t<\/div>\n\t\t\t\t\t<\/div>\n\t\t<\/div>\n\t\t\t\t<div class=\"elementor-column elementor-col-50 elementor-top-column elementor-element elementor-element-7ac4866\" data-id=\"7ac4866\" data-element_type=\"column\">\n\t\t\t<div class=\"elementor-column-wrap elementor-element-populated\">\n\t\t\t\t\t\t\t<div class=\"elementor-widget-wrap\">\n\t\t\t\t\t\t<div class=\"elementor-element elementor-element-aca2cf1 elementor-widget elementor-widget-text-editor\" data-id=\"aca2cf1\" data-element_type=\"widget\" data-widget_type=\"text-editor.default\">\n\t\t\t\t<div class=\"elementor-widget-container\">\n\t\t\t\t\t\t\t\t<div class=\"elementor-text-editor elementor-clearfix\">\n\t\t\t\t<p>Ispravan odabir materijala za brtvljenje kao i dimenzija (predoptere\u0107enje!) klju\u010dni su faktori za u\u010dinkovitost i dugovje\u010dnost va\u0161ih brtvenih elemenata.<\/p><p>Brzo i u\u010dinkovito izra\u0111ujemo brtve proizvedene tokarenjem na CNC stroju u optimalnim dimenzijama i materijalima za Va\u0161e potrebe.<\/p><p>Odabir odgovaraju\u0107eg materijala obi\u010dno ovisi o mediju, temperaturi i tlaku u hidrauli\u010dnom sustavu. Na\u0161a ponuda uklju\u010duje oko 40 razli\u010ditih elastomera, termoplasta, kao i materijala sa posebnim dodacima za posebne namjene.<\/p><p>Nakon pravilnog odabira materijala, CNC stroj se programira za izradu brtve prema preciznim tehni\u010dkim specifikacijama. Programiranje uklju\u010duje odre\u0111ivanje dimenzija, oblika i ostalih karakteristika brtve. CNC stroj zatim koristi te podatke za struganje materijala i oblikovanje u \u017eeljeni oblik.<\/p><p>SML 500e austrijske tvrtke Sealmaker, CNC stroj posebno dizajniran za izradu brtvenih elemenata, jam\u010di visoku preciznost izrade. Softver je tako\u0111er prilago\u0111en za izradu plombi. Njegova jednostavnost u programiranju omogu\u0107uje visoku u\u010dinkovitost proizvodnje.<\/p><p>Nakon izrade brtve provodi se temeljita kontrola kvalitete kako bi se osiguralo da su dimenzije i povr\u0161ina brtve u skladu s tehni\u010dkim specifikacijama. Ovo je klju\u010dni korak kako bi se osigurala optimalna funkcionalnost brtve i sprije\u010dilo curenje.<\/p><p>Koristimo iskustvo i materijale austrijske tvrtke Sealmaker, koja je jedna od svjetskih lidera u podru\u010dju tehnologije brtvljenja.<\/p>\t\t\t\t\t<\/div>\n\t\t\t\t\t\t<\/div>\n\t\t\t\t<\/div>\n\t\t\t\t<div class=\"elementor-element elementor-element-44e0028 elementor-widget elementor-widget-ha-creative-button happy-addon ha-creative-button\" data-id=\"44e0028\" data-element_type=\"widget\" data-widget_type=\"ha-creative-button.default\">\n\t\t\t\t<div class=\"elementor-widget-container\">\n\t\t\t\t\t<div data-magnetic=\"no\" class=\"ha-creative-btn-wrap\">\n\t\t\t<a class=\"ha-creative-btn ha-stl--hermosa ha-eft--exploit\" href=\"https:\/\/mn-flex.com\/wp-content\/uploads\/2024\/01\/Zaptivke-za-hidraulicne-cilindre_MN-Flex.pdf\" target=\"_blank\" rel=\"nofollow\"><span>Katalog brtvi<\/span><\/a>\n\t\t<\/div>\t\t<\/div>\n\t\t\t\t<\/div>\n\t\t\t\t\t\t<\/div>\n\t\t\t\t\t<\/div>\n\t\t<\/div>\n\t\t\t\t\t\t\t\t<\/div>\n\t\t\t\t\t<\/div>\n\t\t<\/section>\n\t\t\t\t<section class=\"elementor-section elementor-top-section elementor-element elementor-element-341146f elementor-section-boxed elementor-section-height-default elementor-section-height-default\" data-id=\"341146f\" data-element_type=\"section\" data-settings=\"{&quot;_ha_eqh_enable&quot;:false}\">\n\t\t\t\t\t\t<div class=\"elementor-container elementor-column-gap-default\">\n\t\t\t\t\t\t\t<div class=\"elementor-row\">\n\t\t\t\t\t<div class=\"elementor-column elementor-col-100 elementor-top-column elementor-element elementor-element-c45c41c\" data-id=\"c45c41c\" data-element_type=\"column\">\n\t\t\t<div class=\"elementor-column-wrap elementor-element-populated\">\n\t\t\t\t\t\t\t<div class=\"elementor-widget-wrap\">\n\t\t\t\t\t\t<div class=\"elementor-element elementor-element-a5f3870 elementor-widget elementor-widget-spacer\" data-id=\"a5f3870\" data-element_type=\"widget\" data-widget_type=\"spacer.default\">\n\t\t\t\t<div class=\"elementor-widget-container\">\n\t\t\t\t\t<div class=\"elementor-spacer\">\n\t\t\t<div class=\"elementor-spacer-inner\"><\/div>\n\t\t<\/div>\n\t\t\t\t<\/div>\n\t\t\t\t<\/div>\n\t\t\t\t<div class=\"elementor-element elementor-element-a76cd33 elementor-widget elementor-widget-fancy-heading\" data-id=\"a76cd33\" data-element_type=\"widget\" data-widget_type=\"fancy-heading.default\">\n\t\t\t\t<div class=\"elementor-widget-container\">\n\t\t\t\t\t\n\t\t\t<div class=\"section-head left wt-small-separator-outer\">\n\t\t\t\t\t\t\t\t\t<div class=\"wt-small-separator site-text-primary\">\n\t\t\t\t\t\t<div class=\"sep-leaf-left\"><\/div>\n\t\t\t\t\t\t<div>Pogledajte tako\u0111er<\/div>\n\t\t\t\t\t\t<div class=\"sep-leaf-right\"><\/div>\n\t\t\t\t\t<\/div>\t\n\t\t\t\t\t\t\t\t\t\n\t\t\t\t<h2><\/h2>\n\t\t\t<\/div>\n\t\t\t\t\t<\/div>\n\t\t\t\t<\/div>\n\t\t\t\t\t\t<\/div>\n\t\t\t\t\t<\/div>\n\t\t<\/div>\n\t\t\t\t\t\t\t\t<\/div>\n\t\t\t\t\t<\/div>\n\t\t<\/section>\n\t\t\t\t<section class=\"elementor-section elementor-top-section elementor-element elementor-element-5fbf4c0 elementor-section-boxed elementor-section-height-default elementor-section-height-default\" data-id=\"5fbf4c0\" data-element_type=\"section\" data-settings=\"{&quot;_ha_eqh_enable&quot;:false}\">\n\t\t\t\t\t\t<div class=\"elementor-container elementor-column-gap-default\">\n\t\t\t\t\t\t\t<div class=\"elementor-row\">\n\t\t\t\t\t<div class=\"elementor-column elementor-col-33 elementor-top-column elementor-element elementor-element-c28796c\" data-id=\"c28796c\" data-element_type=\"column\">\n\t\t\t<div class=\"elementor-column-wrap elementor-element-populated\">\n\t\t\t\t\t\t\t<div class=\"elementor-widget-wrap\">\n\t\t\t\t\t\t<div class=\"elementor-element elementor-element-c1ffc25 elementor-widget elementor-widget-ha-creative-button happy-addon ha-creative-button\" data-id=\"c1ffc25\" data-element_type=\"widget\" data-widget_type=\"ha-creative-button.default\">\n\t\t\t\t<div class=\"elementor-widget-container\">\n\t\t\t\t\t<div data-magnetic=\"no\" class=\"ha-creative-btn-wrap\">\n\t\t\t<a class=\"ha-creative-btn ha-stl--hermosa ha-eft--exploit\" href=\"https:\/\/mn-flex.com\/hr\/cilindri\/remont-cilindara\/\" rel=\"nofollow\"><span>Remont cilindara<\/span><\/a>\n\t\t<\/div>\t\t<\/div>\n\t\t\t\t<\/div>\n\t\t\t\t\t\t<\/div>\n\t\t\t\t\t<\/div>\n\t\t<\/div>\n\t\t\t\t<div class=\"elementor-column elementor-col-33 elementor-top-column elementor-element elementor-element-6e71c7e\" data-id=\"6e71c7e\" data-element_type=\"column\">\n\t\t\t<div class=\"elementor-column-wrap elementor-element-populated\">\n\t\t\t\t\t\t\t<div class=\"elementor-widget-wrap\">\n\t\t\t\t\t\t<div class=\"elementor-element elementor-element-e4d7623 elementor-widget elementor-widget-ha-creative-button happy-addon ha-creative-button\" data-id=\"e4d7623\" data-element_type=\"widget\" data-widget_type=\"ha-creative-button.default\">\n\t\t\t\t<div class=\"elementor-widget-container\">\n\t\t\t\t\t<div data-magnetic=\"no\" class=\"ha-creative-btn-wrap\">\n\t\t\t<a class=\"ha-creative-btn ha-stl--hermosa ha-eft--exploit\" href=\"https:\/\/mn-flex.com\/hr\/cilindri\/izrada-novih-cilindara\/\" rel=\"nofollow\"><span>Izrada novih cilindara<\/span><\/a>\n\t\t<\/div>\t\t<\/div>\n\t\t\t\t<\/div>\n\t\t\t\t\t\t<\/div>\n\t\t\t\t\t<\/div>\n\t\t<\/div>\n\t\t\t\t<div class=\"elementor-column elementor-col-33 elementor-top-column elementor-element elementor-element-555a836\" data-id=\"555a836\" data-element_type=\"column\">\n\t\t\t<div class=\"elementor-column-wrap elementor-element-populated\">\n\t\t\t\t\t\t\t<div class=\"elementor-widget-wrap\">\n\t\t\t\t\t\t<div class=\"elementor-element elementor-element-ecf2f49 elementor-widget elementor-widget-ha-creative-button happy-addon ha-creative-button\" data-id=\"ecf2f49\" data-element_type=\"widget\" data-widget_type=\"ha-creative-button.default\">\n\t\t\t\t<div class=\"elementor-widget-container\">\n\t\t\t\t\t<div data-magnetic=\"no\" class=\"ha-creative-btn-wrap\">\n\t\t\t<a class=\"ha-creative-btn ha-stl--hermosa ha-eft--exploit\" href=\"https:\/\/mn-flex.com\/hr\/cilindri\/zaptivke-za-cilindre\/\" rel=\"nofollow\"><span>Zaptivke za cilindre<\/span><\/a>\n\t\t<\/div>\t\t<\/div>\n\t\t\t\t<\/div>\n\t\t\t\t\t\t<\/div>\n\t\t\t\t\t<\/div>\n\t\t<\/div>\n\t\t\t\t\t\t\t\t<\/div>\n\t\t\t\t\t<\/div>\n\t\t<\/section>\n\t\t\t\t\t\t\t\t\t<\/div>\n\t\t\t<\/div>\n\t\t\t\t\t<\/div>","protected":false},"excerpt":{"rendered":"<p>Hidrauli\u010dni cilindri Zaptivke za cilindre Pravilan izbor zaptivnog materijala kao i dimenzija (prednapon!) su klju\u010dni faktori za efikasnost i dugotrajnost Va\u0161ih zaptivnih elemenata. Mi proizvodimo brzo i efikasno zaptivke proizvedene struganjem na CNC stroju u originalnim dimenzijama i materijalima za Va\u0161e potrebe. Izbor adekvatnog materijala zavisi naj\u010de\u0161\u0107e od medija, temperature kao i od pritiska u [&hellip;]<\/p>","protected":false},"author":4,"featured_media":0,"parent":3271,"menu_order":0,"comment_status":"closed","ping_status":"closed","template":"","meta":{"inline_featured_image":false,"_links_to":"","_links_to_target":""},"acf":[],"_links":{"self":[{"href":"https:\/\/mn-flex.com\/hr\/wp-json\/wp\/v2\/pages\/3950"}],"collection":[{"href":"https:\/\/mn-flex.com\/hr\/wp-json\/wp\/v2\/pages"}],"about":[{"href":"https:\/\/mn-flex.com\/hr\/wp-json\/wp\/v2\/types\/page"}],"author":[{"embeddable":true,"href":"https:\/\/mn-flex.com\/hr\/wp-json\/wp\/v2\/users\/4"}],"replies":[{"embeddable":true,"href":"https:\/\/mn-flex.com\/hr\/wp-json\/wp\/v2\/comments?post=3950"}],"version-history":[{"count":19,"href":"https:\/\/mn-flex.com\/hr\/wp-json\/wp\/v2\/pages\/3950\/revisions"}],"predecessor-version":[{"id":6805,"href":"https:\/\/mn-flex.com\/hr\/wp-json\/wp\/v2\/pages\/3950\/revisions\/6805"}],"up":[{"embeddable":true,"href":"https:\/\/mn-flex.com\/hr\/wp-json\/wp\/v2\/pages\/3271"}],"wp:attachment":[{"href":"https:\/\/mn-flex.com\/hr\/wp-json\/wp\/v2\/media?parent=3950"}],"curies":[{"name":"wp","href":"https:\/\/api.w.org\/{rel}","templated":true}]}}