{"id":3344,"date":"2023-04-02T19:01:25","date_gmt":"2023-04-02T17:01:25","guid":{"rendered":"https:\/\/mn-flex.com\/noviSajt\/?page_id=3344"},"modified":"2024-02-05T18:04:54","modified_gmt":"2024-02-05T17:04:54","slug":"masinska-obrada","status":"publish","type":"page","link":"https:\/\/mn-flex.com\/it\/ponuda\/masinska-obrada\/","title":{"rendered":"Lavorazione dei metalli"},"content":{"rendered":"<div data-elementor-type=\"wp-page\" data-elementor-id=\"3344\" class=\"elementor elementor-3344\">\n\t\t\t\t\t\t<div class=\"elementor-inner\">\n\t\t\t\t<div class=\"elementor-section-wrap\">\n\t\t\t\t\t\t\t\t\t<section class=\"elementor-section elementor-top-section elementor-element elementor-element-6d57b3e elementor-section-boxed elementor-section-height-default elementor-section-height-default\" data-id=\"6d57b3e\" data-element_type=\"section\" data-settings=\"{&quot;_ha_eqh_enable&quot;:false}\">\n\t\t\t\t\t\t<div class=\"elementor-container elementor-column-gap-default\">\n\t\t\t\t\t\t\t<div class=\"elementor-row\">\n\t\t\t\t\t<div class=\"elementor-column elementor-col-100 elementor-top-column elementor-element elementor-element-4f838b3\" data-id=\"4f838b3\" data-element_type=\"column\">\n\t\t\t<div class=\"elementor-column-wrap elementor-element-populated\">\n\t\t\t\t\t\t\t<div class=\"elementor-widget-wrap\">\n\t\t\t\t\t\t<div class=\"elementor-element elementor-element-bb97cbc elementor-widget elementor-widget-spacer\" data-id=\"bb97cbc\" data-element_type=\"widget\" data-widget_type=\"spacer.default\">\n\t\t\t\t<div class=\"elementor-widget-container\">\n\t\t\t\t\t<div class=\"elementor-spacer\">\n\t\t\t<div class=\"elementor-spacer-inner\"><\/div>\n\t\t<\/div>\n\t\t\t\t<\/div>\n\t\t\t\t<\/div>\n\t\t\t\t<div class=\"elementor-element elementor-element-04ac448 elementor-widget elementor-widget-fancy-heading\" data-id=\"04ac448\" data-element_type=\"widget\" data-widget_type=\"fancy-heading.default\">\n\t\t\t\t<div class=\"elementor-widget-container\">\n\t\t\t\t\t\n\t\t\t<div class=\"section-head left wt-small-separator-outer\">\n\t\t\t\t\t\t\t\t\t<div class=\"wt-small-separator site-text-primary\">\n\t\t\t\t\t\t<div class=\"sep-leaf-left\"><\/div>\n\t\t\t\t\t\t<div>Lavorazione dei metalli<\/div>\n\t\t\t\t\t\t<div class=\"sep-leaf-right\"><\/div>\n\t\t\t\t\t<\/div>\t\n\t\t\t\t\t\t\t\t\t\n\t\t\t\t<h2>Tecnologia moderna<\/h2>\n\t\t\t<\/div>\n\t\t\t\t\t<\/div>\n\t\t\t\t<\/div>\n\t\t\t\t\t\t<\/div>\n\t\t\t\t\t<\/div>\n\t\t<\/div>\n\t\t\t\t\t\t\t\t<\/div>\n\t\t\t\t\t<\/div>\n\t\t<\/section>\n\t\t\t\t<section class=\"elementor-section elementor-top-section elementor-element elementor-element-1c7aafc elementor-section-boxed elementor-section-height-default elementor-section-height-default\" data-id=\"1c7aafc\" data-element_type=\"section\" data-settings=\"{&quot;_ha_eqh_enable&quot;:false}\">\n\t\t\t\t\t\t<div class=\"elementor-container elementor-column-gap-default\">\n\t\t\t\t\t\t\t<div class=\"elementor-row\">\n\t\t\t\t\t<div class=\"elementor-column elementor-col-50 elementor-top-column elementor-element elementor-element-0e02345\" data-id=\"0e02345\" data-element_type=\"column\">\n\t\t\t<div class=\"elementor-column-wrap elementor-element-populated\">\n\t\t\t\t\t\t\t<div class=\"elementor-widget-wrap\">\n\t\t\t\t\t\t<div class=\"elementor-element elementor-element-3b6ba13 elementor-widget elementor-widget-image\" data-id=\"3b6ba13\" data-element_type=\"widget\" data-widget_type=\"image.default\">\n\t\t\t\t<div class=\"elementor-widget-container\">\n\t\t\t\t\t\t\t\t<div class=\"elementor-image\">\n\t\t\t\t\t\t\t\t\t\t\t\t<img decoding=\"async\" width=\"1000\" height=\"647\" src=\"https:\/\/mn-flex.com\/wp-content\/uploads\/2023\/10\/masinska_obrada_bosna_dobo2j.jpg\" class=\"attachment-full size-full wp-image-4780\" alt=\"\" loading=\"lazy\" srcset=\"https:\/\/mn-flex.com\/wp-content\/uploads\/2023\/10\/masinska_obrada_bosna_dobo2j.jpg 1000w, https:\/\/mn-flex.com\/wp-content\/uploads\/2023\/10\/masinska_obrada_bosna_dobo2j-300x194.jpg 300w, https:\/\/mn-flex.com\/wp-content\/uploads\/2023\/10\/masinska_obrada_bosna_dobo2j-768x497.jpg 768w, https:\/\/mn-flex.com\/wp-content\/uploads\/2023\/10\/masinska_obrada_bosna_dobo2j-480x310.jpg 480w, https:\/\/mn-flex.com\/wp-content\/uploads\/2023\/10\/masinska_obrada_bosna_dobo2j-18x12.jpg 18w\" sizes=\"(max-width: 1000px) 100vw, 1000px\" \/>\t\t\t\t\t\t\t\t\t\t\t\t\t\t<\/div>\n\t\t\t\t\t\t<\/div>\n\t\t\t\t<\/div>\n\t\t\t\t\t\t<\/div>\n\t\t\t\t\t<\/div>\n\t\t<\/div>\n\t\t\t\t<div class=\"elementor-column elementor-col-50 elementor-top-column elementor-element elementor-element-4677e47\" data-id=\"4677e47\" data-element_type=\"column\">\n\t\t\t<div class=\"elementor-column-wrap elementor-element-populated\">\n\t\t\t\t\t\t\t<div class=\"elementor-widget-wrap\">\n\t\t\t\t\t\t<div class=\"elementor-element elementor-element-82c29ba elementor-widget elementor-widget-text-editor\" data-id=\"82c29ba\" data-element_type=\"widget\" data-widget_type=\"text-editor.default\">\n\t\t\t\t<div class=\"elementor-widget-container\">\n\t\t\t\t\t\t\t\t<div class=\"elementor-text-editor elementor-clearfix\">\n\t\t\t\t<p class=\" translation-block\">Con tecnologie moderne e una vasta esperienza nella lavorazione dei metalli, possiamo rispondere ai vostri desideri indipendentemente dal tipo di materiale o dalle dimensioni della serie. La maggior parte dei prodotti sono realizzati su ordinazione. Copriamo una gamma completa per diversi settori. Produzione di parti metalliche, componenti e assemblaggi con alta precisione e finitura.<\/p><p><span style=\"font-weight: 400;\">Raggiungimento delle tolleranze pi\u00f9 esigenti, lavorazione di alta qualit\u00e0 di metalli e materiali termoplastici, tempi di consegna rapidi delle parti ordinate. La qualit\u00e0 dei nostri prodotti si basa su molti anni di esperienza nella lavorazione dei metalli con tecnologia CNC.<\/span><\/p><p><span style=\"font-weight: 400;\">Disponiamo di macchinari moderni con la tendenza a diffondere e introdurre nuove tecnologie di lavorazione dei metalli e dei non metalli.<\/span><\/p><p><span style=\"font-weight: 400;\">Che si tratti di tornitura, fresatura, foratura o saldatura, abbiamo la soluzione giusta per le vostre esigenze.<\/span><\/p>\t\t\t\t\t<\/div>\n\t\t\t\t\t\t<\/div>\n\t\t\t\t<\/div>\n\t\t\t\t\t\t<\/div>\n\t\t\t\t\t<\/div>\n\t\t<\/div>\n\t\t\t\t\t\t\t\t<\/div>\n\t\t\t\t\t<\/div>\n\t\t<\/section>\n\t\t\t\t<section class=\"elementor-section elementor-top-section elementor-element elementor-element-b924e01 elementor-section-boxed elementor-section-height-default elementor-section-height-default\" data-id=\"b924e01\" data-element_type=\"section\" data-settings=\"{&quot;_ha_eqh_enable&quot;:false}\">\n\t\t\t\t\t\t<div class=\"elementor-container elementor-column-gap-default\">\n\t\t\t\t\t\t\t<div class=\"elementor-row\">\n\t\t\t\t\t<div class=\"elementor-column elementor-col-100 elementor-top-column elementor-element elementor-element-e7b6448\" data-id=\"e7b6448\" data-element_type=\"column\">\n\t\t\t<div class=\"elementor-column-wrap elementor-element-populated\">\n\t\t\t\t\t\t\t<div class=\"elementor-widget-wrap\">\n\t\t\t\t\t\t<div class=\"elementor-element elementor-element-edb9aa4 elementor-widget elementor-widget-spacer\" data-id=\"edb9aa4\" data-element_type=\"widget\" data-widget_type=\"spacer.default\">\n\t\t\t\t<div class=\"elementor-widget-container\">\n\t\t\t\t\t<div class=\"elementor-spacer\">\n\t\t\t<div class=\"elementor-spacer-inner\"><\/div>\n\t\t<\/div>\n\t\t\t\t<\/div>\n\t\t\t\t<\/div>\n\t\t\t\t\t\t<\/div>\n\t\t\t\t\t<\/div>\n\t\t<\/div>\n\t\t\t\t\t\t\t\t<\/div>\n\t\t\t\t\t<\/div>\n\t\t<\/section>\n\t\t\t\t<section class=\"elementor-section elementor-top-section elementor-element elementor-element-998da8c elementor-section-boxed elementor-section-height-default elementor-section-height-default\" data-id=\"998da8c\" data-element_type=\"section\" data-settings=\"{&quot;_ha_eqh_enable&quot;:false}\">\n\t\t\t\t\t\t<div class=\"elementor-container elementor-column-gap-default\">\n\t\t\t\t\t\t\t<div class=\"elementor-row\">\n\t\t\t\t\t<div class=\"elementor-column elementor-col-25 elementor-top-column elementor-element elementor-element-402c1aa\" data-id=\"402c1aa\" data-element_type=\"column\">\n\t\t\t<div class=\"elementor-column-wrap elementor-element-populated\">\n\t\t\t\t\t\t\t<div class=\"elementor-widget-wrap\">\n\t\t\t\t\t\t<div class=\"elementor-element elementor-element-735256e elementor-widget elementor-widget-image\" data-id=\"735256e\" data-element_type=\"widget\" data-widget_type=\"image.default\">\n\t\t\t\t<div class=\"elementor-widget-container\">\n\t\t\t\t\t\t\t\t<div class=\"elementor-image\">\n\t\t\t\t\t\t\t\t\t\t\t\t<img decoding=\"async\" width=\"580\" height=\"348\" src=\"https:\/\/mn-flex.com\/wp-content\/uploads\/2023\/10\/gradjevinska-industrija-mnflex.jpg\" class=\"attachment-large size-large wp-image-4785\" alt=\"\" loading=\"lazy\" srcset=\"https:\/\/mn-flex.com\/wp-content\/uploads\/2023\/10\/gradjevinska-industrija-mnflex.jpg 600w, https:\/\/mn-flex.com\/wp-content\/uploads\/2023\/10\/gradjevinska-industrija-mnflex-300x180.jpg 300w, https:\/\/mn-flex.com\/wp-content\/uploads\/2023\/10\/gradjevinska-industrija-mnflex-447x268.jpg 447w, https:\/\/mn-flex.com\/wp-content\/uploads\/2023\/10\/gradjevinska-industrija-mnflex-18x12.jpg 18w\" sizes=\"(max-width: 580px) 100vw, 580px\" \/>\t\t\t\t\t\t\t\t\t\t\t\t\t\t<\/div>\n\t\t\t\t\t\t<\/div>\n\t\t\t\t<\/div>\n\t\t\t\t<div class=\"elementor-element elementor-element-dc09b2f elementor-widget elementor-widget-text-editor\" data-id=\"dc09b2f\" data-element_type=\"widget\" data-widget_type=\"text-editor.default\">\n\t\t\t\t<div class=\"elementor-widget-container\">\n\t\t\t\t\t\t\t\t<div class=\"elementor-text-editor elementor-clearfix\">\n\t\t\t\t<p>Industria di costruzioni<\/p>\t\t\t\t\t<\/div>\n\t\t\t\t\t\t<\/div>\n\t\t\t\t<\/div>\n\t\t\t\t\t\t<\/div>\n\t\t\t\t\t<\/div>\n\t\t<\/div>\n\t\t\t\t<div class=\"elementor-column elementor-col-25 elementor-top-column elementor-element elementor-element-e3527fb\" data-id=\"e3527fb\" data-element_type=\"column\">\n\t\t\t<div class=\"elementor-column-wrap elementor-element-populated\">\n\t\t\t\t\t\t\t<div class=\"elementor-widget-wrap\">\n\t\t\t\t\t\t<div class=\"elementor-element elementor-element-37b92aa elementor-widget elementor-widget-image\" data-id=\"37b92aa\" data-element_type=\"widget\" data-widget_type=\"image.default\">\n\t\t\t\t<div class=\"elementor-widget-container\">\n\t\t\t\t\t\t\t\t<div class=\"elementor-image\">\n\t\t\t\t\t\t\t\t\t\t\t\t<img decoding=\"async\" width=\"580\" height=\"348\" src=\"https:\/\/mn-flex.com\/wp-content\/uploads\/2023\/10\/prehrambena-industrija.jpg\" class=\"attachment-large size-large wp-image-4787\" alt=\"\" loading=\"lazy\" srcset=\"https:\/\/mn-flex.com\/wp-content\/uploads\/2023\/10\/prehrambena-industrija.jpg 600w, https:\/\/mn-flex.com\/wp-content\/uploads\/2023\/10\/prehrambena-industrija-300x180.jpg 300w, https:\/\/mn-flex.com\/wp-content\/uploads\/2023\/10\/prehrambena-industrija-447x268.jpg 447w, https:\/\/mn-flex.com\/wp-content\/uploads\/2023\/10\/prehrambena-industrija-18x12.jpg 18w\" sizes=\"(max-width: 580px) 100vw, 580px\" \/>\t\t\t\t\t\t\t\t\t\t\t\t\t\t<\/div>\n\t\t\t\t\t\t<\/div>\n\t\t\t\t<\/div>\n\t\t\t\t<div class=\"elementor-element elementor-element-301478b elementor-widget elementor-widget-text-editor\" data-id=\"301478b\" data-element_type=\"widget\" data-widget_type=\"text-editor.default\">\n\t\t\t\t<div class=\"elementor-widget-container\">\n\t\t\t\t\t\t\t\t<div class=\"elementor-text-editor elementor-clearfix\">\n\t\t\t\t<p>Industria alimentare<\/p>\t\t\t\t\t<\/div>\n\t\t\t\t\t\t<\/div>\n\t\t\t\t<\/div>\n\t\t\t\t\t\t<\/div>\n\t\t\t\t\t<\/div>\n\t\t<\/div>\n\t\t\t\t<div class=\"elementor-column elementor-col-25 elementor-top-column elementor-element elementor-element-a7384bf\" data-id=\"a7384bf\" data-element_type=\"column\">\n\t\t\t<div class=\"elementor-column-wrap elementor-element-populated\">\n\t\t\t\t\t\t\t<div class=\"elementor-widget-wrap\">\n\t\t\t\t\t\t<div class=\"elementor-element elementor-element-b429516 elementor-widget elementor-widget-image\" data-id=\"b429516\" data-element_type=\"widget\" data-widget_type=\"image.default\">\n\t\t\t\t<div class=\"elementor-widget-container\">\n\t\t\t\t\t\t\t\t<div class=\"elementor-image\">\n\t\t\t\t\t\t\t\t\t\t\t\t<img decoding=\"async\" width=\"580\" height=\"348\" src=\"https:\/\/mn-flex.com\/wp-content\/uploads\/2023\/10\/autoindustrija_mnflex.jpg\" class=\"attachment-large size-large wp-image-4784\" alt=\"\" loading=\"lazy\" srcset=\"https:\/\/mn-flex.com\/wp-content\/uploads\/2023\/10\/autoindustrija_mnflex.jpg 600w, https:\/\/mn-flex.com\/wp-content\/uploads\/2023\/10\/autoindustrija_mnflex-300x180.jpg 300w, https:\/\/mn-flex.com\/wp-content\/uploads\/2023\/10\/autoindustrija_mnflex-447x268.jpg 447w, https:\/\/mn-flex.com\/wp-content\/uploads\/2023\/10\/autoindustrija_mnflex-18x12.jpg 18w\" sizes=\"(max-width: 580px) 100vw, 580px\" \/>\t\t\t\t\t\t\t\t\t\t\t\t\t\t<\/div>\n\t\t\t\t\t\t<\/div>\n\t\t\t\t<\/div>\n\t\t\t\t<div class=\"elementor-element elementor-element-3ec356e elementor-widget elementor-widget-text-editor\" data-id=\"3ec356e\" data-element_type=\"widget\" data-widget_type=\"text-editor.default\">\n\t\t\t\t<div class=\"elementor-widget-container\">\n\t\t\t\t\t\t\t\t<div class=\"elementor-text-editor elementor-clearfix\">\n\t\t\t\t<p>Industria automobilistica<\/p>\t\t\t\t\t<\/div>\n\t\t\t\t\t\t<\/div>\n\t\t\t\t<\/div>\n\t\t\t\t\t\t<\/div>\n\t\t\t\t\t<\/div>\n\t\t<\/div>\n\t\t\t\t<div class=\"elementor-column elementor-col-25 elementor-top-column elementor-element elementor-element-f24aa17\" data-id=\"f24aa17\" data-element_type=\"column\">\n\t\t\t<div class=\"elementor-column-wrap elementor-element-populated\">\n\t\t\t\t\t\t\t<div class=\"elementor-widget-wrap\">\n\t\t\t\t\t\t<div class=\"elementor-element elementor-element-4af2ca6 elementor-widget elementor-widget-image\" data-id=\"4af2ca6\" data-element_type=\"widget\" data-widget_type=\"image.default\">\n\t\t\t\t<div class=\"elementor-widget-container\">\n\t\t\t\t\t\t\t\t<div class=\"elementor-image\">\n\t\t\t\t\t\t\t\t\t\t\t\t<img decoding=\"async\" width=\"580\" height=\"348\" src=\"https:\/\/mn-flex.com\/wp-content\/uploads\/2023\/10\/hemijska-industrija-mnflex.jpg\" class=\"attachment-large size-large wp-image-4786\" alt=\"\" loading=\"lazy\" srcset=\"https:\/\/mn-flex.com\/wp-content\/uploads\/2023\/10\/hemijska-industrija-mnflex.jpg 600w, https:\/\/mn-flex.com\/wp-content\/uploads\/2023\/10\/hemijska-industrija-mnflex-300x180.jpg 300w, https:\/\/mn-flex.com\/wp-content\/uploads\/2023\/10\/hemijska-industrija-mnflex-447x268.jpg 447w, https:\/\/mn-flex.com\/wp-content\/uploads\/2023\/10\/hemijska-industrija-mnflex-18x12.jpg 18w\" sizes=\"(max-width: 580px) 100vw, 580px\" \/>\t\t\t\t\t\t\t\t\t\t\t\t\t\t<\/div>\n\t\t\t\t\t\t<\/div>\n\t\t\t\t<\/div>\n\t\t\t\t<div class=\"elementor-element elementor-element-8144c10 elementor-widget elementor-widget-text-editor\" data-id=\"8144c10\" data-element_type=\"widget\" data-widget_type=\"text-editor.default\">\n\t\t\t\t<div class=\"elementor-widget-container\">\n\t\t\t\t\t\t\t\t<div class=\"elementor-text-editor elementor-clearfix\">\n\t\t\t\t<p>Industria chimica<\/p>\t\t\t\t\t<\/div>\n\t\t\t\t\t\t<\/div>\n\t\t\t\t<\/div>\n\t\t\t\t\t\t<\/div>\n\t\t\t\t\t<\/div>\n\t\t<\/div>\n\t\t\t\t\t\t\t\t<\/div>\n\t\t\t\t\t<\/div>\n\t\t<\/section>\n\t\t\t\t<section class=\"elementor-section elementor-top-section elementor-element elementor-element-7261585 elementor-section-boxed elementor-section-height-default elementor-section-height-default\" data-id=\"7261585\" data-element_type=\"section\" data-settings=\"{&quot;_ha_eqh_enable&quot;:false}\">\n\t\t\t\t\t\t<div class=\"elementor-container elementor-column-gap-default\">\n\t\t\t\t\t\t\t<div class=\"elementor-row\">\n\t\t\t\t\t<div class=\"elementor-column elementor-col-100 elementor-top-column elementor-element elementor-element-3ad9421\" data-id=\"3ad9421\" data-element_type=\"column\">\n\t\t\t<div class=\"elementor-column-wrap elementor-element-populated\">\n\t\t\t\t\t\t\t<div class=\"elementor-widget-wrap\">\n\t\t\t\t\t\t<div class=\"elementor-element elementor-element-386312e elementor-widget elementor-widget-spacer\" data-id=\"386312e\" data-element_type=\"widget\" data-widget_type=\"spacer.default\">\n\t\t\t\t<div class=\"elementor-widget-container\">\n\t\t\t\t\t<div class=\"elementor-spacer\">\n\t\t\t<div class=\"elementor-spacer-inner\"><\/div>\n\t\t<\/div>\n\t\t\t\t<\/div>\n\t\t\t\t<\/div>\n\t\t\t\t\t\t<\/div>\n\t\t\t\t\t<\/div>\n\t\t<\/div>\n\t\t\t\t\t\t\t\t<\/div>\n\t\t\t\t\t<\/div>\n\t\t<\/section>\n\t\t\t\t<section class=\"elementor-section elementor-top-section elementor-element elementor-element-250cbc6 elementor-section-boxed elementor-section-height-default elementor-section-height-default\" data-id=\"250cbc6\" data-element_type=\"section\" data-settings=\"{&quot;_ha_eqh_enable&quot;:false}\">\n\t\t\t\t\t\t<div class=\"elementor-container elementor-column-gap-default\">\n\t\t\t\t\t\t\t<div class=\"elementor-row\">\n\t\t\t\t\t<div class=\"elementor-column elementor-col-33 elementor-top-column elementor-element elementor-element-c2b612d\" data-id=\"c2b612d\" data-element_type=\"column\">\n\t\t\t<div class=\"elementor-column-wrap elementor-element-populated\">\n\t\t\t\t\t\t\t<div class=\"elementor-widget-wrap\">\n\t\t\t\t\t\t<div class=\"elementor-element elementor-element-9403e03 ha-infobox-media-dir-top elementor-widget elementor-widget-ha-infobox happy-addon ha-infobox\" data-id=\"9403e03\" data-element_type=\"widget\" data-widget_type=\"ha-infobox.default\">\n\t\t\t\t<div class=\"elementor-widget-container\">\n\t\t\t\n\t\t\t\t\t<figure class=\"ha-infobox-figure ha-infobox-figure--icon\">\n\t\t\t\t<i aria-hidden=\"true\" class=\"hm hm-shield\"><\/i>\t\t\t<\/figure>\n\t\t\n\t\t<div class=\"ha-infobox-body\">\n\t\t\t<h2 class=\"ha-infobox-title\">Qualit\u00e0 e affidabilit\u00e0<\/h2>\n\t\t\t\t\t\t\t<div class=\"ha-infobox-text\">\n\t\t\t\t\t<p>Un approccio individuale ad ogni esigenza dei nostri clienti<br>\nSolo la soluzione migliore \u00e8 abbastanza buona\n<br>\nISO 9001:2015<\/p>\n\t\t\t\t<\/div>\n\t\t\t\n\t\t\t\t\t<\/div>\n\t\t\t\t<\/div>\n\t\t\t\t<\/div>\n\t\t\t\t\t\t<\/div>\n\t\t\t\t\t<\/div>\n\t\t<\/div>\n\t\t\t\t<div class=\"elementor-column elementor-col-33 elementor-top-column elementor-element elementor-element-821e199\" data-id=\"821e199\" data-element_type=\"column\">\n\t\t\t<div class=\"elementor-column-wrap elementor-element-populated\">\n\t\t\t\t\t\t\t<div class=\"elementor-widget-wrap\">\n\t\t\t\t\t\t<div class=\"elementor-element elementor-element-cf620cc ha-infobox-media-dir-top elementor-widget elementor-widget-ha-infobox happy-addon ha-infobox\" data-id=\"cf620cc\" data-element_type=\"widget\" data-widget_type=\"ha-infobox.default\">\n\t\t\t\t<div class=\"elementor-widget-container\">\n\t\t\t\n\t\t\t\t\t<figure class=\"ha-infobox-figure ha-infobox-figure--icon\">\n\t\t\t\t<i aria-hidden=\"true\" class=\"hm hm-team-member\"><\/i>\t\t\t<\/figure>\n\t\t\n\t\t<div class=\"ha-infobox-body\">\n\t\t\t<h2 class=\"ha-infobox-title\">Personale qualificato<\/h2>\n\t\t\t\t\t\t\t<div class=\"ha-infobox-text\">\n\t\t\t\t\t<p>Esperienza pluriennale nel settore\n<br>\nMiglioramento continuo\n<br>\nSeguire costantemente gli sviluppi tecnologici<\/p>\n\t\t\t\t<\/div>\n\t\t\t\n\t\t\t\t\t<\/div>\n\t\t\t\t<\/div>\n\t\t\t\t<\/div>\n\t\t\t\t\t\t<\/div>\n\t\t\t\t\t<\/div>\n\t\t<\/div>\n\t\t\t\t<div class=\"elementor-column elementor-col-33 elementor-top-column elementor-element elementor-element-d825672\" data-id=\"d825672\" data-element_type=\"column\">\n\t\t\t<div class=\"elementor-column-wrap elementor-element-populated\">\n\t\t\t\t\t\t\t<div class=\"elementor-widget-wrap\">\n\t\t\t\t\t\t<div class=\"elementor-element elementor-element-eb89ab6 ha-infobox-media-dir-top elementor-widget elementor-widget-ha-infobox happy-addon ha-infobox\" data-id=\"eb89ab6\" data-element_type=\"widget\" data-widget_type=\"ha-infobox.default\">\n\t\t\t\t<div class=\"elementor-widget-container\">\n\t\t\t\n\t\t\t\t\t<figure class=\"ha-infobox-figure ha-infobox-figure--icon\">\n\t\t\t\t<i aria-hidden=\"true\" class=\"hm hm-lens\"><\/i>\t\t\t<\/figure>\n\t\t\n\t\t<div class=\"ha-infobox-body\">\n\t\t\t<h2 class=\"ha-infobox-title\">Parco macchine<\/h2>\n\t\t\t\t\t\t\t<div class=\"ha-infobox-text\">\n\t\t\t\t\t<p>Macchine CNC all'avanguardia\n<br>\nManutenzione regolare da parte del produttore\n<br>\nAmpliamento costante del parco macchine<\/p>\n\t\t\t\t<\/div>\n\t\t\t\n\t\t\t\t\t<\/div>\n\t\t\t\t<\/div>\n\t\t\t\t<\/div>\n\t\t\t\t\t\t<\/div>\n\t\t\t\t\t<\/div>\n\t\t<\/div>\n\t\t\t\t\t\t\t\t<\/div>\n\t\t\t\t\t<\/div>\n\t\t<\/section>\n\t\t\t\t<section class=\"elementor-section elementor-top-section elementor-element elementor-element-705c580 elementor-section-boxed elementor-section-height-default elementor-section-height-default\" data-id=\"705c580\" data-element_type=\"section\" data-settings=\"{&quot;_ha_eqh_enable&quot;:false}\">\n\t\t\t\t\t\t<div class=\"elementor-container elementor-column-gap-default\">\n\t\t\t\t\t\t\t<div class=\"elementor-row\">\n\t\t\t\t\t<div class=\"elementor-column elementor-col-100 elementor-top-column elementor-element elementor-element-12c9c4b\" data-id=\"12c9c4b\" data-element_type=\"column\">\n\t\t\t<div class=\"elementor-column-wrap\">\n\t\t\t\t\t\t\t<div class=\"elementor-widget-wrap\">\n\t\t\t\t\t\t\t\t<\/div>\n\t\t\t\t\t<\/div>\n\t\t<\/div>\n\t\t\t\t\t\t\t\t<\/div>\n\t\t\t\t\t<\/div>\n\t\t<\/section>\n\t\t\t\t<section class=\"elementor-section elementor-top-section elementor-element elementor-element-35eb6cd elementor-section-boxed elementor-section-height-default elementor-section-height-default\" data-id=\"35eb6cd\" data-element_type=\"section\" data-settings=\"{&quot;_ha_eqh_enable&quot;:false}\">\n\t\t\t\t\t\t<div class=\"elementor-container elementor-column-gap-default\">\n\t\t\t\t\t\t\t<div class=\"elementor-row\">\n\t\t\t\t\t<div class=\"elementor-column elementor-col-100 elementor-top-column elementor-element elementor-element-cb29287\" data-id=\"cb29287\" data-element_type=\"column\">\n\t\t\t<div class=\"elementor-column-wrap elementor-element-populated\">\n\t\t\t\t\t\t\t<div class=\"elementor-widget-wrap\">\n\t\t\t\t\t\t<div class=\"elementor-element elementor-element-5d955c2 elementor-widget elementor-widget-spacer\" data-id=\"5d955c2\" data-element_type=\"widget\" data-widget_type=\"spacer.default\">\n\t\t\t\t<div class=\"elementor-widget-container\">\n\t\t\t\t\t<div class=\"elementor-spacer\">\n\t\t\t<div class=\"elementor-spacer-inner\"><\/div>\n\t\t<\/div>\n\t\t\t\t<\/div>\n\t\t\t\t<\/div>\n\t\t\t\t\t\t<\/div>\n\t\t\t\t\t<\/div>\n\t\t<\/div>\n\t\t\t\t\t\t\t\t<\/div>\n\t\t\t\t\t<\/div>\n\t\t<\/section>\n\t\t\t\t\t\t\t\t\t<\/div>\n\t\t\t<\/div>\n\t\t\t\t\t<\/div>","protected":false},"excerpt":{"rendered":"<p>Ma\u0161inska obrada Savremena tehnologija Upotrebom savremenih tehnologija i velikim iskustvom u obradi metala mo\u017eemo da odgovorimo na Va\u0161e zahtjeve bez obzira na vrstu materijala ili veli\u010dinu serije. Ve\u0107ina proizvoda se radi po porud\u017ebini. Pokrivamo kompletan asortiman za razli\u010dite grane industrije. Proizvodnja metalnih dijelova, komponenti i sklopova visoke preciznosti i zavr\u0161ne obrade. Postizanje najzahtevnijih tolerancija, visokog [&hellip;]<\/p>","protected":false},"author":4,"featured_media":0,"parent":334,"menu_order":0,"comment_status":"closed","ping_status":"closed","template":"","meta":{"inline_featured_image":false,"_links_to":"","_links_to_target":""},"acf":[],"_links":{"self":[{"href":"https:\/\/mn-flex.com\/it\/wp-json\/wp\/v2\/pages\/3344"}],"collection":[{"href":"https:\/\/mn-flex.com\/it\/wp-json\/wp\/v2\/pages"}],"about":[{"href":"https:\/\/mn-flex.com\/it\/wp-json\/wp\/v2\/types\/page"}],"author":[{"embeddable":true,"href":"https:\/\/mn-flex.com\/it\/wp-json\/wp\/v2\/users\/4"}],"replies":[{"embeddable":true,"href":"https:\/\/mn-flex.com\/it\/wp-json\/wp\/v2\/comments?post=3344"}],"version-history":[{"count":1,"href":"https:\/\/mn-flex.com\/it\/wp-json\/wp\/v2\/pages\/3344\/revisions"}],"predecessor-version":[{"id":6334,"href":"https:\/\/mn-flex.com\/it\/wp-json\/wp\/v2\/pages\/3344\/revisions\/6334"}],"up":[{"embeddable":true,"href":"https:\/\/mn-flex.com\/it\/wp-json\/wp\/v2\/pages\/334"}],"wp:attachment":[{"href":"https:\/\/mn-flex.com\/it\/wp-json\/wp\/v2\/media?parent=3344"}],"curies":[{"name":"wp","href":"https:\/\/api.w.org\/{rel}","templated":true}]}}