{"id":3923,"date":"2023-09-28T20:01:16","date_gmt":"2023-09-28T18:01:16","guid":{"rendered":"https:\/\/mn-flex.com\/noviSajt\/?page_id=3923"},"modified":"2024-01-04T16:19:58","modified_gmt":"2024-01-04T15:19:58","slug":"remont-cilindara","status":"publish","type":"page","link":"https:\/\/mn-flex.com\/it\/ponuda\/cilindri\/remont-cilindara\/","title":{"rendered":"Revisione cilindri"},"content":{"rendered":"<div data-elementor-type=\"wp-page\" data-elementor-id=\"3923\" class=\"elementor elementor-3923\">\n\t\t\t\t\t\t<div class=\"elementor-inner\">\n\t\t\t\t<div class=\"elementor-section-wrap\">\n\t\t\t\t\t\t\t\t\t<section class=\"elementor-section elementor-top-section elementor-element elementor-element-b14cfb3 elementor-section-boxed elementor-section-height-default elementor-section-height-default\" data-id=\"b14cfb3\" data-element_type=\"section\" data-settings=\"{&quot;_ha_eqh_enable&quot;:false}\">\n\t\t\t\t\t\t<div class=\"elementor-container elementor-column-gap-default\">\n\t\t\t\t\t\t\t<div class=\"elementor-row\">\n\t\t\t\t\t<div class=\"elementor-column elementor-col-100 elementor-top-column elementor-element elementor-element-ae83950\" data-id=\"ae83950\" data-element_type=\"column\">\n\t\t\t<div class=\"elementor-column-wrap elementor-element-populated\">\n\t\t\t\t\t\t\t<div class=\"elementor-widget-wrap\">\n\t\t\t\t\t\t<div class=\"elementor-element elementor-element-17b937c elementor-widget elementor-widget-fancy-heading\" data-id=\"17b937c\" data-element_type=\"widget\" data-widget_type=\"fancy-heading.default\">\n\t\t\t\t<div class=\"elementor-widget-container\">\n\t\t\t\t\t\n\t\t\t<div class=\"section-head left wt-small-separator-outer\">\n\t\t\t\t\t\t\t\t\t<div class=\"wt-small-separator site-text-primary\">\n\t\t\t\t\t\t<div class=\"sep-leaf-left\"><\/div>\n\t\t\t\t\t\t<div>Cilindri idraulici<\/div>\n\t\t\t\t\t\t<div class=\"sep-leaf-right\"><\/div>\n\t\t\t\t\t<\/div>\t\n\t\t\t\t\t\t\t\t\t\n\t\t\t\t<h2>Revisione cilindri<\/h2>\n\t\t\t<\/div>\n\t\t\t\t\t<\/div>\n\t\t\t\t<\/div>\n\t\t\t\t\t\t<\/div>\n\t\t\t\t\t<\/div>\n\t\t<\/div>\n\t\t\t\t\t\t\t\t<\/div>\n\t\t\t\t\t<\/div>\n\t\t<\/section>\n\t\t\t\t<section class=\"elementor-section elementor-top-section elementor-element elementor-element-8f793d1 elementor-section-boxed elementor-section-height-default elementor-section-height-default\" data-id=\"8f793d1\" data-element_type=\"section\" data-settings=\"{&quot;_ha_eqh_enable&quot;:false}\">\n\t\t\t\t\t\t<div class=\"elementor-container elementor-column-gap-default\">\n\t\t\t\t\t\t\t<div class=\"elementor-row\">\n\t\t\t\t\t<div class=\"elementor-column elementor-col-50 elementor-top-column elementor-element elementor-element-a755596\" data-id=\"a755596\" data-element_type=\"column\">\n\t\t\t<div class=\"elementor-column-wrap elementor-element-populated\">\n\t\t\t\t\t\t\t<div class=\"elementor-widget-wrap\">\n\t\t\t\t\t\t<div class=\"elementor-element elementor-element-fae77f0 elementor-widget elementor-widget-image\" data-id=\"fae77f0\" data-element_type=\"widget\" data-widget_type=\"image.default\">\n\t\t\t\t<div class=\"elementor-widget-container\">\n\t\t\t\t\t\t\t\t<div class=\"elementor-image\">\n\t\t\t\t\t\t\t\t\t\t\t\t<img decoding=\"async\" width=\"800\" height=\"546\" src=\"https:\/\/mn-flex.com\/wp-content\/uploads\/2023\/10\/izrada2_cilindara_doboj.jpg\" class=\"attachment-full size-full wp-image-4927\" alt=\"\" loading=\"lazy\" srcset=\"https:\/\/mn-flex.com\/wp-content\/uploads\/2023\/10\/izrada2_cilindara_doboj.jpg 800w, https:\/\/mn-flex.com\/wp-content\/uploads\/2023\/10\/izrada2_cilindara_doboj-300x205.jpg 300w, https:\/\/mn-flex.com\/wp-content\/uploads\/2023\/10\/izrada2_cilindara_doboj-768x524.jpg 768w, https:\/\/mn-flex.com\/wp-content\/uploads\/2023\/10\/izrada2_cilindara_doboj-18x12.jpg 18w\" sizes=\"(max-width: 800px) 100vw, 800px\" \/>\t\t\t\t\t\t\t\t\t\t\t\t\t\t<\/div>\n\t\t\t\t\t\t<\/div>\n\t\t\t\t<\/div>\n\t\t\t\t<div class=\"elementor-element elementor-element-c0044e1 elementor-widget elementor-widget-image\" data-id=\"c0044e1\" data-element_type=\"widget\" data-widget_type=\"image.default\">\n\t\t\t\t<div class=\"elementor-widget-container\">\n\t\t\t\t\t\t\t\t<div class=\"elementor-image\">\n\t\t\t\t\t\t\t\t\t\t\t\t<img decoding=\"async\" width=\"580\" height=\"331\" src=\"https:\/\/mn-flex.com\/wp-content\/uploads\/2023\/09\/remont_cilindara_bosna.jpg\" class=\"attachment-large size-large wp-image-3932\" alt=\"\" loading=\"lazy\" srcset=\"https:\/\/mn-flex.com\/wp-content\/uploads\/2023\/09\/remont_cilindara_bosna.jpg 1000w, https:\/\/mn-flex.com\/wp-content\/uploads\/2023\/09\/remont_cilindara_bosna-300x171.jpg 300w, https:\/\/mn-flex.com\/wp-content\/uploads\/2023\/09\/remont_cilindara_bosna-768x438.jpg 768w, https:\/\/mn-flex.com\/wp-content\/uploads\/2023\/09\/remont_cilindara_bosna-18x10.jpg 18w\" sizes=\"(max-width: 580px) 100vw, 580px\" \/>\t\t\t\t\t\t\t\t\t\t\t\t\t\t<\/div>\n\t\t\t\t\t\t<\/div>\n\t\t\t\t<\/div>\n\t\t\t\t\t\t<\/div>\n\t\t\t\t\t<\/div>\n\t\t<\/div>\n\t\t\t\t<div class=\"elementor-column elementor-col-50 elementor-top-column elementor-element elementor-element-7ac4866\" data-id=\"7ac4866\" data-element_type=\"column\">\n\t\t\t<div class=\"elementor-column-wrap elementor-element-populated\">\n\t\t\t\t\t\t\t<div class=\"elementor-widget-wrap\">\n\t\t\t\t\t\t<div class=\"elementor-element elementor-element-aca2cf1 elementor-widget elementor-widget-text-editor\" data-id=\"aca2cf1\" data-element_type=\"widget\" data-widget_type=\"text-editor.default\">\n\t\t\t\t<div class=\"elementor-widget-container\">\n\t\t\t\t\t\t\t\t<div class=\"elementor-text-editor elementor-clearfix\">\n\t\t\t\t<p style=\"line-height: 18.75pt; background: white; margin: 0cm 0cm 15.0pt 0cm;\"><span style=\"font-size: 13.0pt; font-family: 'Arial',sans-serif; color: #181818;\">Che tu voglia una revisione preventiva del cilindro o che tu abbia un problema acuto con un cilindro idraulico da risolvere in modo preciso e veloce con la garanzia del lavoro svolto, sei nel posto giusto.<\/span><\/p><p style=\"line-height: 18.75pt; background: white; box-sizing: border-box; font-variant-ligatures: normal; font-variant-caps: normal; orphans: 2; widows: 2; -webkit-text-stroke-width: 0px; text-decoration-thickness: initial; text-decoration-style: initial; text-decoration-color: initial; word-spacing: 0px; margin: 0cm 0cm 15.0pt 0cm;\"><span style=\"font-size: 13.0pt; font-family: 'Arial',sans-serif; color: #181818;\">I nostri clienti fanno affidamento su molti anni di esperienza, attrezzature moderne e un processo chiaro che utilizziamo durante la revisione di ogni singolo cilindro.<\/span><\/p><p style=\"line-height: 18.75pt; background: white; box-sizing: border-box; font-variant-ligatures: normal; font-variant-caps: normal; orphans: 2; widows: 2; -webkit-text-stroke-width: 0px; text-decoration-thickness: initial; text-decoration-style: initial; text-decoration-color: initial; word-spacing: 0px; margin: 0cm 0cm 15.0pt 0cm;\"><span style=\"font-size: 13.0pt; font-family: 'Arial',sans-serif; color: #181818;\">Innanzitutto \u00e8 necessario smontare attentamente i cilindri idraulici per determinare la natura del problema e l'entit\u00e0 della revisione. Ci\u00f2 richiede la rimozione delle guarnizioni, dell'asta del pistone e di altre parti per accedere ai componenti interni del cilindro.<\/span><\/p><p style=\"line-height: 18.75pt; background: white; box-sizing: border-box; font-variant-ligatures: normal; font-variant-caps: normal; orphans: 2; widows: 2; -webkit-text-stroke-width: 0px; text-decoration-thickness: initial; text-decoration-style: initial; text-decoration-color: initial; word-spacing: 0px; margin: 0cm 0cm 15.0pt 0cm;\"><span style=\"font-size: 13.0pt; font-family: 'Arial',sans-serif; color: #181818;\">Dopo lo smontaggio, viene effettuata un'ispezione approfondita di tutte le parti per determinare cosa deve essere riparato o sostituito. Guarnizioni, pistoni, tubi del cilindro e altri componenti danneggiati devono essere sostituiti affinch\u00e9 il cilindro funzioni di nuovo in modo ottimale.<\/span><\/p><p style=\"line-height: 18.75pt; background: white; box-sizing: border-box; font-variant-ligatures: normal; font-variant-caps: normal; orphans: 2; widows: 2; -webkit-text-stroke-width: 0px; text-decoration-thickness: initial; text-decoration-style: initial; text-decoration-color: initial; word-spacing: 0px; margin: 0cm 0cm 15.0pt 0cm;\"><span style=\"font-size: 13.0pt; font-family: 'Arial',sans-serif; color: #181818;\">Dopo aver sostituito le parti danneggiate, il cilindro viene assemblato e tarato. Il corretto posizionamento e regolazione di valvole, raccordi e altri componenti \u00e8 fondamentale per un funzionamento sicuro e affidabile.<\/span><\/p><p style=\"line-height: 18.75pt; background: white; box-sizing: border-box; font-variant-ligatures: normal; font-variant-caps: normal; orphans: 2; widows: 2; -webkit-text-stroke-width: 0px; text-decoration-thickness: initial; text-decoration-style: initial; text-decoration-color: initial; word-spacing: 0px; margin: 0cm 0cm 15.0pt 0cm;\"><span style=\"font-size: 13.0pt; font-family: 'Arial',sans-serif; color: #181818;\">Nella fase finale, ogni cilindro idraulico viene testato per verificarne la funzionalit\u00e0 e l'affidabilit\u00e0. Ci\u00f2 include test di pressione, velocit\u00e0 e perdite per testare la capacit\u00e0 della bombola di svolgere la funzione prevista.<\/span><\/p><p style=\"line-height: 18.75pt; background: white; margin: 0cm 0cm 15.0pt 0cm;\"><span style=\"font-size: 13.0pt; font-family: 'Arial',sans-serif; color: #181818;\">La manutenzione e l'ispezione regolari sono fattori critici nella prevenzione di costosi guasti nei progetti di produzione o costruzione. Siamo felici di servirla.<\/span><\/p>\t\t\t\t\t<\/div>\n\t\t\t\t\t\t<\/div>\n\t\t\t\t<\/div>\n\t\t\t\t\t\t<\/div>\n\t\t\t\t\t<\/div>\n\t\t<\/div>\n\t\t\t\t\t\t\t\t<\/div>\n\t\t\t\t\t<\/div>\n\t\t<\/section>\n\t\t\t\t<section class=\"elementor-section elementor-top-section elementor-element elementor-element-341146f elementor-section-boxed elementor-section-height-default elementor-section-height-default\" data-id=\"341146f\" data-element_type=\"section\" data-settings=\"{&quot;_ha_eqh_enable&quot;:false}\">\n\t\t\t\t\t\t<div class=\"elementor-container elementor-column-gap-default\">\n\t\t\t\t\t\t\t<div class=\"elementor-row\">\n\t\t\t\t\t<div class=\"elementor-column elementor-col-100 elementor-top-column elementor-element elementor-element-c45c41c\" data-id=\"c45c41c\" data-element_type=\"column\">\n\t\t\t<div class=\"elementor-column-wrap elementor-element-populated\">\n\t\t\t\t\t\t\t<div class=\"elementor-widget-wrap\">\n\t\t\t\t\t\t<div class=\"elementor-element elementor-element-a5f3870 elementor-widget elementor-widget-spacer\" data-id=\"a5f3870\" data-element_type=\"widget\" data-widget_type=\"spacer.default\">\n\t\t\t\t<div class=\"elementor-widget-container\">\n\t\t\t\t\t<div class=\"elementor-spacer\">\n\t\t\t<div class=\"elementor-spacer-inner\"><\/div>\n\t\t<\/div>\n\t\t\t\t<\/div>\n\t\t\t\t<\/div>\n\t\t\t\t<div class=\"elementor-element elementor-element-a76cd33 elementor-widget elementor-widget-fancy-heading\" data-id=\"a76cd33\" data-element_type=\"widget\" data-widget_type=\"fancy-heading.default\">\n\t\t\t\t<div class=\"elementor-widget-container\">\n\t\t\t\t\t\n\t\t\t<div class=\"section-head left wt-small-separator-outer\">\n\t\t\t\t\t\t\t\t\t<div class=\"wt-small-separator site-text-primary\">\n\t\t\t\t\t\t<div class=\"sep-leaf-left\"><\/div>\n\t\t\t\t\t\t<div>Guarda anche<\/div>\n\t\t\t\t\t\t<div class=\"sep-leaf-right\"><\/div>\n\t\t\t\t\t<\/div>\t\n\t\t\t\t\t\t\t\t\t\n\t\t\t\t<h2><\/h2>\n\t\t\t<\/div>\n\t\t\t\t\t<\/div>\n\t\t\t\t<\/div>\n\t\t\t\t\t\t<\/div>\n\t\t\t\t\t<\/div>\n\t\t<\/div>\n\t\t\t\t\t\t\t\t<\/div>\n\t\t\t\t\t<\/div>\n\t\t<\/section>\n\t\t\t\t<section class=\"elementor-section elementor-top-section elementor-element elementor-element-5fbf4c0 elementor-section-boxed elementor-section-height-default elementor-section-height-default\" data-id=\"5fbf4c0\" data-element_type=\"section\" data-settings=\"{&quot;_ha_eqh_enable&quot;:false}\">\n\t\t\t\t\t\t<div class=\"elementor-container elementor-column-gap-default\">\n\t\t\t\t\t\t\t<div class=\"elementor-row\">\n\t\t\t\t\t<div class=\"elementor-column elementor-col-33 elementor-top-column elementor-element elementor-element-c28796c\" data-id=\"c28796c\" data-element_type=\"column\">\n\t\t\t<div class=\"elementor-column-wrap elementor-element-populated\">\n\t\t\t\t\t\t\t<div class=\"elementor-widget-wrap\">\n\t\t\t\t\t\t<div class=\"elementor-element elementor-element-e4d7623 elementor-widget elementor-widget-ha-creative-button happy-addon ha-creative-button\" data-id=\"e4d7623\" data-element_type=\"widget\" data-widget_type=\"ha-creative-button.default\">\n\t\t\t\t<div class=\"elementor-widget-container\">\n\t\t\t\t\t<div data-magnetic=\"no\" class=\"ha-creative-btn-wrap\">\n\t\t\t<a class=\"ha-creative-btn ha-stl--hermosa ha-eft--exploit\" href=\"https:\/\/mn-flex.com\/it\/cilindri\/remont-cilindara\/\" rel=\"nofollow\"><span>Revisione cilindri<\/span><\/a>\n\t\t<\/div>\t\t<\/div>\n\t\t\t\t<\/div>\n\t\t\t\t\t\t<\/div>\n\t\t\t\t\t<\/div>\n\t\t<\/div>\n\t\t\t\t<div class=\"elementor-column elementor-col-33 elementor-top-column elementor-element elementor-element-6e71c7e\" data-id=\"6e71c7e\" data-element_type=\"column\">\n\t\t\t<div class=\"elementor-column-wrap elementor-element-populated\">\n\t\t\t\t\t\t\t<div class=\"elementor-widget-wrap\">\n\t\t\t\t\t\t<div class=\"elementor-element elementor-element-9d7018f elementor-widget elementor-widget-ha-creative-button happy-addon ha-creative-button\" data-id=\"9d7018f\" data-element_type=\"widget\" data-widget_type=\"ha-creative-button.default\">\n\t\t\t\t<div class=\"elementor-widget-container\">\n\t\t\t\t\t<div data-magnetic=\"no\" class=\"ha-creative-btn-wrap\">\n\t\t\t<a class=\"ha-creative-btn ha-stl--hermosa ha-eft--exploit\" href=\"https:\/\/mn-flex.com\/it\/cilindri\/izrada-novih-cilindara\/\" rel=\"nofollow\"><span>Nuovi cilindri<\/span><\/a>\n\t\t<\/div>\t\t<\/div>\n\t\t\t\t<\/div>\n\t\t\t\t\t\t<\/div>\n\t\t\t\t\t<\/div>\n\t\t<\/div>\n\t\t\t\t<div class=\"elementor-column elementor-col-33 elementor-top-column elementor-element elementor-element-555a836\" data-id=\"555a836\" data-element_type=\"column\">\n\t\t\t<div class=\"elementor-column-wrap elementor-element-populated\">\n\t\t\t\t\t\t\t<div class=\"elementor-widget-wrap\">\n\t\t\t\t\t\t<div class=\"elementor-element elementor-element-03dd0fb elementor-widget elementor-widget-ha-creative-button happy-addon ha-creative-button\" data-id=\"03dd0fb\" data-element_type=\"widget\" data-widget_type=\"ha-creative-button.default\">\n\t\t\t\t<div class=\"elementor-widget-container\">\n\t\t\t\t\t<div data-magnetic=\"no\" class=\"ha-creative-btn-wrap\">\n\t\t\t<a class=\"ha-creative-btn ha-stl--hermosa ha-eft--exploit\" href=\"https:\/\/mn-flex.com\/it\/cilindri\/zaptivke-za-cilindre\/\" rel=\"nofollow\"><span>Foche per i cilindri<\/span><\/a>\n\t\t<\/div>\t\t<\/div>\n\t\t\t\t<\/div>\n\t\t\t\t\t\t<\/div>\n\t\t\t\t\t<\/div>\n\t\t<\/div>\n\t\t\t\t\t\t\t\t<\/div>\n\t\t\t\t\t<\/div>\n\t\t<\/section>\n\t\t\t\t\t\t\t\t\t<\/div>\n\t\t\t<\/div>\n\t\t\t\t\t<\/div>","protected":false},"excerpt":{"rendered":"<p>Hidrauli\u010dni cilindri Remont cilindara Bilo da ste u potrazi za preventivnim remontom cilindra ili imate akutan problem sa hidrauli\u010dnim cilindrom koji treba biti rije\u0161en brzo i kvalitetno uz garanciju na izvr\u0161ene radove, kod nas ste na pravoj adresi. Na\u0161i klijenti vjeruju u dugogodi\u0161nje iskustvo, adekvatnu opremu i jasan proces koji primjenjujemo pri remontu svakog cilindara. [&hellip;]<\/p>","protected":false},"author":4,"featured_media":0,"parent":3271,"menu_order":0,"comment_status":"closed","ping_status":"closed","template":"","meta":{"inline_featured_image":false,"_links_to":"","_links_to_target":""},"acf":[],"_links":{"self":[{"href":"https:\/\/mn-flex.com\/it\/wp-json\/wp\/v2\/pages\/3923"}],"collection":[{"href":"https:\/\/mn-flex.com\/it\/wp-json\/wp\/v2\/pages"}],"about":[{"href":"https:\/\/mn-flex.com\/it\/wp-json\/wp\/v2\/types\/page"}],"author":[{"embeddable":true,"href":"https:\/\/mn-flex.com\/it\/wp-json\/wp\/v2\/users\/4"}],"replies":[{"embeddable":true,"href":"https:\/\/mn-flex.com\/it\/wp-json\/wp\/v2\/comments?post=3923"}],"version-history":[{"count":0,"href":"https:\/\/mn-flex.com\/it\/wp-json\/wp\/v2\/pages\/3923\/revisions"}],"up":[{"embeddable":true,"href":"https:\/\/mn-flex.com\/it\/wp-json\/wp\/v2\/pages\/3271"}],"wp:attachment":[{"href":"https:\/\/mn-flex.com\/it\/wp-json\/wp\/v2\/media?parent=3923"}],"curies":[{"name":"wp","href":"https:\/\/api.w.org\/{rel}","templated":true}]}}