{"id":3923,"date":"2023-09-28T20:01:16","date_gmt":"2023-09-28T18:01:16","guid":{"rendered":"https:\/\/mn-flex.com\/noviSajt\/?page_id=3923"},"modified":"2024-01-04T16:19:58","modified_gmt":"2024-01-04T15:19:58","slug":"remont-cilindara","status":"publish","type":"page","link":"https:\/\/mn-flex.com\/sr\/ponuda\/cilindri\/remont-cilindara\/","title":{"rendered":"\u0420\u0435\u043c\u043e\u043d\u0442 \u0446\u0438\u043b\u0438\u043d\u0434\u0430\u0440\u0430"},"content":{"rendered":"<div data-elementor-type=\"wp-page\" data-elementor-id=\"3923\" class=\"elementor elementor-3923\">\n\t\t\t\t\t\t<div class=\"elementor-inner\">\n\t\t\t\t<div class=\"elementor-section-wrap\">\n\t\t\t\t\t\t\t\t\t<section class=\"elementor-section elementor-top-section elementor-element elementor-element-b14cfb3 elementor-section-boxed elementor-section-height-default elementor-section-height-default\" data-id=\"b14cfb3\" data-element_type=\"section\" data-settings=\"{&quot;_ha_eqh_enable&quot;:false}\">\n\t\t\t\t\t\t<div class=\"elementor-container elementor-column-gap-default\">\n\t\t\t\t\t\t\t<div class=\"elementor-row\">\n\t\t\t\t\t<div class=\"elementor-column elementor-col-100 elementor-top-column elementor-element elementor-element-ae83950\" data-id=\"ae83950\" data-element_type=\"column\">\n\t\t\t<div class=\"elementor-column-wrap elementor-element-populated\">\n\t\t\t\t\t\t\t<div class=\"elementor-widget-wrap\">\n\t\t\t\t\t\t<div class=\"elementor-element elementor-element-17b937c elementor-widget elementor-widget-fancy-heading\" data-id=\"17b937c\" data-element_type=\"widget\" data-widget_type=\"fancy-heading.default\">\n\t\t\t\t<div class=\"elementor-widget-container\">\n\t\t\t\t\t\n\t\t\t<div class=\"section-head left wt-small-separator-outer\">\n\t\t\t\t\t\t\t\t\t<div class=\"wt-small-separator site-text-primary\">\n\t\t\t\t\t\t<div class=\"sep-leaf-left\"><\/div>\n\t\t\t\t\t\t<div>\u0425\u0438\u0434\u0440\u0430\u0443\u043b\u0438\u0447\u043d\u0438 \u0446\u0438\u043b\u0438\u043d\u0434\u0440\u0438<\/div>\n\t\t\t\t\t\t<div class=\"sep-leaf-right\"><\/div>\n\t\t\t\t\t<\/div>\t\n\t\t\t\t\t\t\t\t\t\n\t\t\t\t<h2>\u0420\u0435\u043c\u043e\u043d\u0442 \u0446\u0438\u043b\u0438\u043d\u0434\u0430\u0440\u0430<\/h2>\n\t\t\t<\/div>\n\t\t\t\t\t<\/div>\n\t\t\t\t<\/div>\n\t\t\t\t\t\t<\/div>\n\t\t\t\t\t<\/div>\n\t\t<\/div>\n\t\t\t\t\t\t\t\t<\/div>\n\t\t\t\t\t<\/div>\n\t\t<\/section>\n\t\t\t\t<section class=\"elementor-section elementor-top-section elementor-element elementor-element-8f793d1 elementor-section-boxed elementor-section-height-default elementor-section-height-default\" data-id=\"8f793d1\" data-element_type=\"section\" data-settings=\"{&quot;_ha_eqh_enable&quot;:false}\">\n\t\t\t\t\t\t<div class=\"elementor-container elementor-column-gap-default\">\n\t\t\t\t\t\t\t<div class=\"elementor-row\">\n\t\t\t\t\t<div class=\"elementor-column elementor-col-50 elementor-top-column elementor-element elementor-element-a755596\" data-id=\"a755596\" data-element_type=\"column\">\n\t\t\t<div class=\"elementor-column-wrap elementor-element-populated\">\n\t\t\t\t\t\t\t<div class=\"elementor-widget-wrap\">\n\t\t\t\t\t\t<div class=\"elementor-element elementor-element-fae77f0 elementor-widget elementor-widget-image\" data-id=\"fae77f0\" data-element_type=\"widget\" data-widget_type=\"image.default\">\n\t\t\t\t<div class=\"elementor-widget-container\">\n\t\t\t\t\t\t\t\t<div class=\"elementor-image\">\n\t\t\t\t\t\t\t\t\t\t\t\t<img decoding=\"async\" width=\"800\" height=\"546\" src=\"https:\/\/mn-flex.com\/wp-content\/uploads\/2023\/10\/izrada2_cilindara_doboj.jpg\" class=\"attachment-full size-full wp-image-4927\" alt=\"\" loading=\"lazy\" srcset=\"https:\/\/mn-flex.com\/wp-content\/uploads\/2023\/10\/izrada2_cilindara_doboj.jpg 800w, https:\/\/mn-flex.com\/wp-content\/uploads\/2023\/10\/izrada2_cilindara_doboj-300x205.jpg 300w, https:\/\/mn-flex.com\/wp-content\/uploads\/2023\/10\/izrada2_cilindara_doboj-768x524.jpg 768w, https:\/\/mn-flex.com\/wp-content\/uploads\/2023\/10\/izrada2_cilindara_doboj-18x12.jpg 18w\" sizes=\"(max-width: 800px) 100vw, 800px\" \/>\t\t\t\t\t\t\t\t\t\t\t\t\t\t<\/div>\n\t\t\t\t\t\t<\/div>\n\t\t\t\t<\/div>\n\t\t\t\t<div class=\"elementor-element elementor-element-c0044e1 elementor-widget elementor-widget-image\" data-id=\"c0044e1\" data-element_type=\"widget\" data-widget_type=\"image.default\">\n\t\t\t\t<div class=\"elementor-widget-container\">\n\t\t\t\t\t\t\t\t<div class=\"elementor-image\">\n\t\t\t\t\t\t\t\t\t\t\t\t<img decoding=\"async\" width=\"580\" height=\"331\" src=\"https:\/\/mn-flex.com\/wp-content\/uploads\/2023\/09\/remont_cilindara_bosna.jpg\" class=\"attachment-large size-large wp-image-3932\" alt=\"\" loading=\"lazy\" srcset=\"https:\/\/mn-flex.com\/wp-content\/uploads\/2023\/09\/remont_cilindara_bosna.jpg 1000w, https:\/\/mn-flex.com\/wp-content\/uploads\/2023\/09\/remont_cilindara_bosna-300x171.jpg 300w, https:\/\/mn-flex.com\/wp-content\/uploads\/2023\/09\/remont_cilindara_bosna-768x438.jpg 768w, https:\/\/mn-flex.com\/wp-content\/uploads\/2023\/09\/remont_cilindara_bosna-18x10.jpg 18w\" sizes=\"(max-width: 580px) 100vw, 580px\" \/>\t\t\t\t\t\t\t\t\t\t\t\t\t\t<\/div>\n\t\t\t\t\t\t<\/div>\n\t\t\t\t<\/div>\n\t\t\t\t\t\t<\/div>\n\t\t\t\t\t<\/div>\n\t\t<\/div>\n\t\t\t\t<div class=\"elementor-column elementor-col-50 elementor-top-column elementor-element elementor-element-7ac4866\" data-id=\"7ac4866\" data-element_type=\"column\">\n\t\t\t<div class=\"elementor-column-wrap elementor-element-populated\">\n\t\t\t\t\t\t\t<div class=\"elementor-widget-wrap\">\n\t\t\t\t\t\t<div class=\"elementor-element elementor-element-aca2cf1 elementor-widget elementor-widget-text-editor\" data-id=\"aca2cf1\" data-element_type=\"widget\" data-widget_type=\"text-editor.default\">\n\t\t\t\t<div class=\"elementor-widget-container\">\n\t\t\t\t\t\t\t\t<div class=\"elementor-text-editor elementor-clearfix\">\n\t\t\t\t<p style=\"line-height: 18.75pt; background: white; margin: 0cm 0cm 15.0pt 0cm;\"><span style=\"font-size: 13.0pt; font-family: 'Arial',sans-serif; color: #181818;\">\u0411\u0438\u043b\u043e \u0434\u0430 \u0441\u0442\u0435 \u0443 \u043f\u043e\u0442\u0440\u0430\u0437\u0438 \u0437\u0430 \u043f\u0440\u0435\u0432\u0435\u043d\u0442\u0438\u0432\u043d\u0438\u043c \u0440\u0435\u043c\u043e\u043d\u0442\u043e\u043c \u0446\u0438\u043b\u0438\u043d\u0434\u0440\u0430 \u0438\u043b\u0438 \u0438\u043c\u0430\u0442\u0435 \u0430\u043a\u0443\u0442\u0430\u043d \u043f\u0440\u043e\u0431\u043b\u0435\u043c \u0441\u0430 \u0445\u0438\u0434\u0440\u0430\u0443\u043b\u0438\u0447\u043d\u0438\u043c \u0446\u0438\u043b\u0438\u043d\u0434\u0440\u043e\u043c \u043a\u043e\u0458\u0438 \u0442\u0440\u0435\u0431\u0430 \u0431\u0438\u0442\u0438 \u0440\u0435\u0448\u0435\u043d \u0431\u0440\u0437\u043e \u0438 \u043a\u0432\u0430\u043b\u0438\u0442\u0435\u0442\u043d\u043e \u0443\u0437 \u0433\u0430\u0440\u0430\u043d\u0446\u0438\u0458\u0443 \u043d\u0430 \u0438\u0437\u0432\u0440\u0448\u0435\u043d\u0435 \u0440\u0430\u0434\u043e\u0432\u0435, \u043a\u043e\u0434 \u043d\u0430\u0441 \u0441\u0442\u0435 \u043d\u0430 \u043f\u0440\u0430\u0432\u043e\u0458 \u0430\u0434\u0440\u0435\u0441\u0438.<\/span><\/p><p style=\"line-height: 18.75pt; background: white; box-sizing: border-box; font-variant-ligatures: normal; font-variant-caps: normal; orphans: 2; widows: 2; -webkit-text-stroke-width: 0px; text-decoration-thickness: initial; text-decoration-style: initial; text-decoration-color: initial; word-spacing: 0px; margin: 0cm 0cm 15.0pt 0cm;\"><span style=\"font-size: 13.0pt; font-family: 'Arial',sans-serif; color: #181818;\">\u041d\u0430\u0448\u0438 \u043a\u043b\u0438\u0458\u0435\u043d\u0442\u0438 \u0432\u0435\u0440\u0443\u0458\u0443 \u0443 \u0434\u0443\u0433\u043e\u0433\u043e\u0434\u0438\u0448\u045a\u0435 \u0438\u0441\u043a\u0443\u0441\u0442\u0432\u043e, \u0430\u0434\u0435\u043a\u0432\u0430\u0442\u043d\u0443 \u043e\u043f\u0440\u0435\u043c\u0443 \u0438 \u0458\u0430\u0441\u0430\u043d \u043f\u0440\u043e\u0446\u0435\u0441 \u043a\u043e\u0458\u0438 \u043f\u0440\u0438\u043c\u0435\u045a\u0443\u0458\u0435\u043c\u043e \u043f\u0440\u0438 \u0440\u0435\u043c\u043e\u043d\u0442\u0443 \u0441\u0432\u0430\u043a\u043e\u0433 \u0446\u0438\u043b\u0438\u043d\u0434\u0430\u0440\u0430.<\/span><\/p><p style=\"line-height: 18.75pt; background: white; box-sizing: border-box; font-variant-ligatures: normal; font-variant-caps: normal; orphans: 2; widows: 2; -webkit-text-stroke-width: 0px; text-decoration-thickness: initial; text-decoration-style: initial; text-decoration-color: initial; word-spacing: 0px; margin: 0cm 0cm 15.0pt 0cm;\"><span style=\"font-size: 13.0pt; font-family: 'Arial',sans-serif; color: #181818;\">\u041f\u0440\u0432\u043e, \u0445\u0438\u0434\u0440\u0430\u0443\u043b\u0438\u0447\u043d\u0438 \u0446\u0438\u043b\u0438\u043d\u0434\u0440\u0438 \u043c\u043e\u0440\u0430\u0458\u0443 \u0431\u0438\u0442\u0438 \u043f\u0430\u0436\u0459\u0438\u0432\u043e \u0434\u0435\u043c\u043e\u043d\u0442\u0438\u0440\u0430\u043d\u0438 \u043a\u0430\u043a\u043e \u0431\u0438 \u0441\u0435 \u0443\u0442\u0432\u0440\u0434\u0438\u043b\u0430 \u043f\u0440\u0438\u0440\u043e\u0434\u0430 \u043f\u0440\u043e\u0431\u043b\u0435\u043c\u0430 \u0438 \u043e\u0431\u0438\u043c \u0440\u0435\u043c\u043e\u043d\u0442\u0430. \u041e\u0432\u043e \u0443\u043a\u0459\u0443\u0447\u0443\u0458\u0435 \u0443\u043a\u043b\u0430\u045a\u0430\u045a\u0435 \u0437\u0430\u043f\u0442\u0438\u0432\u043a\u0438, \u043a\u043b\u0438\u043f\u045a\u0430\u0447\u0435 \u0438 \u0434\u0440\u0443\u0433\u0438\u0445 \u0434\u0438\u0458\u0435\u043b\u043e\u0432\u0430 \u043a\u0430\u043a\u043e \u0431\u0438 \u0441\u0435 \u043f\u0440\u0438\u0441\u0442\u0443\u043f\u0438\u043b\u043e \u0443\u043d\u0443\u0442\u0440\u0430\u0448\u045a\u0438\u043c \u043a\u043e\u043c\u043f\u043e\u043d\u0435\u043d\u0442\u0430\u043c\u0430 \u0446\u0438\u043b\u0438\u043d\u0434\u0440\u0430.<\/span><\/p><p style=\"line-height: 18.75pt; background: white; box-sizing: border-box; font-variant-ligatures: normal; font-variant-caps: normal; orphans: 2; widows: 2; -webkit-text-stroke-width: 0px; text-decoration-thickness: initial; text-decoration-style: initial; text-decoration-color: initial; word-spacing: 0px; margin: 0cm 0cm 15.0pt 0cm;\"><span style=\"font-size: 13.0pt; font-family: 'Arial',sans-serif; color: #181818;\">\u041d\u0430\u043a\u043e\u043d \u0434\u0435\u043c\u043e\u043d\u0442\u0430\u0436\u0435, \u043f\u0440\u043e\u0432\u043e\u0434\u0438 \u0441\u0435 \u0442\u0435\u043c\u0435\u0459\u043d\u0430 \u0438\u043d\u0441\u043f\u0435\u043a\u0446\u0438\u0458\u0430 \u0441\u0432\u0438\u0445 \u0434\u0435\u043b\u043e\u0432\u0430 \u043a\u0430\u043a\u043e \u0431\u0438 \u0441\u0435 \u0443\u0442\u0432\u0440\u0434\u0438\u043b\u043e \u0448\u0442\u043e \u0442\u0440\u0435\u0431\u0430 \u043f\u043e\u043f\u0440\u0430\u0432\u0438\u0442\u0438 \u0438\u043b\u0438 \u0437\u0430\u043c\u0435\u043d\u0438\u0442\u0438. \u041e\u0448\u0442\u0435\u045b\u0435\u043d\u0435 \u0437\u0430\u043f\u0442\u0438\u0432\u043a\u0435, \u043a\u043b\u0438\u043f\u043e\u0432\u0438, \u0446\u0438\u0458\u0435\u0432\u0438 \u0438 \u0434\u0440\u0443\u0433\u0435 \u043a\u043e\u043c\u043f\u043e\u043d\u0435\u043d\u0442\u0435 \u043c\u043e\u0440\u0430\u0458\u0443 \u0441\u0435 \u0437\u0430\u043c\u0435\u043d\u0438\u0442\u0438 \u043a\u0430\u043a\u043e \u0431\u0438 \u0441\u0435 \u043e\u0441\u0438\u0433\u0443\u0440\u0430\u043b\u043e \u0434\u0430 \u0446\u0438\u043b\u0438\u043d\u0434\u0430\u0440 \u043f\u043e\u043d\u043e\u0432\u043d\u043e \u0440\u0430\u0434\u0438 \u043e\u043f\u0442\u0438\u043c\u0430\u043b\u043d\u043e.<\/span><\/p><p style=\"line-height: 18.75pt; background: white; box-sizing: border-box; font-variant-ligatures: normal; font-variant-caps: normal; orphans: 2; widows: 2; -webkit-text-stroke-width: 0px; text-decoration-thickness: initial; text-decoration-style: initial; text-decoration-color: initial; word-spacing: 0px; margin: 0cm 0cm 15.0pt 0cm;\"><span style=\"font-size: 13.0pt; font-family: 'Arial',sans-serif; color: #181818;\">\u041d\u0430\u043a\u043e\u043d \u0437\u0430\u043c\u0435\u043d\u0435 \u043e\u0448\u0442\u0435\u045b\u0435\u043d\u0438\u0445 \u0434\u0435\u043b\u043e\u0432\u0430, \u0441\u043b\u0435\u0434\u0438 \u043c\u043e\u043d\u0442\u0430\u0436\u0430 \u0438 \u043a\u0430\u043b\u0438\u0431\u0440\u0430\u0446\u0438\u0458\u0430 \u0446\u0438\u043b\u0438\u043d\u0434\u0440\u0430. \u041f\u0440\u0430\u0432\u0438\u043b\u043d\u043e \u043f\u043e\u0441\u0442\u0430\u0432\u0459\u0430\u045a\u0435 \u0438 \u043f\u043e\u0434\u0435\u0448\u0430\u0432\u0430\u045a\u0435 \u0432\u0435\u043d\u0442\u0438\u043b\u0430, \u0441\u043f\u043e\u0458\u043d\u0438\u0446\u0430 \u0438 \u0434\u0440\u0443\u0433\u0438\u0445 \u043a\u043e\u043c\u043f\u043e\u043d\u0435\u043d\u0430\u0442\u0430 \u043a\u0459\u0443\u0447\u043d\u043e \u0458\u0435 \u0437\u0430 \u0441\u0438\u0433\u0443\u0440\u0430\u043d \u0438 \u043f\u043e\u0443\u0437\u0434\u0430\u043d \u0440\u0430\u0434 \u0446\u0438\u043b\u0438\u043d\u0434\u0440\u0430.<\/span><\/p><p style=\"line-height: 18.75pt; background: white; box-sizing: border-box; font-variant-ligatures: normal; font-variant-caps: normal; orphans: 2; widows: 2; -webkit-text-stroke-width: 0px; text-decoration-thickness: initial; text-decoration-style: initial; text-decoration-color: initial; word-spacing: 0px; margin: 0cm 0cm 15.0pt 0cm;\"><span style=\"font-size: 13.0pt; font-family: 'Arial',sans-serif; color: #181818;\">\u0423 \u0437\u0430\u0432\u0440\u0448\u043d\u043e\u043c \u043a\u043e\u0440\u0430\u043a\u0443 \u0440\u0435\u043c\u043e\u043d\u0442\u0430 \u0441\u0432\u0430\u043a\u0438 \u0445\u0438\u0434\u0440\u0430\u0443\u043b\u0438\u0447\u043d\u0438 \u0446\u0438\u043b\u0438\u043d\u0434\u0430\u0440 \u0441\u0435 \u043f\u043e\u0434\u0432\u0440\u0433\u0430\u0432\u0430 \u0442\u0435\u0441\u0442\u0438\u0440\u0430\u045a\u0443 \u043a\u0430\u043a\u043e \u0431\u0438 \u0441\u0435 \u043f\u0440\u043e\u0432\u0435\u0440\u0438\u043b\u0430 \u045a\u0435\u0433\u043e\u0432\u0430 \u0444\u0443\u043d\u043a\u0446\u0438\u043e\u043d\u0430\u043b\u043d\u043e\u0441\u0442 \u0438 \u043f\u043e\u0443\u0437\u0434\u0430\u043d\u043e\u0441\u0442. \u041e\u0432\u043e \u0443\u043a\u0459\u0443\u0447\u0443\u0458\u0435 \u0438\u0441\u043f\u0438\u0442\u0438\u0432\u0430\u045a\u0435 \u043f\u0440\u0438\u0442\u0438\u0441\u043a\u0430, \u0431\u0440\u0437\u0438\u043d\u0435 \u0438 \u0437\u0430\u043f\u0442\u0438\u0432\u0430\u045a\u0430 \u043e\u0434\u043d\u043e\u0441\u043d\u043e \u0441\u043f\u043e\u0441\u043e\u0431\u043d\u043e\u0441\u0442\u0438 \u0446\u0438\u043b\u0438\u043d\u0434\u0440\u0430 \u0434\u0430 \u043e\u0431\u0430\u0432\u0459\u0430 \u0441\u0432\u043e\u0458\u0443 \u043d\u0430\u043c\u0435\u045a\u0435\u043d\u0443 \u0444\u0443\u043d\u043a\u0446\u0438\u0458\u0443.<\/span><\/p><p style=\"line-height: 18.75pt; background: white; margin: 0cm 0cm 15.0pt 0cm;\"><span style=\"font-size: 13.0pt; font-family: 'Arial',sans-serif; color: #181818;\">\u0420\u0435\u0434\u043e\u0432\u043d\u043e \u043e\u0434\u0440\u0436\u0430\u0432\u0430\u045a\u0435 \u0438 \u043f\u0440\u043e\u0432\u0435\u0440\u0430 \u0441\u0443 \u043a\u0459\u0443\u0447\u043d\u0438 \u0444\u0430\u043a\u0442\u043e\u0440\u0438 \u0437\u0430 \u0441\u043f\u0440\u0435\u0447\u0430\u0432\u0430\u045a\u0435 \u0441\u043a\u0443\u043f\u0438\u0445 \u0437\u0430\u0441\u0442\u043e\u0458\u0430 \u0443 \u043f\u0440\u043e\u0438\u0437\u0432\u043e\u0434\u045a\u0438 \u0438\u043b\u0438 \u0433\u0440\u0430\u0452\u0435\u0432\u0438\u043d\u0441\u043a\u0438\u043c \u043f\u0440\u043e\u0458\u0435\u043a\u0442\u0438\u043c\u0430. \u041c\u0438 \u0412\u0430\u043c \u0440\u0430\u0434\u043e \u0441\u0442\u043e\u0458\u0438\u043c\u043e \u043d\u0430 \u0443\u0441\u043b\u0443\u0437\u0438.<\/span><\/p>\t\t\t\t\t<\/div>\n\t\t\t\t\t\t<\/div>\n\t\t\t\t<\/div>\n\t\t\t\t\t\t<\/div>\n\t\t\t\t\t<\/div>\n\t\t<\/div>\n\t\t\t\t\t\t\t\t<\/div>\n\t\t\t\t\t<\/div>\n\t\t<\/section>\n\t\t\t\t<section class=\"elementor-section elementor-top-section elementor-element elementor-element-341146f elementor-section-boxed elementor-section-height-default elementor-section-height-default\" data-id=\"341146f\" data-element_type=\"section\" data-settings=\"{&quot;_ha_eqh_enable&quot;:false}\">\n\t\t\t\t\t\t<div class=\"elementor-container elementor-column-gap-default\">\n\t\t\t\t\t\t\t<div class=\"elementor-row\">\n\t\t\t\t\t<div class=\"elementor-column elementor-col-100 elementor-top-column elementor-element elementor-element-c45c41c\" data-id=\"c45c41c\" data-element_type=\"column\">\n\t\t\t<div class=\"elementor-column-wrap elementor-element-populated\">\n\t\t\t\t\t\t\t<div class=\"elementor-widget-wrap\">\n\t\t\t\t\t\t<div class=\"elementor-element elementor-element-a5f3870 elementor-widget elementor-widget-spacer\" data-id=\"a5f3870\" data-element_type=\"widget\" data-widget_type=\"spacer.default\">\n\t\t\t\t<div class=\"elementor-widget-container\">\n\t\t\t\t\t<div class=\"elementor-spacer\">\n\t\t\t<div class=\"elementor-spacer-inner\"><\/div>\n\t\t<\/div>\n\t\t\t\t<\/div>\n\t\t\t\t<\/div>\n\t\t\t\t<div class=\"elementor-element elementor-element-a76cd33 elementor-widget elementor-widget-fancy-heading\" data-id=\"a76cd33\" data-element_type=\"widget\" data-widget_type=\"fancy-heading.default\">\n\t\t\t\t<div class=\"elementor-widget-container\">\n\t\t\t\t\t\n\t\t\t<div class=\"section-head left wt-small-separator-outer\">\n\t\t\t\t\t\t\t\t\t<div class=\"wt-small-separator site-text-primary\">\n\t\t\t\t\t\t<div class=\"sep-leaf-left\"><\/div>\n\t\t\t\t\t\t<div>\u041f\u043e\u0433\u043b\u0435\u0434\u0430\u0458\u0442\u0435 \u0442\u0430\u043a\u043e\u0452\u0435<\/div>\n\t\t\t\t\t\t<div class=\"sep-leaf-right\"><\/div>\n\t\t\t\t\t<\/div>\t\n\t\t\t\t\t\t\t\t\t\n\t\t\t\t<h2><\/h2>\n\t\t\t<\/div>\n\t\t\t\t\t<\/div>\n\t\t\t\t<\/div>\n\t\t\t\t\t\t<\/div>\n\t\t\t\t\t<\/div>\n\t\t<\/div>\n\t\t\t\t\t\t\t\t<\/div>\n\t\t\t\t\t<\/div>\n\t\t<\/section>\n\t\t\t\t<section class=\"elementor-section elementor-top-section elementor-element elementor-element-5fbf4c0 elementor-section-boxed elementor-section-height-default elementor-section-height-default\" data-id=\"5fbf4c0\" data-element_type=\"section\" data-settings=\"{&quot;_ha_eqh_enable&quot;:false}\">\n\t\t\t\t\t\t<div class=\"elementor-container elementor-column-gap-default\">\n\t\t\t\t\t\t\t<div class=\"elementor-row\">\n\t\t\t\t\t<div class=\"elementor-column elementor-col-33 elementor-top-column elementor-element elementor-element-c28796c\" data-id=\"c28796c\" data-element_type=\"column\">\n\t\t\t<div class=\"elementor-column-wrap elementor-element-populated\">\n\t\t\t\t\t\t\t<div class=\"elementor-widget-wrap\">\n\t\t\t\t\t\t<div class=\"elementor-element elementor-element-e4d7623 elementor-widget elementor-widget-ha-creative-button happy-addon ha-creative-button\" data-id=\"e4d7623\" data-element_type=\"widget\" data-widget_type=\"ha-creative-button.default\">\n\t\t\t\t<div class=\"elementor-widget-container\">\n\t\t\t\t\t<div data-magnetic=\"no\" class=\"ha-creative-btn-wrap\">\n\t\t\t<a class=\"ha-creative-btn ha-stl--hermosa ha-eft--exploit\" href=\"https:\/\/mn-flex.com\/sr\/cilindri\/remont-cilindara\/\" rel=\"nofollow\"><span>\u0420\u0435\u043c\u043e\u043d\u0442 \u0446\u0438\u043b\u0438\u043d\u0434\u0430\u0440\u0430<\/span><\/a>\n\t\t<\/div>\t\t<\/div>\n\t\t\t\t<\/div>\n\t\t\t\t\t\t<\/div>\n\t\t\t\t\t<\/div>\n\t\t<\/div>\n\t\t\t\t<div class=\"elementor-column elementor-col-33 elementor-top-column elementor-element elementor-element-6e71c7e\" data-id=\"6e71c7e\" data-element_type=\"column\">\n\t\t\t<div class=\"elementor-column-wrap elementor-element-populated\">\n\t\t\t\t\t\t\t<div class=\"elementor-widget-wrap\">\n\t\t\t\t\t\t<div class=\"elementor-element elementor-element-9d7018f elementor-widget elementor-widget-ha-creative-button happy-addon ha-creative-button\" data-id=\"9d7018f\" data-element_type=\"widget\" data-widget_type=\"ha-creative-button.default\">\n\t\t\t\t<div class=\"elementor-widget-container\">\n\t\t\t\t\t<div data-magnetic=\"no\" class=\"ha-creative-btn-wrap\">\n\t\t\t<a class=\"ha-creative-btn ha-stl--hermosa ha-eft--exploit\" href=\"https:\/\/mn-flex.com\/sr\/cilindri\/izrada-novih-cilindara\/\" rel=\"nofollow\"><span>\u041d\u043e\u0432\u0438 \u0446\u0438\u043b\u0438\u043d\u0434\u0440\u0438<\/span><\/a>\n\t\t<\/div>\t\t<\/div>\n\t\t\t\t<\/div>\n\t\t\t\t\t\t<\/div>\n\t\t\t\t\t<\/div>\n\t\t<\/div>\n\t\t\t\t<div class=\"elementor-column elementor-col-33 elementor-top-column elementor-element elementor-element-555a836\" data-id=\"555a836\" data-element_type=\"column\">\n\t\t\t<div class=\"elementor-column-wrap elementor-element-populated\">\n\t\t\t\t\t\t\t<div class=\"elementor-widget-wrap\">\n\t\t\t\t\t\t<div class=\"elementor-element elementor-element-03dd0fb elementor-widget elementor-widget-ha-creative-button happy-addon ha-creative-button\" data-id=\"03dd0fb\" data-element_type=\"widget\" data-widget_type=\"ha-creative-button.default\">\n\t\t\t\t<div class=\"elementor-widget-container\">\n\t\t\t\t\t<div data-magnetic=\"no\" class=\"ha-creative-btn-wrap\">\n\t\t\t<a class=\"ha-creative-btn ha-stl--hermosa ha-eft--exploit\" href=\"https:\/\/mn-flex.com\/sr\/cilindri\/zaptivke-za-cilindre\/\" rel=\"nofollow\"><span>\u0417\u0430\u043f\u0442\u0438\u0432\u043a\u0435 \u0437\u0430 \u0446\u0438\u043b\u0438\u043d\u0434\u0440\u0435<\/span><\/a>\n\t\t<\/div>\t\t<\/div>\n\t\t\t\t<\/div>\n\t\t\t\t\t\t<\/div>\n\t\t\t\t\t<\/div>\n\t\t<\/div>\n\t\t\t\t\t\t\t\t<\/div>\n\t\t\t\t\t<\/div>\n\t\t<\/section>\n\t\t\t\t\t\t\t\t\t<\/div>\n\t\t\t<\/div>\n\t\t\t\t\t<\/div>","protected":false},"excerpt":{"rendered":"<p>Hidrauli\u010dni cilindri Remont cilindara Bilo da ste u potrazi za preventivnim remontom cilindra ili imate akutan problem sa hidrauli\u010dnim cilindrom koji treba biti rije\u0161en brzo i kvalitetno uz garanciju na izvr\u0161ene radove, kod nas ste na pravoj adresi. Na\u0161i klijenti vjeruju u dugogodi\u0161nje iskustvo, adekvatnu opremu i jasan proces koji primjenjujemo pri remontu svakog cilindara. [&hellip;]<\/p>","protected":false},"author":4,"featured_media":0,"parent":3271,"menu_order":0,"comment_status":"closed","ping_status":"closed","template":"","meta":{"inline_featured_image":false,"_links_to":"","_links_to_target":""},"acf":[],"_links":{"self":[{"href":"https:\/\/mn-flex.com\/sr\/wp-json\/wp\/v2\/pages\/3923"}],"collection":[{"href":"https:\/\/mn-flex.com\/sr\/wp-json\/wp\/v2\/pages"}],"about":[{"href":"https:\/\/mn-flex.com\/sr\/wp-json\/wp\/v2\/types\/page"}],"author":[{"embeddable":true,"href":"https:\/\/mn-flex.com\/sr\/wp-json\/wp\/v2\/users\/4"}],"replies":[{"embeddable":true,"href":"https:\/\/mn-flex.com\/sr\/wp-json\/wp\/v2\/comments?post=3923"}],"version-history":[{"count":0,"href":"https:\/\/mn-flex.com\/sr\/wp-json\/wp\/v2\/pages\/3923\/revisions"}],"up":[{"embeddable":true,"href":"https:\/\/mn-flex.com\/sr\/wp-json\/wp\/v2\/pages\/3271"}],"wp:attachment":[{"href":"https:\/\/mn-flex.com\/sr\/wp-json\/wp\/v2\/media?parent=3923"}],"curies":[{"name":"wp","href":"https:\/\/api.w.org\/{rel}","templated":true}]}}